{"id":3070,"date":"2020-03-12T16:42:22","date_gmt":"2020-03-12T16:42:22","guid":{"rendered":"https:\/\/blogsaverroes.juntadeandalucia.es\/ceipsanblas\/?page_id=3070"},"modified":"2022-02-12T17:56:04","modified_gmt":"2022-02-12T17:56:04","slug":"curso-2-019-2-020","status":"publish","type":"page","link":"https:\/\/blogsaverroes.juntadeandalucia.es\/ceipsanblas\/galeria\/curso-2-019-2-020\/","title":{"rendered":"CURSO 2019\/2020"},"content":{"rendered":"<ul>\n<li><a href=\"https:\/\/photos.app.goo.gl\/9SnK8SzRg2JmXBQU9\">Halloween 2.019<\/a><\/li>\n<li><a href=\"https:\/\/photos.app.goo.gl\/jrG2CmnxG8nnUstVA\">D\u00eda de la Paz&nbsp;<\/a><\/li>\n<li><a href=\"https:\/\/photos.app.goo.gl\/341pN6LykjYa8iAT8\">Excursi\u00f3n a los Reales Alc\u00e1zares de Sevilla<\/a><\/li>\n<li><a href=\"https:\/\/photos.app.goo.gl\/597CPgiHdhhYFmGi7\">Easter eggs<\/a><\/li>\n<li><a href=\"https:\/\/photos.app.goo.gl\/Yf5F6GSobUgzHp1KA\">Excursi\u00f3n Sierra Nevada<\/a><\/li>\n<li><a href=\"https:\/\/photos.app.goo.gl\/rqCLkswo9wyo8vSFA\">Carnaval<\/a><\/li>\n<\/ul>\n","protected":false},"excerpt":{"rendered":"<p>Halloween 2.019 D\u00eda de la Paz&nbsp; Excursi\u00f3n a los Reales Alc\u00e1zares de Sevilla Easter eggs Excursi\u00f3n Sierra Nevada Carnaval<\/p>\n","protected":false},"author":5613,"featured_media":0,"parent":2347,"menu_order":0,"comment_status":"closed","ping_status":"closed","template":"","meta":{"ngg_post_thumbnail":0,"footnotes":"","_mc_calendar":[]},"aioseo_notices":[],"_links":{"self":[{"href":"https:\/\/blogsaverroes.juntadeandalucia.es\/ceipsanblas\/wp-json\/wp\/v2\/pages\/3070"}],"collection":[{"href":"https:\/\/blogsaverroes.juntadeandalucia.es\/ceipsanblas\/wp-json\/wp\/v2\/pages"}],"about":[{"href":"https:\/\/blogsaverroes.juntadeandalucia.es\/ceipsanblas\/wp-json\/wp\/v2\/types\/page"}],"author":[{"embeddable":true,"href":"https:\/\/blogsaverroes.juntadeandalucia.es\/ceipsanblas\/wp-json\/wp\/v2\/users\/5613"}],"replies":[{"embeddable":true,"href":"https:\/\/blogsaverroes.juntadeandalucia.es\/ceipsanblas\/wp-json\/wp\/v2\/comments?post=3070"}],"version-history":[{"count":11,"href":"https:\/\/blogsaverroes.juntadeandalucia.es\/ceipsanblas\/wp-json\/wp\/v2\/pages\/3070\/revisions"}],"predecessor-version":[{"id":3639,"href":"https:\/\/blogsaverroes.juntadeandalucia.es\/ceipsanblas\/wp-json\/wp\/v2\/pages\/3070\/revisions\/3639"}],"up":[{"embeddable":true,"href":"https:\/\/blogsaverroes.juntadeandalucia.es\/ceipsanblas\/wp-json\/wp\/v2\/pages\/2347"}],"wp:attachment":[{"href":"https:\/\/blogsaverroes.juntadeandalucia.es\/ceipsanblas\/wp-json\/wp\/v2\/media?parent=3070"}],"curies":[{"name":"wp","href":"https:\/\/api.w.org\/{rel}","templated":true}]}}