{"id":3312,"date":"2020-11-28T20:06:35","date_gmt":"2020-11-28T20:06:35","guid":{"rendered":"https:\/\/blogsaverroes.juntadeandalucia.es\/ceipsanblas\/?page_id=3312"},"modified":"2021-10-30T11:55:50","modified_gmt":"2021-10-30T11:55:50","slug":"gsuite","status":"publish","type":"page","link":"https:\/\/blogsaverroes.juntadeandalucia.es\/ceipsanblas\/gsuite\/","title":{"rendered":"GSUITE"},"content":{"rendered":"<ul>\n<li><a href=\"https:\/\/drive.google.com\/file\/d\/165sfxUj3UTrbxVUA_P7R7l2_wStz4Bvb\/view?usp=sharing\">POL\u00cdTICAS DE USO CUENTAS GSUITE.<\/a><\/li>\n<li><a href=\"https:\/\/drive.google.com\/file\/d\/1TxAX3eItAprOfpfJELyqLN0mBjcTdthL\/view?usp=sharing\">DOC. ACEPTACI\u00d3N DE LAS POL\u00cdTICAS DE USO DE CUENTA.<\/a><\/li>\n<\/ul>\n<p>LOS SIGUIENTES ENLACES CONTIENEN ARCHIVOS, TUTORIALES, V\u00cdDEOS, ETC. DE AYUDA PARA EL MANEJO DE LA G SUITE:<\/p>\n<ul style=\"list-style-type: circle\">\n<li><a href=\"https:\/\/drive.google.com\/file\/d\/1NI-qyQqTlvFJcnSI2Bu1sQEcrFf_Swl4\/view?usp=sharing\">Tutorial para subir una tarea a Classroom.<\/a><\/li>\n<li><a href=\"https:\/\/youtu.be\/_Cb0fUr3af0\">Tutorial CamScanner<\/a><\/li>\n<li><a href=\"https:\/\/blogsaverroes.juntadeandalucia.es\/ceipsanblas\/files\/2021\/01\/Conociendo-CLASSROOM.docx.pdf\">Conociendo Classroom<\/a><\/li>\n<li><a href=\"https:\/\/drive.google.com\/file\/d\/12t45GkeJupBYFQSgEV1LmIcRst107ueP\/view?usp=sharing\">Tutorial Classroom ordenador Beato<\/a><\/li>\n<li><a href=\"https:\/\/youtu.be\/KicJxzmwf1g\">Tutorial Permisos en Classroom.<\/a><\/li>\n<li><a href=\"https:\/\/drive.google.com\/file\/d\/13-tPqtzaNyHsC_HgTHSF7S_RaKDghiSf\/view?usp=sharing\">Tutorial Classroom m\u00f3vil Beato<\/a><\/li>\n<li><a href=\"https:\/\/youtu.be\/5eMJFQnDlms\">Tutorial CamScanner y enviar a Classroom<\/a><\/li>\n<li><a href=\"https:\/\/youtu.be\/wURmHGkLrPs\">Tutorial Jamboard 1<\/a><\/li>\n<li><a href=\"https:\/\/youtu.be\/JS9mx4_xJuM\">Tutorial Jamboard 2<\/a><\/li>\n<\/ul>\n<p><img loading=\"lazy\" decoding=\"async\" class=\"aligncenter size-full wp-image-3313\" src=\"https:\/\/blogsaverroes.juntadeandalucia.es\/ceipsanblas\/files\/2020\/11\/descarga.png\" alt=\"\" width=\"318\" height=\"159\" srcset=\"https:\/\/blogsaverroes.juntadeandalucia.es\/ceipsanblas\/files\/2020\/11\/descarga.png 318w, https:\/\/blogsaverroes.juntadeandalucia.es\/ceipsanblas\/files\/2020\/11\/descarga-300x150.png 300w, https:\/\/blogsaverroes.juntadeandalucia.es\/ceipsanblas\/files\/2020\/11\/descarga-24x12.png 24w, https:\/\/blogsaverroes.juntadeandalucia.es\/ceipsanblas\/files\/2020\/11\/descarga-36x18.png 36w, https:\/\/blogsaverroes.juntadeandalucia.es\/ceipsanblas\/files\/2020\/11\/descarga-48x24.png 48w\" sizes=\"(max-width: 318px) 100vw, 318px\" \/><\/p>\n","protected":false},"excerpt":{"rendered":"<p>POL\u00cdTICAS DE USO CUENTAS GSUITE. DOC. ACEPTACI\u00d3N DE LAS POL\u00cdTICAS DE USO DE CUENTA. LOS SIGUIENTES ENLACES CONTIENEN ARCHIVOS, TUTORIALES, V\u00cdDEOS, ETC. DE AYUDA PARA EL MANEJO DE LA G SUITE: Tutorial para subir&#46;&#46;&#46;<\/p>\n","protected":false},"author":5613,"featured_media":0,"parent":0,"menu_order":0,"comment_status":"closed","ping_status":"closed","template":"","meta":{"ngg_post_thumbnail":0,"footnotes":"","_mc_calendar":[]},"aioseo_notices":[],"_links":{"self":[{"href":"https:\/\/blogsaverroes.juntadeandalucia.es\/ceipsanblas\/wp-json\/wp\/v2\/pages\/3312"}],"collection":[{"href":"https:\/\/blogsaverroes.juntadeandalucia.es\/ceipsanblas\/wp-json\/wp\/v2\/pages"}],"about":[{"href":"https:\/\/blogsaverroes.juntadeandalucia.es\/ceipsanblas\/wp-json\/wp\/v2\/types\/page"}],"author":[{"embeddable":true,"href":"https:\/\/blogsaverroes.juntadeandalucia.es\/ceipsanblas\/wp-json\/wp\/v2\/users\/5613"}],"replies":[{"embeddable":true,"href":"https:\/\/blogsaverroes.juntadeandalucia.es\/ceipsanblas\/wp-json\/wp\/v2\/comments?post=3312"}],"version-history":[{"count":9,"href":"https:\/\/blogsaverroes.juntadeandalucia.es\/ceipsanblas\/wp-json\/wp\/v2\/pages\/3312\/revisions"}],"predecessor-version":[{"id":3522,"href":"https:\/\/blogsaverroes.juntadeandalucia.es\/ceipsanblas\/wp-json\/wp\/v2\/pages\/3312\/revisions\/3522"}],"wp:attachment":[{"href":"https:\/\/blogsaverroes.juntadeandalucia.es\/ceipsanblas\/wp-json\/wp\/v2\/media?parent=3312"}],"curies":[{"name":"wp","href":"https:\/\/api.w.org\/{rel}","templated":true}]}}