{"id":3333,"date":"2020-12-21T18:08:37","date_gmt":"2020-12-21T18:08:37","guid":{"rendered":"https:\/\/blogsaverroes.juntadeandalucia.es\/ceipsanblas\/?page_id=3333"},"modified":"2021-11-11T09:25:15","modified_gmt":"2021-11-11T09:25:15","slug":"curso-2020-2021","status":"publish","type":"page","link":"https:\/\/blogsaverroes.juntadeandalucia.es\/ceipsanblas\/curso-2020-2021\/","title":{"rendered":"CURSO 2020\/2021"},"content":{"rendered":"<ul>\n<li><a href=\"https:\/\/drive.google.com\/drive\/folders\/10dfhOrSVPLJwCUDSA8zaP17EYk0gKH6y?usp=sharing\">D\u00cdA DEL LIBRO.<\/a><\/li>\n<li><a href=\"https:\/\/photos.app.goo.gl\/SXnACyakHgP1M3TUA\">VISITA DEL HERALDO.<\/a><\/li>\n<li><a href=\"https:\/\/photos.app.goo.gl\/SZWhUKR41xyERzS27\">VISITA DE LOS REYES MAGOS.<\/a><\/li>\n<li><a href=\"https:\/\/photos.app.goo.gl\/pX79JY2BXH32K3sT9\">GRADUACI\u00d3N INFANTIL 19\/20 (FOTOS)<\/a><\/li>\n<li><a href=\"https:\/\/youtu.be\/E1_7WRheZ20\">GRADUACI\u00d3N INFANTIL 19\/20 (V\u00cdDEO)<\/a><\/li>\n<li><a href=\"https:\/\/photos.app.goo.gl\/3hWWw7ujaR6P5vPf8\">HUERTO<\/a><\/li>\n<li><a href=\"https:\/\/drive.google.com\/file\/d\/1XerMWQr1llvIyqTSoFQ7P7es8M83nxSf\/view?usp=sharing\">GRADUACI\u00d3N INFANTIL 20\/21<\/a><\/li>\n<li><a href=\"https:\/\/drive.google.com\/file\/d\/1lLV0YY5QSHQs2ZX_fF1dt0CCsyBMDtfM\/view?usp=sharing\">GRADUACI\u00d3N PRIMARIA 20\/21<\/a><\/li>\n<li><a href=\"https:\/\/photos.app.goo.gl\/4RjREXHkdVHDNT6a7\">EXCURSI\u00d3N I-5 A\u00d1OS A LAS JUNCIAS.<\/a><\/li>\n<li><a href=\"https:\/\/photos.app.goo.gl\/X1gKrhmGT9PAdsY8A\">GRADUACI\u00d3N INFANTIL 20\/21 (FOTOS)<\/a><\/li>\n<li><a href=\"https:\/\/drive.google.com\/file\/d\/1jXEFoJhxSJ8O6eeSnw5x3Iu_ONZ9j45L\/view?usp=sharing\">LIPDUB<\/a><\/li>\n<li><a href=\"https:\/\/photos.app.goo.gl\/pmx4LWM2ruouogoy8\">FIESTA DEL AGUA<\/a><\/li>\n<li><a href=\"https:\/\/photos.app.goo.gl\/nVim8ReUCmcEqmxa6\">EXCURSI\u00d3N PUERTA SEVILLA 1\u00ba Y 2\u00ba<\/a><\/li>\n<li><a href=\"https:\/\/photos.app.goo.gl\/RPbV9HuARhqCe4Sa8\">EXCURSI\u00d3N LAS JUNCIAS 6\u00ba<\/a><\/li>\n<li><a href=\"https:\/\/photos.app.goo.gl\/FriuXmdYzPPENzDeA\">\u00daLTIMO D\u00cdA 6\u00ba<\/a><\/li>\n<\/ul>\n","protected":false},"excerpt":{"rendered":"<p>D\u00cdA DEL LIBRO. VISITA DEL HERALDO. VISITA DE LOS REYES MAGOS. GRADUACI\u00d3N INFANTIL 19\/20 (FOTOS) GRADUACI\u00d3N INFANTIL 19\/20 (V\u00cdDEO) HUERTO GRADUACI\u00d3N INFANTIL 20\/21 GRADUACI\u00d3N PRIMARIA 20\/21 EXCURSI\u00d3N I-5 A\u00d1OS A LAS JUNCIAS. GRADUACI\u00d3N INFANTIL&#46;&#46;&#46;<\/p>\n","protected":false},"author":5613,"featured_media":0,"parent":0,"menu_order":0,"comment_status":"closed","ping_status":"closed","template":"","meta":{"ngg_post_thumbnail":0,"footnotes":"","_mc_calendar":[]},"aioseo_notices":[],"_links":{"self":[{"href":"https:\/\/blogsaverroes.juntadeandalucia.es\/ceipsanblas\/wp-json\/wp\/v2\/pages\/3333"}],"collection":[{"href":"https:\/\/blogsaverroes.juntadeandalucia.es\/ceipsanblas\/wp-json\/wp\/v2\/pages"}],"about":[{"href":"https:\/\/blogsaverroes.juntadeandalucia.es\/ceipsanblas\/wp-json\/wp\/v2\/types\/page"}],"author":[{"embeddable":true,"href":"https:\/\/blogsaverroes.juntadeandalucia.es\/ceipsanblas\/wp-json\/wp\/v2\/users\/5613"}],"replies":[{"embeddable":true,"href":"https:\/\/blogsaverroes.juntadeandalucia.es\/ceipsanblas\/wp-json\/wp\/v2\/comments?post=3333"}],"version-history":[{"count":21,"href":"https:\/\/blogsaverroes.juntadeandalucia.es\/ceipsanblas\/wp-json\/wp\/v2\/pages\/3333\/revisions"}],"predecessor-version":[{"id":3563,"href":"https:\/\/blogsaverroes.juntadeandalucia.es\/ceipsanblas\/wp-json\/wp\/v2\/pages\/3333\/revisions\/3563"}],"wp:attachment":[{"href":"https:\/\/blogsaverroes.juntadeandalucia.es\/ceipsanblas\/wp-json\/wp\/v2\/media?parent=3333"}],"curies":[{"name":"wp","href":"https:\/\/api.w.org\/{rel}","templated":true}]}}