{"id":35,"date":"2015-03-13T08:21:43","date_gmt":"2015-03-13T08:21:43","guid":{"rendered":"http:\/\/blogsaverroes.juntadeandalucia.es\/pre\/ceip\/?page_id=35"},"modified":"2025-04-07T16:59:32","modified_gmt":"2025-04-07T16:59:32","slug":"el-centro-2","status":"publish","type":"page","link":"https:\/\/blogsaverroes.juntadeandalucia.es\/ceipsanblas\/el-centro-2\/","title":{"rendered":"Datos del centro"},"content":{"rendered":"<h3><strong>Datos de contacto<\/strong><\/h3>\n<p>CEIP SAN BLAS<\/p>\n<p>Direcci\u00f3n: &nbsp;Carretera de Brenes, S\/N.<\/p>\n<p>C.P. 41.410 CARMONA (SEVILLA)<\/p>\n<p>Tel\u00e9fono SECRETAR\u00cdA: 671 53 89 49<\/p>\n<p>Tel\u00e9fono CONSERJER\u00cdA: 955 64 95 13&nbsp;<\/p>\n<p>Email: 41001021.edu@juntadeandalucia.es<\/p>\n<h3><strong>Horarios<\/strong><\/h3>\n<p><em><strong>Horarios del Centro:<\/strong><\/em><\/p>\n<ul style=\"list-style-type: disc\">\n<li>7:30 a 9:00 horas (Aula Matinal)<\/li>\n<li>9:00 a 14:00 horas (Actividades Lectivas)<\/li>\n<li>14:00 a 16:00 horas (Comedor Escolar) Recogida del alumnado a las 15:05 \/ 15:35 \/ 16:00 h<\/li>\n<li>16:00 a 18:00 horas martes y jueves (Plan de Acompa\u00f1amiento)<\/li>\n<\/ul>\n<p><strong><em>Horarios de Secretaria:<\/em><br \/>\n<\/strong><\/p>\n<ul style=\"list-style-type: disc\">\n<li>11:00 a 12:00 horas (martes)<\/li>\n<li>13:15 a 13:45 horas (mi\u00e9rcoles, Jueves y viernes)<\/li>\n<\/ul>\n<p><strong><em>Horario de Tutor\u00eda de atenci\u00f3n a padres y madres: <\/em><\/strong>Lunes de 16:00 a 17:00 horas.<strong><br \/>\n<\/strong><\/p>\n<h4><a href=\"https:\/\/www.google.com\/maps\/place\/CEIP+San+Blas\/@37.4741124,-5.6470251,17z\/data=!3m1!4b1!4m5!3m4!1s0xd128b63cc4e5c35:0x6e6c36fa52227220!8m2!3d37.4741182!4d-5.6448294\">Ubicaci\u00f3n<\/a><\/h4>\n<p>&nbsp;<\/p>\n<p>&nbsp;<\/p>\n<p>&nbsp;<\/p>\n","protected":false},"excerpt":{"rendered":"<p>Datos de contacto CEIP SAN BLAS Direcci\u00f3n: &nbsp;Carretera de Brenes, S\/N. C.P. 41.410 CARMONA (SEVILLA) Tel\u00e9fono SECRETAR\u00cdA: 671 53 89 49 Tel\u00e9fono CONSERJER\u00cdA: 955 64 95 13&nbsp; Email: 41001021.edu@juntadeandalucia.es Horarios Horarios del Centro: 7:30&#46;&#46;&#46;<\/p>\n","protected":false},"author":1,"featured_media":0,"parent":0,"menu_order":0,"comment_status":"closed","ping_status":"open","template":"","meta":{"ngg_post_thumbnail":0,"footnotes":"","_mc_calendar":[]},"aioseo_notices":[],"_links":{"self":[{"href":"https:\/\/blogsaverroes.juntadeandalucia.es\/ceipsanblas\/wp-json\/wp\/v2\/pages\/35"}],"collection":[{"href":"https:\/\/blogsaverroes.juntadeandalucia.es\/ceipsanblas\/wp-json\/wp\/v2\/pages"}],"about":[{"href":"https:\/\/blogsaverroes.juntadeandalucia.es\/ceipsanblas\/wp-json\/wp\/v2\/types\/page"}],"author":[{"embeddable":true,"href":"https:\/\/blogsaverroes.juntadeandalucia.es\/ceipsanblas\/wp-json\/wp\/v2\/users\/1"}],"replies":[{"embeddable":true,"href":"https:\/\/blogsaverroes.juntadeandalucia.es\/ceipsanblas\/wp-json\/wp\/v2\/comments?post=35"}],"version-history":[{"count":13,"href":"https:\/\/blogsaverroes.juntadeandalucia.es\/ceipsanblas\/wp-json\/wp\/v2\/pages\/35\/revisions"}],"predecessor-version":[{"id":4312,"href":"https:\/\/blogsaverroes.juntadeandalucia.es\/ceipsanblas\/wp-json\/wp\/v2\/pages\/35\/revisions\/4312"}],"wp:attachment":[{"href":"https:\/\/blogsaverroes.juntadeandalucia.es\/ceipsanblas\/wp-json\/wp\/v2\/media?parent=35"}],"curies":[{"name":"wp","href":"https:\/\/api.w.org\/{rel}","templated":true}]}}