{"id":3538,"date":"2021-11-05T12:45:22","date_gmt":"2021-11-05T12:45:22","guid":{"rendered":"https:\/\/blogsaverroes.juntadeandalucia.es\/ceipsanblas\/?page_id=3538"},"modified":"2022-12-05T08:46:30","modified_gmt":"2022-12-05T08:46:30","slug":"normativa","status":"publish","type":"page","link":"https:\/\/blogsaverroes.juntadeandalucia.es\/ceipsanblas\/normativa\/","title":{"rendered":"Normativa"},"content":{"rendered":"<p><strong>LOMLOE<\/strong><\/p>\n<ul>\n<li><a href=\"https:\/\/drive.google.com\/file\/d\/11yA6TtuD8r4VU1WGTZEkF5RjZezyKicz\/view?usp=share_link\">Instrucciones 11-22, Educaci\u00f3n Infantil<\/a><\/li>\n<li><a href=\"https:\/\/drive.google.com\/file\/d\/1ZN0T43roM8f-EivVlzS61Uo3MboTgOBT\/view?usp=share_link\">Instrucciones 12-22, Educaci\u00f3n Primaria<\/a><\/li>\n<li><a href=\"https:\/\/drive.google.com\/file\/d\/1gjwNBaRMcuxAZ2GHurC0ctbs63HmK7B4\/view?usp=sharing\">BOE-A-2020-17264.LOMLOE<\/a><\/li>\n<li><a href=\"https:\/\/drive.google.com\/file\/d\/1Y2Eo5IuueTLgmG6GQ8KcdJ2JOwR3q5_y\/view?usp=share_link\">RD 95-22 BOE-A-2022-1654-EDUACI\u00d3N INFANTIL<\/a><\/li>\n<li><a href=\"https:\/\/drive.google.com\/file\/d\/1UDYHpojhRQD068HgUKCwwUf0bdnr9zrC\/view?usp=share_link\">RD 157-22 BOE-A-2022-3296-EDUACI\u00d3N PRIMARIA<\/a><\/li>\n<\/ul>\n<p><strong>LOMCE (Andaluc\u00eda)<\/strong><img loading=\"lazy\" decoding=\"async\" class=\" alignright wp-image-1662\" src=\"http:\/\/blogsaverroes.juntadeandalucia.es\/ceipsanjosedepalmete\/files\/2015\/03\/proyecto.png\" alt=\"proyecto\" width=\"243\" height=\"216\" srcset=\"https:\/\/blogsaverroes.juntadeandalucia.es\/ceipsanblas\/files\/2015\/03\/proyecto.png 640w, https:\/\/blogsaverroes.juntadeandalucia.es\/ceipsanblas\/files\/2015\/03\/proyecto-300x266.png 300w, https:\/\/blogsaverroes.juntadeandalucia.es\/ceipsanblas\/files\/2015\/03\/proyecto-332x295.png 332w\" sizes=\"(max-width: 243px) 100vw, 243px\" \/><\/p>\n<ul>\n<li><a href=\"http:\/\/www.juntadeandalucia.es\/eboja\/2015\/50\/BOJA15-050-00012-4617-01_00065845.pdf\" target=\"_blank\" rel=\"noopener noreferrer\">Decreto 97\/2015 de 3 de marzo \u2013 Curr\u00edculo Primaria Andaluc\u00eda<\/a><\/li>\n<li><a href=\"http:\/\/www.juntadeandalucia.es\/boja\/2015\/60\/index.html\" target=\"_blank\" rel=\"noopener noreferrer\">Orden de 17 de marzo de 2015 \u2013 Curr\u00edculo Primaria Andaluc\u00eda<\/a><\/li>\n<li><a href=\"http:\/\/www.juntadeandalucia.es\/educacion\/webportal\/abaco-portlet\/content\/13e6a517-832b-45c6-8f2d-9367fafc7441\" target=\"_blank\" rel=\"noopener noreferrer\">Instrucciones de 22 de junio de 2015, de la Direcci\u00f3n General de Participaci\u00f3n y Equidad, por las que se establece el. Protocolo de detecci\u00f3n, identificaci\u00f3n del alumnado con necesidades espec\u00edficas de apoyo educativo y organizaci\u00f3n de la respuesta educativa<\/a><\/li>\n<li><a href=\"http:\/\/juntadeandalucia.es\/boja\/2015\/230\/BOJA15-230-00047-19647-01_00080568.pdf\" target=\"_blank\" rel=\"noopener noreferrer\">Orden de 4 de noviembre de 2015 \u2013 Evaluaci\u00f3n Primaria<\/a><\/li>\n<\/ul>\n<p><strong>ENLACES \u2013 Inspecci\u00f3n<\/strong><\/p>\n<ul>\n<li><a href=\"http:\/\/www.juntadeandalucia.es\/educacion\/webportal\/web\/inspeccion\" target=\"_blank\" rel=\"noopener noreferrer\">Portal de Inspecci\u00f3n de Andaluc\u00eda<\/a><\/li>\n<li><a href=\"http:\/\/www.adideandalucia.es\/\" target=\"_blank\" rel=\"noopener noreferrer\">ADIDE<\/a><\/li>\n<\/ul>\n","protected":false},"excerpt":{"rendered":"<p>LOMLOE Instrucciones 11-22, Educaci\u00f3n Infantil Instrucciones 12-22, Educaci\u00f3n Primaria BOE-A-2020-17264.LOMLOE RD 95-22 BOE-A-2022-1654-EDUACI\u00d3N INFANTIL RD 157-22 BOE-A-2022-3296-EDUACI\u00d3N PRIMARIA LOMCE (Andaluc\u00eda) Decreto 97\/2015 de 3 de marzo \u2013 Curr\u00edculo Primaria Andaluc\u00eda Orden de 17 de&#46;&#46;&#46;<\/p>\n","protected":false},"author":5613,"featured_media":0,"parent":0,"menu_order":0,"comment_status":"closed","ping_status":"closed","template":"","meta":{"ngg_post_thumbnail":0,"footnotes":"","_mc_calendar":[]},"aioseo_notices":[],"_links":{"self":[{"href":"https:\/\/blogsaverroes.juntadeandalucia.es\/ceipsanblas\/wp-json\/wp\/v2\/pages\/3538"}],"collection":[{"href":"https:\/\/blogsaverroes.juntadeandalucia.es\/ceipsanblas\/wp-json\/wp\/v2\/pages"}],"about":[{"href":"https:\/\/blogsaverroes.juntadeandalucia.es\/ceipsanblas\/wp-json\/wp\/v2\/types\/page"}],"author":[{"embeddable":true,"href":"https:\/\/blogsaverroes.juntadeandalucia.es\/ceipsanblas\/wp-json\/wp\/v2\/users\/5613"}],"replies":[{"embeddable":true,"href":"https:\/\/blogsaverroes.juntadeandalucia.es\/ceipsanblas\/wp-json\/wp\/v2\/comments?post=3538"}],"version-history":[{"count":4,"href":"https:\/\/blogsaverroes.juntadeandalucia.es\/ceipsanblas\/wp-json\/wp\/v2\/pages\/3538\/revisions"}],"predecessor-version":[{"id":3792,"href":"https:\/\/blogsaverroes.juntadeandalucia.es\/ceipsanblas\/wp-json\/wp\/v2\/pages\/3538\/revisions\/3792"}],"wp:attachment":[{"href":"https:\/\/blogsaverroes.juntadeandalucia.es\/ceipsanblas\/wp-json\/wp\/v2\/media?parent=3538"}],"curies":[{"name":"wp","href":"https:\/\/api.w.org\/{rel}","templated":true}]}}