{"id":3558,"date":"2021-11-11T08:33:58","date_gmt":"2021-11-11T08:33:58","guid":{"rendered":"https:\/\/blogsaverroes.juntadeandalucia.es\/ceipsanblas\/?page_id=3558"},"modified":"2023-09-04T08:40:39","modified_gmt":"2023-09-04T08:40:39","slug":"ipasen","status":"publish","type":"page","link":"https:\/\/blogsaverroes.juntadeandalucia.es\/ceipsanblas\/ipasen\/","title":{"rendered":"IPASEN"},"content":{"rendered":"<p><strong>IPASEN (aplicaci\u00f3n m\u00f3vil) y PASEN (Versi\u00f3n web)&nbsp;<\/strong><\/p>\n<p style=\"text-align: justify\">Para acceder a IPASEN (Versi\u00f3n m\u00f3vil) debemos en primer lugar descargar la aplicaci\u00f3n (gratuita) en nuestro tel\u00e9fono m\u00f3vil. A continuaci\u00f3n os dejamos aqu\u00ed diferentes tutoriales para la ayuda a la descarga y uso de IPasen.<\/p>\n<ul>\n<li><a href=\"https:\/\/drive.google.com\/file\/d\/18ezoo2pyK8ewDdavRgbphwff_tDGJ-1w\/view?usp=sharing\">Tutorial descarga y uso de Ipasen.<\/a><\/li>\n<li><a href=\"https:\/\/drive.google.com\/file\/d\/1bbAtJBaM4HKDBqi-HF87HmFaROWzGSpC\/view?usp=sharing\">Tutorial utilizaci\u00f3n Ipasen en dispositivos m\u00f3viles .<\/a><\/li>\n<li><a href=\"https:\/\/drive.google.com\/file\/d\/16CALH6yK-RVvwYA49aifYqpVc0YQ_LHG\/view?usp=sharing\">Manuel Pasen familias.<\/a><\/li>\n<li><a href=\"https:\/\/drive.google.com\/file\/d\/1bbAtJBaM4HKDBqi-HF87HmFaROWzGSpC\/view?usp=sharing\">Manuel Pasen profesorado.<\/a><\/li>\n<\/ul>\n<p style=\"text-align: justify\">Para acceder a PASEN (Versi\u00f3n web) puede realizarse tambi\u00e9n Web a trav\u00e9s del siguiente enlace:<\/p>\n<ul>\n<li style=\"list-style-type: none\">\n<ul style=\"list-style-type: circle\">\n<li><a href=\"https:\/\/seneca.juntadeandalucia.es\/seneca\/jsp\/portalpasen\/\">https:\/\/seneca.juntadeandalucia.es\/seneca\/jsp\/portalpasen\/<\/a><\/li>\n<\/ul>\n<\/li>\n<\/ul>\n<p><a href=\"https:\/\/blogsaverroes.juntadeandalucia.es\/ceipsanblas\/files\/2021\/11\/imagen-ayuda.jpg\"><img loading=\"lazy\" decoding=\"async\" class=\"aligncenter size-full wp-image-3564\" src=\"https:\/\/blogsaverroes.juntadeandalucia.es\/ceipsanblas\/files\/2021\/11\/imagen-ayuda.jpg\" alt=\"\" width=\"255\" height=\"245\"><\/a><\/p>\n","protected":false},"excerpt":{"rendered":"<p>IPASEN (aplicaci\u00f3n m\u00f3vil) y PASEN (Versi\u00f3n web)&nbsp; Para acceder a IPASEN (Versi\u00f3n m\u00f3vil) debemos en primer lugar descargar la aplicaci\u00f3n (gratuita) en nuestro tel\u00e9fono m\u00f3vil. A continuaci\u00f3n os dejamos aqu\u00ed diferentes tutoriales para la&#46;&#46;&#46;<\/p>\n","protected":false},"author":5613,"featured_media":0,"parent":0,"menu_order":0,"comment_status":"closed","ping_status":"closed","template":"","meta":{"ngg_post_thumbnail":0,"footnotes":"","_mc_calendar":[]},"aioseo_notices":[],"_links":{"self":[{"href":"https:\/\/blogsaverroes.juntadeandalucia.es\/ceipsanblas\/wp-json\/wp\/v2\/pages\/3558"}],"collection":[{"href":"https:\/\/blogsaverroes.juntadeandalucia.es\/ceipsanblas\/wp-json\/wp\/v2\/pages"}],"about":[{"href":"https:\/\/blogsaverroes.juntadeandalucia.es\/ceipsanblas\/wp-json\/wp\/v2\/types\/page"}],"author":[{"embeddable":true,"href":"https:\/\/blogsaverroes.juntadeandalucia.es\/ceipsanblas\/wp-json\/wp\/v2\/users\/5613"}],"replies":[{"embeddable":true,"href":"https:\/\/blogsaverroes.juntadeandalucia.es\/ceipsanblas\/wp-json\/wp\/v2\/comments?post=3558"}],"version-history":[{"count":5,"href":"https:\/\/blogsaverroes.juntadeandalucia.es\/ceipsanblas\/wp-json\/wp\/v2\/pages\/3558\/revisions"}],"predecessor-version":[{"id":4049,"href":"https:\/\/blogsaverroes.juntadeandalucia.es\/ceipsanblas\/wp-json\/wp\/v2\/pages\/3558\/revisions\/4049"}],"wp:attachment":[{"href":"https:\/\/blogsaverroes.juntadeandalucia.es\/ceipsanblas\/wp-json\/wp\/v2\/media?parent=3558"}],"curies":[{"name":"wp","href":"https:\/\/api.w.org\/{rel}","templated":true}]}}