{"id":3780,"date":"2022-11-18T08:51:18","date_gmt":"2022-11-18T08:51:18","guid":{"rendered":"https:\/\/blogsaverroes.juntadeandalucia.es\/ceipsanblas\/?page_id=3780"},"modified":"2023-12-06T22:18:56","modified_gmt":"2023-12-06T22:18:56","slug":"curso-22-23","status":"publish","type":"page","link":"https:\/\/blogsaverroes.juntadeandalucia.es\/ceipsanblas\/galeria\/curso-22-23\/","title":{"rendered":"CURSO 2022-2023"},"content":{"rendered":"<ul>\n<li><a href=\"https:\/\/youtu.be\/ufmlsnBqkyI\">VIVIR Y SENTIR EL PATRIMONIO<\/a><\/li>\n<li><a href=\"https:\/\/drive.google.com\/file\/d\/1Thyw13X4CeWkxE4zz83xf3GmnsIZjrg3\/view?usp=sharing\">HALLOWEEN<\/a><\/li>\n<li><a href=\"https:\/\/drive.google.com\/drive\/folders\/16q75aVSPurzcEiYjx9q-DusPl3XFn6Ew?usp=sharing\">D\u00cdA DEL FLAMENCO<\/a><\/li>\n<li><a href=\"https:\/\/youtu.be\/M_2luO-nrwg\">XXIV FESTIVAL DE NAVIDAD<\/a><\/li>\n<li><a href=\"https:\/\/photos.app.goo.gl\/NL3fugFjkbHJfsa17\">IX CARRERA D\u00cdA DE ANDALUC\u00cdA<\/a><\/li>\n<li><a href=\"https:\/\/photos.app.goo.gl\/zNkwJ1h4KqavvDYa7\">EXPOSICI\u00d3N COFRADE.<\/a><\/li>\n<li><a href=\"https:\/\/drive.google.com\/drive\/folders\/1udGXTIqrYad2Pys0fUoZxijBfECsCsuw?usp=share_link\">EXCURSI\u00d3N DE INFANTIL AL CASTILLO DE ALMOD\u00d3VAR.<\/a><\/li>\n<li><a href=\"https:\/\/drive.google.com\/drive\/folders\/1pqtl3mNSDJDz14NsTGzk2nzR1mon9sGW?usp=share_link\">EXCURSI\u00d3N DE 1\u00ba, 2\u00ba Y 3\u00ba A HORNACHUELOS.<\/a><\/li>\n<li><a href=\"https:\/\/drive.google.com\/drive\/folders\/1jMLjy53hUEWeyQTBpPGHYF-ErG_cb0Ex?usp=sharing\">EXCURSI\u00d3N DE 1\u00ba, 2\u00ba Y 3\u00ba AL CERRO DEL HIERRO.<\/a><\/li>\n<li><a href=\"https:\/\/photos.app.goo.gl\/g9bU3NwaMww4h9Fs8\">FOTOS CONCURSO SEVILLANA Y CARTEL DE FERIA.<\/a><\/li>\n<li><a title=\"V\u00cdDEOS FERIA 2023\" href=\"https:\/\/blogsaverroes.juntadeandalucia.es\/ceipsanblas\/videos-feria-2023\/\">V\u00cdDEOS CONCURSO SEVILLANAS.<\/a><\/li>\n<li><a href=\"https:\/\/drive.google.com\/drive\/folders\/1swmZqj1tW-Nv9waL5EMrjQvtbLepr7tW?usp=sharing\">EXCURSI\u00d3N ACUARIO SEVILLA (INFANTIL)<\/a><\/li>\n<li><a href=\"https:\/\/drive.google.com\/drive\/folders\/1H3eJuwmG-sRicj6ONTwpnWTz9K0aTrB4?usp=sharing\">FIN DE CURSO \u00abCA\u00d1ADA VERDE\u00bb 4\u00ba Y 5\u00ba<\/a><\/li>\n<li><a href=\"https:\/\/drive.google.com\/drive\/folders\/15yIpnVkjqe8l-8AmMnS8SG2juK4fG5WH?usp=sharing\">FIN DE CURSO \u00abIZN\u00c1JAR-BENAMEJ\u00cd\u00bb 6\u00ba<\/a><\/li>\n<\/ul>\n","protected":false},"excerpt":{"rendered":"<p>VIVIR Y SENTIR EL PATRIMONIO HALLOWEEN D\u00cdA DEL FLAMENCO XXIV FESTIVAL DE NAVIDAD IX CARRERA D\u00cdA DE ANDALUC\u00cdA EXPOSICI\u00d3N COFRADE. EXCURSI\u00d3N DE INFANTIL AL CASTILLO DE ALMOD\u00d3VAR. EXCURSI\u00d3N DE 1\u00ba, 2\u00ba Y 3\u00ba A&#46;&#46;&#46;<\/p>\n","protected":false},"author":5613,"featured_media":0,"parent":2347,"menu_order":0,"comment_status":"closed","ping_status":"closed","template":"","meta":{"ngg_post_thumbnail":0,"footnotes":"","_mc_calendar":[]},"aioseo_notices":[],"_links":{"self":[{"href":"https:\/\/blogsaverroes.juntadeandalucia.es\/ceipsanblas\/wp-json\/wp\/v2\/pages\/3780"}],"collection":[{"href":"https:\/\/blogsaverroes.juntadeandalucia.es\/ceipsanblas\/wp-json\/wp\/v2\/pages"}],"about":[{"href":"https:\/\/blogsaverroes.juntadeandalucia.es\/ceipsanblas\/wp-json\/wp\/v2\/types\/page"}],"author":[{"embeddable":true,"href":"https:\/\/blogsaverroes.juntadeandalucia.es\/ceipsanblas\/wp-json\/wp\/v2\/users\/5613"}],"replies":[{"embeddable":true,"href":"https:\/\/blogsaverroes.juntadeandalucia.es\/ceipsanblas\/wp-json\/wp\/v2\/comments?post=3780"}],"version-history":[{"count":18,"href":"https:\/\/blogsaverroes.juntadeandalucia.es\/ceipsanblas\/wp-json\/wp\/v2\/pages\/3780\/revisions"}],"predecessor-version":[{"id":4082,"href":"https:\/\/blogsaverroes.juntadeandalucia.es\/ceipsanblas\/wp-json\/wp\/v2\/pages\/3780\/revisions\/4082"}],"up":[{"embeddable":true,"href":"https:\/\/blogsaverroes.juntadeandalucia.es\/ceipsanblas\/wp-json\/wp\/v2\/pages\/2347"}],"wp:attachment":[{"href":"https:\/\/blogsaverroes.juntadeandalucia.es\/ceipsanblas\/wp-json\/wp\/v2\/media?parent=3780"}],"curies":[{"name":"wp","href":"https:\/\/api.w.org\/{rel}","templated":true}]}}