{"id":3985,"date":"2023-06-01T14:18:52","date_gmt":"2023-06-01T14:18:52","guid":{"rendered":"https:\/\/blogsaverroes.juntadeandalucia.es\/ceipsanblas\/?page_id=3985"},"modified":"2023-06-01T14:26:32","modified_gmt":"2023-06-01T14:26:32","slug":"clara-campoamor","status":"publish","type":"page","link":"https:\/\/blogsaverroes.juntadeandalucia.es\/ceipsanblas\/coeducacion\/clara-campoamor\/","title":{"rendered":"CLARA CAMPOAMOR"},"content":{"rendered":"<h4><span style=\"color: #0000ff\"><strong>CLARA CAMPOAMOR: 90 A\u00d1OS DELVOTO FEMENINO EN ESPA\u00d1A.<\/strong><\/span><\/h4>\n<p><img loading=\"lazy\" decoding=\"async\" class=\"wp-image-3602 alignleft\" style=\"padding: 5.26562px;background-color: #f0f0f0;font-family: 'Open Sans', sans-serif;font-size: 15px;max-width: 98.5%;font-style: normal;font-weight: 400;text-align: justify;border: 1px solid #eeeeee\" src=\"https:\/\/blogsaverroes.juntadeandalucia.es\/ceipsanblas\/files\/2021\/11\/ig01.jpg\" alt=\"\" width=\"292\" height=\"154\"><\/p>\n<p style=\"padding-left: 320px;text-align: justify\">Desde el proyecto de igualdad del colegio hemos estudiado la labor de Clara Campoamor. Las mujeres tenemos el derecho al voto gracias a la lucha de esta incansable mujer que desde muy peque\u00f1a trabaj\u00f3 y estudi\u00f3 a partes iguales, siendo una gran defensora de los derechos de la mujer antes y despu\u00e9s de la&nbsp;Guerra Civil espa\u00f1ola.<\/p>\n<p>&nbsp;<\/p>\n<p>Nuestro alumnado de sexto curso ha realizado un trabajo de investigaci\u00f3n en torno a<img loading=\"lazy\" decoding=\"async\" class=\"wp-image-3603 alignright\" style=\"padding: 5.26562px;background-color: #f0f0f0;font-family: 'Open Sans', sans-serif;font-size: 15px;max-width: 98.5%;font-style: normal;font-weight: 400;border: 1px solid #eeeeee\" src=\"https:\/\/blogsaverroes.juntadeandalucia.es\/ceipsanblas\/files\/2021\/11\/ig06-e1637317328185.jpg\" alt=\"\" width=\"147\" height=\"244\">l concepto de democracia, historia de la democracia y centr\u00e1ndose especialmente en la labor de Clara Campoamor. Su trabajo, aparte de la labor investigadora, ha consistido en la elaboraci\u00f3n de un \u201cvisual thinking\u201d (expuestos en los tablones de nuestro centro) y una exposici\u00f3n oral adaptada a distintas edades, que han presentado al resto de compa\u00f1eros\/as del colegio; excepto educaci\u00f3n infantil.<\/p>\n<p>&nbsp;<\/p>\n<p><a href=\"https:\/\/blogsaverroes.juntadeandalucia.es\/ceipsanblas\/files\/2021\/11\/ig03.jpg\"><img loading=\"lazy\" decoding=\"async\" class=\"aligncenter wp-image-3606\" src=\"https:\/\/blogsaverroes.juntadeandalucia.es\/ceipsanblas\/files\/2021\/11\/ig03.jpg\" alt=\"\" width=\"297\" height=\"190\"><\/a><a href=\"https:\/\/blogsaverroes.juntadeandalucia.es\/ceipsanblas\/files\/2021\/11\/ig04.jpg\"><img loading=\"lazy\" decoding=\"async\" class=\"aligncenter wp-image-3605\" src=\"https:\/\/blogsaverroes.juntadeandalucia.es\/ceipsanblas\/files\/2021\/11\/ig04.jpg\" alt=\"\" width=\"508\" height=\"230\"><\/a><\/p>\n<p>Tambi\u00e9n el resto de cursos de primaria han conocido la labor de nuestra homenajeada, gracias a unos videos divulgativos que han podido trabajar en clase y a las explicaciones que sus compa\u00f1eros de sexto han realizado. Los m\u00e1s peque\u00f1os, adem\u00e1s, la han dibujado libremente.<\/p>\n<p><a href=\"https:\/\/blogsaverroes.juntadeandalucia.es\/ceipsanblas\/files\/2021\/11\/ig05.jpg\"><img loading=\"lazy\" decoding=\"async\" class=\"wp-image-3604 alignleft\" src=\"https:\/\/blogsaverroes.juntadeandalucia.es\/ceipsanblas\/files\/2021\/11\/ig05.jpg\" alt=\"\" width=\"299\" height=\"148\"><\/a><\/p>\n<p><a href=\"https:\/\/blogsaverroes.juntadeandalucia.es\/ceipsanblas\/files\/2021\/11\/ig06-e1637317328185.jpg\"><img loading=\"lazy\" decoding=\"async\" class=\"aligncenter wp-image-3603\" src=\"https:\/\/blogsaverroes.juntadeandalucia.es\/ceipsanblas\/files\/2021\/11\/ig06-e1637317328185.jpg\" alt=\"\" width=\"179\" height=\"296\"><\/a><\/p>\n<p>&nbsp;<\/p>\n<p>&nbsp;<\/p>\n<p>&nbsp;<\/p>\n","protected":false},"excerpt":{"rendered":"<p>CLARA CAMPOAMOR: 90 A\u00d1OS DELVOTO FEMENINO EN ESPA\u00d1A. Desde el proyecto de igualdad del colegio hemos estudiado la labor de Clara Campoamor. Las mujeres tenemos el derecho al voto gracias a la lucha de&#46;&#46;&#46;<\/p>\n","protected":false},"author":5613,"featured_media":0,"parent":3981,"menu_order":10,"comment_status":"closed","ping_status":"closed","template":"","meta":{"ngg_post_thumbnail":0,"footnotes":"","_mc_calendar":[]},"aioseo_notices":[],"_links":{"self":[{"href":"https:\/\/blogsaverroes.juntadeandalucia.es\/ceipsanblas\/wp-json\/wp\/v2\/pages\/3985"}],"collection":[{"href":"https:\/\/blogsaverroes.juntadeandalucia.es\/ceipsanblas\/wp-json\/wp\/v2\/pages"}],"about":[{"href":"https:\/\/blogsaverroes.juntadeandalucia.es\/ceipsanblas\/wp-json\/wp\/v2\/types\/page"}],"author":[{"embeddable":true,"href":"https:\/\/blogsaverroes.juntadeandalucia.es\/ceipsanblas\/wp-json\/wp\/v2\/users\/5613"}],"replies":[{"embeddable":true,"href":"https:\/\/blogsaverroes.juntadeandalucia.es\/ceipsanblas\/wp-json\/wp\/v2\/comments?post=3985"}],"version-history":[{"count":3,"href":"https:\/\/blogsaverroes.juntadeandalucia.es\/ceipsanblas\/wp-json\/wp\/v2\/pages\/3985\/revisions"}],"predecessor-version":[{"id":3995,"href":"https:\/\/blogsaverroes.juntadeandalucia.es\/ceipsanblas\/wp-json\/wp\/v2\/pages\/3985\/revisions\/3995"}],"up":[{"embeddable":true,"href":"https:\/\/blogsaverroes.juntadeandalucia.es\/ceipsanblas\/wp-json\/wp\/v2\/pages\/3981"}],"wp:attachment":[{"href":"https:\/\/blogsaverroes.juntadeandalucia.es\/ceipsanblas\/wp-json\/wp\/v2\/media?parent=3985"}],"curies":[{"name":"wp","href":"https:\/\/api.w.org\/{rel}","templated":true}]}}