{"id":4059,"date":"2023-10-17T07:28:52","date_gmt":"2023-10-17T07:28:52","guid":{"rendered":"https:\/\/blogsaverroes.juntadeandalucia.es\/ceipsanblas\/?page_id=4059"},"modified":"2024-06-03T17:10:08","modified_gmt":"2024-06-03T17:10:08","slug":"curso-23-24","status":"publish","type":"page","link":"https:\/\/blogsaverroes.juntadeandalucia.es\/ceipsanblas\/galeria\/curso-23-24\/","title":{"rendered":"CURSO 2023-2024"},"content":{"rendered":"<ul>\n<li><a href=\"https:\/\/drive.google.com\/drive\/folders\/1FEBoCVt1SqaDg1yhuKfjNDAGMhuzbaHO?usp=sharing\">FOTOS INFANTIL<\/a><\/li>\n<li><a href=\"https:\/\/drive.google.com\/drive\/folders\/1QQEJ3UMriDq3eW3tbE2rqsqVGUN366Zh?usp=drive_link\">FOTOS 1\u00ba CICLO<\/a><\/li>\n<li><a href=\"https:\/\/drive.google.com\/drive\/folders\/1-82AtH3ngcT2l84mgM-znODt7A1hvCnN?usp=drive_link\">FOTOS 2\u00ba CICLO<\/a><\/li>\n<li><a href=\"https:\/\/drive.google.com\/drive\/folders\/1h7Z1gWoI9tpWcc5gpJRCljALPzyHJ2cc?usp=drive_link\">FOTOS 3\u00ba CICLO<\/a><\/li>\n<li><a href=\"https:\/\/drive.google.com\/drive\/folders\/1iLTP4qamgcWEGuqFp-lmNeOWqbdVMcUM?usp=sharing\">D\u00cdA DE ANDALUC\u00cdA<\/a><\/li>\n<li><a href=\"https:\/\/drive.google.com\/drive\/folders\/1-Ey97YRq7zW8ZBQxO249T6dT2diTzaK5?usp=sharing\">8 DE MARZO<\/a><\/li>\n<li><a href=\"https:\/\/drive.google.com\/drive\/folders\/1-0k_RVJBQUoYQKLAI7pdsXKPg0LsP1Nx?usp=sharing\">D\u00cdA INTERNACIONAL DEL SUE\u00d1O<\/a><\/li>\n<li><a href=\"https:\/\/drive.google.com\/drive\/folders\/1-b9EbkSOXb0Y4Sv4z_XjgOk4mE9tDsZn?usp=sharing\">FRUTIBUS<\/a><\/li>\n<li><a href=\"https:\/\/drive.google.com\/drive\/folders\/1vj3D-ViEBKhp4X3t1kPAL3ht8GRpAcCN?usp=sharing\">FOTOS FERIA<\/a><\/li>\n<li><a title=\"VIDEOS X CONCURSO BAILE POR SEVILLANA\" href=\"https:\/\/blogsaverroes.juntadeandalucia.es\/ceipsanblas\/galeria\/videos-x-concurso-baile-por-sevillana\/\">X CONCURSO BAILE POR SEVILLNAS.<\/a><\/li>\n<li><a title=\"BAILES ALUMNAS FLAMENCO\" href=\"https:\/\/blogsaverroes.juntadeandalucia.es\/ceipsanblas\/bailes-alumnas-flamenco\/\">ACTUACI\u00d3N BAILE ALUMNAS FLAMENCO.<\/a><\/li>\n<\/ul>\n","protected":false},"excerpt":{"rendered":"<p>FOTOS INFANTIL FOTOS 1\u00ba CICLO FOTOS 2\u00ba CICLO FOTOS 3\u00ba CICLO D\u00cdA DE ANDALUC\u00cdA 8 DE MARZO D\u00cdA INTERNACIONAL DEL SUE\u00d1O FRUTIBUS FOTOS FERIA X CONCURSO BAILE POR SEVILLNAS. ACTUACI\u00d3N BAILE ALUMNAS FLAMENCO.<\/p>\n","protected":false},"author":5613,"featured_media":0,"parent":2347,"menu_order":0,"comment_status":"closed","ping_status":"closed","template":"","meta":{"ngg_post_thumbnail":0,"footnotes":"","_mc_calendar":[]},"aioseo_notices":[],"_links":{"self":[{"href":"https:\/\/blogsaverroes.juntadeandalucia.es\/ceipsanblas\/wp-json\/wp\/v2\/pages\/4059"}],"collection":[{"href":"https:\/\/blogsaverroes.juntadeandalucia.es\/ceipsanblas\/wp-json\/wp\/v2\/pages"}],"about":[{"href":"https:\/\/blogsaverroes.juntadeandalucia.es\/ceipsanblas\/wp-json\/wp\/v2\/types\/page"}],"author":[{"embeddable":true,"href":"https:\/\/blogsaverroes.juntadeandalucia.es\/ceipsanblas\/wp-json\/wp\/v2\/users\/5613"}],"replies":[{"embeddable":true,"href":"https:\/\/blogsaverroes.juntadeandalucia.es\/ceipsanblas\/wp-json\/wp\/v2\/comments?post=4059"}],"version-history":[{"count":8,"href":"https:\/\/blogsaverroes.juntadeandalucia.es\/ceipsanblas\/wp-json\/wp\/v2\/pages\/4059\/revisions"}],"predecessor-version":[{"id":4187,"href":"https:\/\/blogsaverroes.juntadeandalucia.es\/ceipsanblas\/wp-json\/wp\/v2\/pages\/4059\/revisions\/4187"}],"up":[{"embeddable":true,"href":"https:\/\/blogsaverroes.juntadeandalucia.es\/ceipsanblas\/wp-json\/wp\/v2\/pages\/2347"}],"wp:attachment":[{"href":"https:\/\/blogsaverroes.juntadeandalucia.es\/ceipsanblas\/wp-json\/wp\/v2\/media?parent=4059"}],"curies":[{"name":"wp","href":"https:\/\/api.w.org\/{rel}","templated":true}]}}