{"id":424,"date":"2015-03-20T07:05:20","date_gmt":"2015-03-20T07:05:20","guid":{"rendered":"http:\/\/blogsaverroes.juntadeandalucia.es\/pre\/ceip\/?page_id=424"},"modified":"2025-09-02T08:52:45","modified_gmt":"2025-09-02T08:52:45","slug":"educacion-infantil","status":"publish","type":"page","link":"https:\/\/blogsaverroes.juntadeandalucia.es\/ceipsanblas\/educacion-infantil\/","title":{"rendered":"EDUCACION INFANTIL"},"content":{"rendered":"<h3><strong>LISTAS DE MATERIAL CURSO 23<\/strong><strong>-24<\/strong><\/h3>\n<ul>\n<li><a href=\"https:\/\/drive.google.com\/file\/d\/1IlFXMTy-sez3W5I4QFCA1Sk7nJ0M7jry\/view?usp=drive_link\">INFANTIL 3 A\u00d1OS<\/a><\/li>\n<li><a href=\"https:\/\/drive.google.com\/file\/d\/1YQa-9kxl2kzVrL_BA0N60ePcdO0qeCQt\/view?usp=drive_link\">INFANTIL 4 A\u00d1OS<\/a><\/li>\n<li><a href=\"https:\/\/drive.google.com\/file\/d\/13pQgwVWPClw0_FNLuwD8wuI9vd7A2RFQ\/view?usp=drive_link\">INFANTIL 5 A\u00d1OS<\/a><\/li>\n<\/ul>\n","protected":false},"excerpt":{"rendered":"<p>LISTAS DE MATERIAL CURSO 23-24 INFANTIL 3 A\u00d1OS INFANTIL 4 A\u00d1OS INFANTIL 5 A\u00d1OS<\/p>\n","protected":false},"author":1,"featured_media":0,"parent":0,"menu_order":0,"comment_status":"closed","ping_status":"open","template":"","meta":{"ngg_post_thumbnail":0,"footnotes":"","_mc_calendar":[]},"aioseo_notices":[],"_links":{"self":[{"href":"https:\/\/blogsaverroes.juntadeandalucia.es\/ceipsanblas\/wp-json\/wp\/v2\/pages\/424"}],"collection":[{"href":"https:\/\/blogsaverroes.juntadeandalucia.es\/ceipsanblas\/wp-json\/wp\/v2\/pages"}],"about":[{"href":"https:\/\/blogsaverroes.juntadeandalucia.es\/ceipsanblas\/wp-json\/wp\/v2\/types\/page"}],"author":[{"embeddable":true,"href":"https:\/\/blogsaverroes.juntadeandalucia.es\/ceipsanblas\/wp-json\/wp\/v2\/users\/1"}],"replies":[{"embeddable":true,"href":"https:\/\/blogsaverroes.juntadeandalucia.es\/ceipsanblas\/wp-json\/wp\/v2\/comments?post=424"}],"version-history":[{"count":21,"href":"https:\/\/blogsaverroes.juntadeandalucia.es\/ceipsanblas\/wp-json\/wp\/v2\/pages\/424\/revisions"}],"predecessor-version":[{"id":4359,"href":"https:\/\/blogsaverroes.juntadeandalucia.es\/ceipsanblas\/wp-json\/wp\/v2\/pages\/424\/revisions\/4359"}],"wp:attachment":[{"href":"https:\/\/blogsaverroes.juntadeandalucia.es\/ceipsanblas\/wp-json\/wp\/v2\/media?parent=424"}],"curies":[{"name":"wp","href":"https:\/\/api.w.org\/{rel}","templated":true}]}}