{"id":4240,"date":"2024-11-05T09:14:48","date_gmt":"2024-11-05T09:14:48","guid":{"rendered":"https:\/\/blogsaverroes.juntadeandalucia.es\/ceipsanblas\/?page_id=4240"},"modified":"2025-06-27T10:52:59","modified_gmt":"2025-06-27T10:52:59","slug":"curso-2024-2025","status":"publish","type":"page","link":"https:\/\/blogsaverroes.juntadeandalucia.es\/ceipsanblas\/galeria\/curso-2024-2025\/","title":{"rendered":"CURSO 2024-2025"},"content":{"rendered":"<ul>\n<li><a href=\"https:\/\/drive.google.com\/drive\/folders\/1--_12w2JrCI2iDFIsBUAvr6sdBaG2nQt?usp=sharing\">HALLOWEEN<\/a><\/li>\n<li><a href=\"https:\/\/drive.google.com\/drive\/folders\/1eoq2pPLgBH9wKLJ5TiGej3gcr-45svHo?usp=sharing\">D\u00cdA DEL FLAMENCO<\/a><\/li>\n<li><a href=\"https:\/\/drive.google.com\/drive\/folders\/1zCUhBJzUU0RILb5X2lwW3GIK8HlVt_fT?usp=sharing\">ZOO DE JEREZ<\/a><\/li>\n<li><a href=\"https:\/\/drive.google.com\/drive\/folders\/102v54x4EZO3w1fDrh5vi2NrmgIVvKSwo?usp=sharing\">FOTOS DE 2\u00ba<\/a><\/li>\n<li><a href=\"https:\/\/drive.google.com\/drive\/folders\/1AmpJapInqebF8ixWHvDN9wOwOdL4eQTo?usp=sharing\">FOTOS DE 4\u00ba<\/a><\/li>\n<li><a href=\"https:\/\/drive.google.com\/drive\/folders\/12omG8gai8SOlWgWXN2v4ULs6vsyKBm2u?usp=sharing\">FOTOS DE 5\u00ba<\/a><\/li>\n<li><a href=\"https:\/\/drive.google.com\/drive\/folders\/1p3Jxup7Awl1hh6SdBrrm3rRv8SBMuEVP?usp=sharing\">MASTERCLASS ART\u00cdSTICA 6\u00ba<\/a><\/li>\n<li><a href=\"https:\/\/drive.google.com\/drive\/folders\/1KDQnu3xPApURRDTfl_1zQVp_GgGacBBE?usp=sharing\">CARRERA D\u00cdA DE ANDALUC\u00cdA<\/a><\/li>\n<li><a href=\"https:\/\/drive.google.com\/drive\/folders\/1JrAehc9LpOi2cY7iTBAcRlQGZl6C91m0?usp=sharing\">GINKANA<\/a><\/li>\n<li><a href=\"https:\/\/drive.google.com\/drive\/folders\/1qhIrko73Vosbd3U_refhFjXPV11mYwcJ?usp=sharing\">CARNAVAL<\/a><\/li>\n<li><a title=\"FERIA 2025\" href=\"https:\/\/blogsaverroes.juntadeandalucia.es\/ceipsanblas\/galeria\/curso-2024-2025\/feria-2025\/\">FERIA 2025<\/a><\/li>\n<li>EXCURSI\u00d3N FIN DE CURSO 6\u00ba<\/li>\n<li><a href=\"https:\/\/photos.app.goo.gl\/cPJ1Yfyshn4psNht9\">EXCURSI\u00d3N FIN DE CURSO 4\u00ba Y 5\u00ba<\/a><\/li>\n<li><a href=\"https:\/\/photos.app.goo.gl\/egNzTmdKAZHEfps77\">PISCINA MUNICIPAL<\/a><\/li>\n<li><a href=\"https:\/\/photos.app.goo.gl\/f5t9uSB7KhaSfqVRA\">ENTREGA DIPLOMAS B\u00c1DMINTON.<\/a><\/li>\n<li><a href=\"https:\/\/photos.app.goo.gl\/NZ88ZBHSr2cTyCt19\">ENTREGA DIPLOMAS PINFUBOTE.<\/a><\/li>\n<li><a href=\"https:\/\/photos.app.goo.gl\/6fZ595aVxSYe9F1o6\">GRADUACI\u00d3N DE 6\u00ba<\/a><\/li>\n<li><a href=\"https:\/\/photos.app.goo.gl\/LDueeLyYwXkj5pm18\">GRADUACI\u00d3N DE INFANTIL<\/a><\/li>\n<\/ul>\n","protected":false},"excerpt":{"rendered":"<p>HALLOWEEN D\u00cdA DEL FLAMENCO ZOO DE JEREZ FOTOS DE 2\u00ba FOTOS DE 4\u00ba FOTOS DE 5\u00ba MASTERCLASS ART\u00cdSTICA 6\u00ba CARRERA D\u00cdA DE ANDALUC\u00cdA GINKANA CARNAVAL FERIA 2025 EXCURSI\u00d3N FIN DE CURSO 6\u00ba EXCURSI\u00d3N FIN&#46;&#46;&#46;<\/p>\n","protected":false},"author":5613,"featured_media":0,"parent":2347,"menu_order":0,"comment_status":"closed","ping_status":"closed","template":"","meta":{"ngg_post_thumbnail":0,"footnotes":"","_mc_calendar":[]},"aioseo_notices":[],"_links":{"self":[{"href":"https:\/\/blogsaverroes.juntadeandalucia.es\/ceipsanblas\/wp-json\/wp\/v2\/pages\/4240"}],"collection":[{"href":"https:\/\/blogsaverroes.juntadeandalucia.es\/ceipsanblas\/wp-json\/wp\/v2\/pages"}],"about":[{"href":"https:\/\/blogsaverroes.juntadeandalucia.es\/ceipsanblas\/wp-json\/wp\/v2\/types\/page"}],"author":[{"embeddable":true,"href":"https:\/\/blogsaverroes.juntadeandalucia.es\/ceipsanblas\/wp-json\/wp\/v2\/users\/5613"}],"replies":[{"embeddable":true,"href":"https:\/\/blogsaverroes.juntadeandalucia.es\/ceipsanblas\/wp-json\/wp\/v2\/comments?post=4240"}],"version-history":[{"count":13,"href":"https:\/\/blogsaverroes.juntadeandalucia.es\/ceipsanblas\/wp-json\/wp\/v2\/pages\/4240\/revisions"}],"predecessor-version":[{"id":4280,"href":"https:\/\/blogsaverroes.juntadeandalucia.es\/ceipsanblas\/wp-json\/wp\/v2\/pages\/4240\/revisions\/4280"}],"up":[{"embeddable":true,"href":"https:\/\/blogsaverroes.juntadeandalucia.es\/ceipsanblas\/wp-json\/wp\/v2\/pages\/2347"}],"wp:attachment":[{"href":"https:\/\/blogsaverroes.juntadeandalucia.es\/ceipsanblas\/wp-json\/wp\/v2\/media?parent=4240"}],"curies":[{"name":"wp","href":"https:\/\/api.w.org\/{rel}","templated":true}]}}