{"id":44,"date":"2015-03-13T08:42:15","date_gmt":"2015-03-13T08:42:15","guid":{"rendered":"http:\/\/blogsaverroes.juntadeandalucia.es\/pre\/ceip\/?page_id=44"},"modified":"2023-06-04T09:08:27","modified_gmt":"2023-06-04T09:08:27","slug":"planes-y-proyectos","status":"publish","type":"page","link":"https:\/\/blogsaverroes.juntadeandalucia.es\/ceipsanblas\/planes-y-proyectos\/","title":{"rendered":"Planes y Programas"},"content":{"rendered":"<p>&nbsp;<\/p>\n<p><a href=\"https:\/\/blogsaverroes.juntadeandalucia.es\/ceipsanblas\/files\/2021\/10\/PLANES-Y-PROGRAMAS.png\"><img loading=\"lazy\" decoding=\"async\" class=\"aligncenter wp-image-3508\" src=\"https:\/\/blogsaverroes.juntadeandalucia.es\/ceipsanblas\/files\/2021\/10\/PLANES-Y-PROGRAMAS.png\" alt=\"\" width=\"283\" height=\"274\" srcset=\"https:\/\/blogsaverroes.juntadeandalucia.es\/ceipsanblas\/files\/2021\/10\/PLANES-Y-PROGRAMAS.png 1408w, https:\/\/blogsaverroes.juntadeandalucia.es\/ceipsanblas\/files\/2021\/10\/PLANES-Y-PROGRAMAS-300x290.png 300w, https:\/\/blogsaverroes.juntadeandalucia.es\/ceipsanblas\/files\/2021\/10\/PLANES-Y-PROGRAMAS-1024x991.png 1024w, https:\/\/blogsaverroes.juntadeandalucia.es\/ceipsanblas\/files\/2021\/10\/PLANES-Y-PROGRAMAS-768x743.png 768w, https:\/\/blogsaverroes.juntadeandalucia.es\/ceipsanblas\/files\/2021\/10\/PLANES-Y-PROGRAMAS-700x678.png 700w\" sizes=\"(max-width: 283px) 100vw, 283px\" \/><\/a><\/p>\n<p>PLAN DE APERTURA DE CENTROS<\/p>\n<ul>\n<li><a href=\"https:\/\/blogsaverroes.juntadeandalucia.es\/ceipsanblas\/planes-y-proyectos\/aula-matinal\/\"><strong>Aula Matinal.<\/strong><\/a><\/li>\n<li><a title=\"COMEDOR\" href=\"https:\/\/blogsaverroes.juntadeandalucia.es\/ceipsanblas\/comedor\/\"><b>Comedor escolar.<\/b><\/a><\/li>\n<\/ul>\n<p>PLANES EDUCATIVOS<\/p>\n<ul>\n<li><strong><a title=\"COEDUCACI\u00d3N 22-23\" href=\"https:\/\/blogsaverroes.juntadeandalucia.es\/ceipsanblas\/planes-y-proyectos\/coeducacion-22-23\/\">Plan de Igualdad entre Hombres y Mujeres.<\/a><\/strong><\/li>\n<li><a href=\"https:\/\/blogsaverroes.juntadeandalucia.es\/ceipsanblas\/planes-y-proyectos\/proa\/\"><strong>PROA Andaluc\u00eda Plan de Acompa\u00f1amiento Escolar.<\/strong><\/a><\/li>\n<li><a href=\"https:\/\/blogsaverroes.juntadeandalucia.es\/ceipsanblas\/planes-y-proyectos\/pale\/\"><strong>Plan de Acompa\u00f1amiento en Lengua Extranjera.<\/strong><\/a><\/li>\n<li>Convivencia escolar: Escuela espacio de paz<strong>.<\/strong><\/li>\n<\/ul>\n<p>PROGRAMAS PARA LA INNOVACI\u00d3N EDUCATIVA<\/p>\n<ul>\n<li>H\u00e1bitos de vida saludable: Creciendo en salud<b>.<\/b><\/li>\n<li><a href=\"https:\/\/sites.google.com\/ceipsanblas.org\/ceip-san-blas\/inicio\">Lectura y bibliotecas escolares:&nbsp;Programa Comunica.<\/a><\/li>\n<li><a title=\"VALOR Y SENTIR EL PATRIMONIO\" href=\"https:\/\/blogsaverroes.juntadeandalucia.es\/ceipsanblas\/planes-y-proyectos\/valor-y-sentir-el-patrimonio\/\">Vivir y sentir el patrimonio.<\/a><\/li>\n<\/ul>\n<p>&nbsp;<\/p>\n","protected":false},"excerpt":{"rendered":"<p>&nbsp; PLAN DE APERTURA DE CENTROS Aula Matinal. Comedor escolar. PLANES EDUCATIVOS Plan de Igualdad entre Hombres y Mujeres. PROA Andaluc\u00eda Plan de Acompa\u00f1amiento Escolar. Plan de Acompa\u00f1amiento en Lengua Extranjera. Convivencia escolar: Escuela&#46;&#46;&#46;<\/p>\n","protected":false},"author":1,"featured_media":0,"parent":0,"menu_order":0,"comment_status":"closed","ping_status":"closed","template":"template-full-width.php","meta":{"ngg_post_thumbnail":0,"footnotes":"","_mc_calendar":[]},"aioseo_notices":[],"_links":{"self":[{"href":"https:\/\/blogsaverroes.juntadeandalucia.es\/ceipsanblas\/wp-json\/wp\/v2\/pages\/44"}],"collection":[{"href":"https:\/\/blogsaverroes.juntadeandalucia.es\/ceipsanblas\/wp-json\/wp\/v2\/pages"}],"about":[{"href":"https:\/\/blogsaverroes.juntadeandalucia.es\/ceipsanblas\/wp-json\/wp\/v2\/types\/page"}],"author":[{"embeddable":true,"href":"https:\/\/blogsaverroes.juntadeandalucia.es\/ceipsanblas\/wp-json\/wp\/v2\/users\/1"}],"replies":[{"embeddable":true,"href":"https:\/\/blogsaverroes.juntadeandalucia.es\/ceipsanblas\/wp-json\/wp\/v2\/comments?post=44"}],"version-history":[{"count":25,"href":"https:\/\/blogsaverroes.juntadeandalucia.es\/ceipsanblas\/wp-json\/wp\/v2\/pages\/44\/revisions"}],"predecessor-version":[{"id":4014,"href":"https:\/\/blogsaverroes.juntadeandalucia.es\/ceipsanblas\/wp-json\/wp\/v2\/pages\/44\/revisions\/4014"}],"wp:attachment":[{"href":"https:\/\/blogsaverroes.juntadeandalucia.es\/ceipsanblas\/wp-json\/wp\/v2\/media?parent=44"}],"curies":[{"name":"wp","href":"https:\/\/api.w.org\/{rel}","templated":true}]}}