{"id":77,"date":"2015-03-16T06:54:56","date_gmt":"2015-03-16T06:54:56","guid":{"rendered":"http:\/\/blogsaverroes.juntadeandalucia.es\/pre\/ceip\/?page_id=77"},"modified":"2025-10-17T07:51:07","modified_gmt":"2025-10-17T07:51:07","slug":"secretaria","status":"publish","type":"page","link":"https:\/\/blogsaverroes.juntadeandalucia.es\/ceipsanblas\/secretaria\/","title":{"rendered":"Secretar\u00eda"},"content":{"rendered":"<p>Pincha sobre la imagen para acceder al calendario de citas.<\/p>\n<p><a href=\"https:\/\/calendar.google.com\/calendar\/selfsched?sstoken=UUQweE5BOWo4d0dtfGRlZmF1bHR8Yzc2MTJmNTcxYTc5YWE1ZDRmMTlmMTUyZmYyY2I5YzY\"><img loading=\"lazy\" decoding=\"async\" class=\"aligncenter size-thumbnail wp-image-3352\" src=\"https:\/\/blogsaverroes.juntadeandalucia.es\/ceipsanblas\/files\/2020\/12\/banner-2-150x150.png\" alt=\"\" width=\"150\" height=\"150\" srcset=\"https:\/\/blogsaverroes.juntadeandalucia.es\/ceipsanblas\/files\/2020\/12\/banner-2-150x150.png 150w, https:\/\/blogsaverroes.juntadeandalucia.es\/ceipsanblas\/files\/2020\/12\/banner-2-100x100.png 100w, https:\/\/blogsaverroes.juntadeandalucia.es\/ceipsanblas\/files\/2020\/12\/banner-2-268x268.png 268w\" sizes=\"(max-width: 150px) 100vw, 150px\" \/><\/a><\/p>\n<p><strong>HORARIO DE SECRETAR\u00cdA<\/strong>:<\/p>\n<ul>\n<li><em><strong>LUNES y MARTES:<\/strong><\/em> De 09:00 a 10:00 horas.<\/li>\n<li><em><strong>MI\u00c9RCOLES Y JUEVES: <\/strong><\/em>De 12:30 a 13:15 horas.<\/li>\n<\/ul>\n<p>La <strong>Secretar\u00eda<\/strong> desarrolla muchas funciones importantes en la vida de un centro, especialmente en la relaci\u00f3n que mantiene con las familias en los diferentes tr\u00e1mites administrativos a lo largo de la escolarizaci\u00f3n: admisi\u00f3n, matr\u00edcula, comedor escolar, becas, etc.<\/p>\n<p>Es por esto que nuestra Web, como puerta de entrada y canal de informaci\u00f3n a la comunidad educativa, informa sobre el horario de la secretar\u00eda, tr\u00e1mites a realizar, plazos, documentaci\u00f3n, etc., con el objetivo de conseguir una mayor <strong>transparencia, agilidad y eficiencia.<\/strong><\/p>\n<p>&nbsp;<\/p>\n","protected":false},"excerpt":{"rendered":"<p>Pincha sobre la imagen para acceder al calendario de citas. HORARIO DE SECRETAR\u00cdA: LUNES y MARTES: De 09:00 a 10:00 horas. MI\u00c9RCOLES Y JUEVES: De 12:30 a 13:15 horas. La Secretar\u00eda desarrolla muchas funciones&#46;&#46;&#46;<\/p>\n","protected":false},"author":1,"featured_media":0,"parent":0,"menu_order":0,"comment_status":"closed","ping_status":"open","template":"","meta":{"ngg_post_thumbnail":0,"footnotes":"","_mc_calendar":[]},"aioseo_notices":[],"_links":{"self":[{"href":"https:\/\/blogsaverroes.juntadeandalucia.es\/ceipsanblas\/wp-json\/wp\/v2\/pages\/77"}],"collection":[{"href":"https:\/\/blogsaverroes.juntadeandalucia.es\/ceipsanblas\/wp-json\/wp\/v2\/pages"}],"about":[{"href":"https:\/\/blogsaverroes.juntadeandalucia.es\/ceipsanblas\/wp-json\/wp\/v2\/types\/page"}],"author":[{"embeddable":true,"href":"https:\/\/blogsaverroes.juntadeandalucia.es\/ceipsanblas\/wp-json\/wp\/v2\/users\/1"}],"replies":[{"embeddable":true,"href":"https:\/\/blogsaverroes.juntadeandalucia.es\/ceipsanblas\/wp-json\/wp\/v2\/comments?post=77"}],"version-history":[{"count":9,"href":"https:\/\/blogsaverroes.juntadeandalucia.es\/ceipsanblas\/wp-json\/wp\/v2\/pages\/77\/revisions"}],"predecessor-version":[{"id":4371,"href":"https:\/\/blogsaverroes.juntadeandalucia.es\/ceipsanblas\/wp-json\/wp\/v2\/pages\/77\/revisions\/4371"}],"wp:attachment":[{"href":"https:\/\/blogsaverroes.juntadeandalucia.es\/ceipsanblas\/wp-json\/wp\/v2\/media?parent=77"}],"curies":[{"name":"wp","href":"https:\/\/api.w.org\/{rel}","templated":true}]}}