{"id":82,"date":"2015-03-16T06:59:55","date_gmt":"2015-03-16T06:59:55","guid":{"rendered":"http:\/\/blogsaverroes.juntadeandalucia.es\/pre\/ceip\/?page_id=82"},"modified":"2025-10-17T08:01:09","modified_gmt":"2025-10-17T08:01:09","slug":"horarios","status":"publish","type":"page","link":"https:\/\/blogsaverroes.juntadeandalucia.es\/ceipsanblas\/horarios\/","title":{"rendered":"Horarios"},"content":{"rendered":"<p><a href=\"https:\/\/blogsaverroes.juntadeandalucia.es\/ceipsanblas\/files\/2015\/03\/horario2.jpg\"><img loading=\"lazy\" decoding=\"async\" class=\"aligncenter wp-image-1675 \" src=\"https:\/\/blogsaverroes.juntadeandalucia.es\/ceipsanblas\/files\/2015\/03\/horario2-300x212.jpg\" alt=\"\" width=\"152\" height=\"109\"><\/a><\/p>\n<p>Respecto a la <strong>entrada y salida<\/strong><\/p>\n<p><strong>Las Normas Generales del Centro<\/strong> , aprobadas en Consejo Escolar son las siguientes:<\/p>\n<ol>\n<li><strong> Jornada Escolar<\/strong>.<\/li>\n<\/ol>\n<p>La Jornada escolar ser\u00e1 de 09:00 horas de la ma\u00f1ana a 14:00 horas de la tarde.<\/p>\n<ol start=\"2\">\n<li><strong> Normas de entradas y salidas al CEIP \u201cSan Blas\u201d<\/strong><\/li>\n<\/ol>\n<p><strong>Puertas de acceso<\/strong> para:<\/p>\n<table width=\"572\">\n<tbody>\n<tr>\n<td width=\"185\">&nbsp;<\/p>\n<p>EDUCACI\u00d3N INFANTIL<\/td>\n<td width=\"387\">&nbsp;<\/p>\n<p>A trav\u00e9s de la puerta situada en la Avd. De la Estaci\u00f3n.<\/td>\n<\/tr>\n<tr>\n<td width=\"185\">&nbsp;<\/p>\n<p>EDUCACI\u00d3N PRIMARIA<\/td>\n<td width=\"387\">&nbsp;<\/p>\n<p>Por ambas puertas (a trav\u00e9s de la puerta situada en la Avd. De la Estaci\u00f3n y la de Carretera de Brenes).<\/td>\n<\/tr>\n<\/tbody>\n<\/table>\n<p><strong>La hora de entrada al Centro, ser\u00e1<\/strong> <strong>a las 9:00 horas de la ma\u00f1ana por la puerta indicada.<\/strong><\/p>\n<p style=\"text-align: justify\">Una vez que el alumnado de Educaci\u00f3n Primaria acceda al Centro se ir\u00e1 directamente a sus aulas, sin necesidad de hacer fila. All\u00ed, el\/la Tutor@ o maestr@ especialista que imparta clase a primera hora los recibir\u00e1.<\/p>\n<p style=\"text-align: justify\">El alumnado de Educaci\u00f3n Infantil una vez pasado un tiempo prudencial de adaptaci\u00f3n, acceder\u00e1 s\u00f3lo al Centro, y no se permitir\u00e1 la entrada de padres\/madres al patio, por el bien del alumnado. Las tutoras estar\u00e1n esperando a <a href=\"mailto:l@s\">l@s<\/a> ni\u00f1@s en sus respectivas clases.<\/p>\n<p style=\"text-align: justify\">Cualquier comunicaci\u00f3n que deseen realizar a las tutoras lo har\u00e1n mediante una nota que entregar\u00e1n a sus hij@s.<\/p>\n<p style=\"text-align: justify\"><strong>3<\/strong>. Las puertas se abrir\u00e1n a las 8:55 y se cerrar\u00e1n a las 9:05 horas. A partir de ese momento todo el alumnado acceder\u00e1 al Centro por la puerta principal, situada en la Carretera de Brenes, s\/n y s\u00f3lo se permitir\u00e1 el acceso acompa\u00f1ado de un adulto que dejar\u00e1 registrado el motivo del retraso.<\/p>\n<p style=\"text-align: justify\"><strong>4<\/strong>. L@s alumn@s de Primaria saldr\u00e1n al patio a las 14.00 horas y podr\u00e1n salir a la calle por la puerta cualquiera de las dos puertas, donde deber\u00e1n estar sus <a href=\"mailto:padres\/madres\/tutor@s\">padres\/madres\/tutor@s<\/a> legales o persona designada por \u00e9st@s para recogerl@s.<\/p>\n<p style=\"text-align: justify\">L@s alumn@s de Infantil saldr\u00e1n por la puerta de la Avd de la Estaci\u00f3n, siendo recogid@s por sus <a href=\"mailto:padres\/madres\/tutor@s\">padres\/madres\/tutor@s<\/a> legales o persona designada por \u00e9st@s en la cancela del patio a las 13.50 horas, con el fin de facilitar a las familias, la recogida de herman@s de Primaria.<\/p>\n<p style=\"text-align: justify\"><strong>5<\/strong>. El horario de recogida en Primaria ser\u00e1 a las 14.00 horas. A partir de este momento, tanto del alumnado de Infantil, como del alumnado de Primaria, l@s profesor@s no ser\u00e1n responsables de l@s alumn@s no recogid@s. Y se proceder\u00e1 a llevar al alumnado a la polic\u00eda para que lo lleve a su casa. Siguiendo el protocolo establecido con la amonestaci\u00f3n correspondiente.<\/p>\n<p style=\"text-align: justify\">Se ruega a l@s <a href=\"mailto:padres\/madres\/tutor@s\">padres\/madres\/tutor@s<\/a> legales que tengan alg\u00fan problema en la recogida contacten con alg\u00fan familiar u otra persona para que se haga cargo de su hij@ y entreguen a la persona designada por ell@s la correspondiente autorizaci\u00f3n y en casos excepcionales contacten previamente con su tutor@. En el aplicativo IPASEN existe un tr\u00e1mite que se denomina \u00abAutorizaciones de recogida\u00bb donde cada familia puede dar de alta a alg\u00fan adulto que se responsabilice de la recogida del alumno\/a.<\/p>\n<p style=\"text-align: justify\"><strong>6.<\/strong>En caso de que tengan que recoger tanto al alumnado de Infantil como de Primaria antes de la hora de salida, o pasada la hora de entrada, se acceder\u00e1 por la puerta principal y deber\u00e1n justificarlo debidamente.<\/p>\n<ol style=\"text-align: justify\" start=\"7\">\n<li style=\"list-style-type: none\">\n<ol>\n<li>Esta circunstancia deber\u00e1 ser comunicada con anticipaci\u00f3n al tutor@ del aula.<\/li>\n<li>El\/la alumn@ s\u00f3lo podr\u00e1 salir del Centro con el padre\/ madre\/ tutor@ legal o persona debidamente autorizada por \u00e9stos.<\/li>\n<li>La persona que recoge al alumn@ rellenar\u00e1 una autorizaci\u00f3n al Conserje en el que figure la hora de entrada, el motivo de la salida y la firma de esta persona en la ventanilla de Conserjer\u00eda.<\/li>\n<li>Mientras tanto, el Conserje del Centro ir\u00e1 al aula a por el alumn@.<\/li>\n<\/ol>\n<\/li>\n<\/ol>\n<p style=\"text-align: justify\"><strong>7<\/strong>. Las salidas fuera del Centro para realizar diferentes actividades complementarias y extraescolares ser\u00e1n autorizadas por l@s <a href=\"mailto:padres\/madres\/tutor@s\">padres\/madres\/tutor@s<\/a> legales con anterioridad a las mismas. En la comunicaci\u00f3n enviada a trav\u00e9s de IPASEN a l@s padres\/madres se notificar\u00e1 el lugar donde se realice esta actividad, la fecha y el plazo para entregar autorizaci\u00f3n, as\u00ed como el pago de la misma.<\/p>\n<p style=\"text-align: justify\">Este <em>plazo ser\u00e1 improrrogable<\/em> pues viene determinado por las personas encargadas de la actividad que necesitan saber el n\u00famero de alumn@s que tienen que atender, as\u00ed como la propia organizaci\u00f3n del Centro.<\/p>\n<p style=\"text-align: justify\">L@s alumn@s deber\u00e1n entregar el pago de la misma en sobre cerrado con su nombre y curso al que corresponda al tutor@.<\/p>\n<p style=\"text-align: justify\">L@s alumn@s deben salir y volver al Centro, una vez concluida la actividad.<\/p>\n<p style=\"text-align: justify\"><strong>8<\/strong>. Para no alterar el ritmo de las clases, se ruega que cualquier consulta al profesorado se haga en <strong>horario de tutor\u00eda los lunes de 16.00 a 17.00 horas<\/strong>. Se recuerda a l@s <a href=\"mailto:padres\/madres\/tutor@s\">padres\/madres\/tutor@s<\/a> legales, que no podr\u00e1n asistir a reuniones de tutor\u00eda acompa\u00f1ados de ning\u00fan menor.<\/p>\n<p style=\"text-align: justify\">Las incidencias puntuales a l@s tutor@s se har\u00e1n por&nbsp; IPASEN.<\/p>\n<p style=\"text-align: justify\">Para no interrumpir las clases y fomentar la responsabilidad del alumnado, no se traer\u00e1 al Centro <strong><u>NADA<\/u><\/strong> que l@s alumn@s hayan dejado en casa olvidado.<\/p>\n<p style=\"text-align: justify\"><strong>9<\/strong>. L@s alumn@s vendr\u00e1n con ropa c\u00f3moda y adecuada a la actividad que realiza el colegio.<\/p>\n<p style=\"text-align: justify\"><strong>10<\/strong>. L@s alumn@s deben venir desayunados.<\/p>\n<p style=\"text-align: justify\"><strong>11.<\/strong> L@s profesor@s no est\u00e1n autorizad@s a administrar ning\u00fan medicamento. En caso de enfermedad el\/la alumn@ permanecer\u00e1 en casa hasta su total recuperaci\u00f3n. En todo caso, se estar\u00e1 a lo dispuesto en la Gu\u00eda de Actuaci\u00f3n sobre \u201cAsistencia medico-sanitaria en los centros\u201d, emitida por el Delegado Provincial de Sevilla de la Consejer\u00eda de Educaci\u00f3n.<\/p>\n<p style=\"text-align: justify\"><strong>12<\/strong>. L@s profesor@s no se responsabilizan de los juguetes y otros objetos que l@s alumn@s puedan traer a clase.<\/p>\n<p style=\"text-align: justify\"><strong>13<\/strong>. L@s alumn@s de Educaci\u00f3n Infantil no traer\u00e1n ni mochila de ruedas ni paraguas por el peligro que dichos objetos conllevan.<\/p>\n<p style=\"text-align: justify\"><strong>14<\/strong>.La ropa y efectos personales de todo el alumnado, deber\u00e1 venir marcada para evitar confusiones y p\u00e9rdidas.<\/p>\n<p style=\"text-align: justify\"><strong>15<\/strong>. Con objeto de evitar interrupciones y poder atender debidamente a las familias <strong>no se permitir\u00e1 la presencia de menores ni en las reuniones generales ni en las tutor\u00edas<\/strong>.<\/p>\n<p>&nbsp;<\/p>\n","protected":false},"excerpt":{"rendered":"<p>Respecto a la entrada y salida Las Normas Generales del Centro , aprobadas en Consejo Escolar son las siguientes: Jornada Escolar. La Jornada escolar ser\u00e1 de 09:00 horas de la ma\u00f1ana a 14:00 horas&#46;&#46;&#46;<\/p>\n","protected":false},"author":1,"featured_media":0,"parent":0,"menu_order":0,"comment_status":"closed","ping_status":"open","template":"","meta":{"ngg_post_thumbnail":0,"footnotes":"","_mc_calendar":[]},"aioseo_notices":[],"_links":{"self":[{"href":"https:\/\/blogsaverroes.juntadeandalucia.es\/ceipsanblas\/wp-json\/wp\/v2\/pages\/82"}],"collection":[{"href":"https:\/\/blogsaverroes.juntadeandalucia.es\/ceipsanblas\/wp-json\/wp\/v2\/pages"}],"about":[{"href":"https:\/\/blogsaverroes.juntadeandalucia.es\/ceipsanblas\/wp-json\/wp\/v2\/types\/page"}],"author":[{"embeddable":true,"href":"https:\/\/blogsaverroes.juntadeandalucia.es\/ceipsanblas\/wp-json\/wp\/v2\/users\/1"}],"replies":[{"embeddable":true,"href":"https:\/\/blogsaverroes.juntadeandalucia.es\/ceipsanblas\/wp-json\/wp\/v2\/comments?post=82"}],"version-history":[{"count":7,"href":"https:\/\/blogsaverroes.juntadeandalucia.es\/ceipsanblas\/wp-json\/wp\/v2\/pages\/82\/revisions"}],"predecessor-version":[{"id":4375,"href":"https:\/\/blogsaverroes.juntadeandalucia.es\/ceipsanblas\/wp-json\/wp\/v2\/pages\/82\/revisions\/4375"}],"wp:attachment":[{"href":"https:\/\/blogsaverroes.juntadeandalucia.es\/ceipsanblas\/wp-json\/wp\/v2\/media?parent=82"}],"curies":[{"name":"wp","href":"https:\/\/api.w.org\/{rel}","templated":true}]}}