{"id":35,"date":"2015-03-13T08:21:43","date_gmt":"2015-03-13T08:21:43","guid":{"rendered":"http:\/\/blogsaverroes.juntadeandalucia.es\/pre\/ceip\/?page_id=35"},"modified":"2022-02-13T16:04:55","modified_gmt":"2022-02-13T16:04:55","slug":"el-centro-2","status":"publish","type":"page","link":"https:\/\/blogsaverroes.juntadeandalucia.es\/ceipsanblaslapuertadesegura\/el-centro-2\/","title":{"rendered":"Datos del centro"},"content":{"rendered":"<p><iframe loading=\"lazy\" src=\"https:\/\/www.google.com\/maps\/embed?pb=!1m14!1m8!1m3!1d12514.885577368053!2d-2.7395!3d38.35543!3m2!1i1024!2i768!4f13.1!3m3!1m2!1s0x0%3A0xfe6b70a49653b516!2sC%20E%20I%20P%20San%20Blas!5e0!3m2!1ses!2ses!4v1619988254238!5m2!1ses!2ses\" width=\"600\" height=\"450\"><\/iframe><\/p>\n<h4>Datos de contacto<\/h4>\n<p><strong>Direcci\u00f3n:<\/strong> &nbsp;Calle Maestra Emilia Garc\u00eda Bell\u00f3n, 5<\/p>\n<p>23360 La Puerta de Segura, Ja\u00e9n&nbsp;<\/p>\n<p><strong>Tel\u00e9fono 953499511 \/ Tel\u00e9fono M\u00f3vil 671566578 <\/strong><br \/>\n<strong>Email:<\/strong>&nbsp;23003405.edu@andaluciajunta.es<\/p>\n<h4><strong>Horarios<\/strong><\/h4>\n<p>El centro permanecer\u00e1 abierto desde las 9:00 hasta las 14:00 h de lunes a viernes&nbsp;<\/p>\n<p>&nbsp;<\/p>\n<!--themify_builder_content-->\n<div id=\"themify_builder_content-35\" data-postid=\"35\" class=\"themify_builder_content themify_builder_content-35 themify_builder tf_clear\">\n    <\/div>\n<!--\/themify_builder_content-->\n","protected":false},"excerpt":{"rendered":"<p>Datos de contacto Direcci\u00f3n: &nbsp;Calle Maestra Emilia Garc\u00eda Bell\u00f3n, 5 23360 La Puerta de Segura, Ja\u00e9n&nbsp; Tel\u00e9fono 953499511 \/ Tel\u00e9fono M\u00f3vil 671566578 Email:&nbsp;23003405.edu@andaluciajunta.es Horarios El centro permanecer\u00e1 abierto desde las 9:00 hasta las 14:00 h de lunes a viernes&nbsp; &nbsp;<\/p>\n","protected":false},"author":1,"featured_media":0,"parent":0,"menu_order":0,"comment_status":"closed","ping_status":"open","template":"","meta":{"ngg_post_thumbnail":0,"footnotes":"","_mc_calendar":[]},"aioseo_notices":[],"_links":{"self":[{"href":"https:\/\/blogsaverroes.juntadeandalucia.es\/ceipsanblaslapuertadesegura\/wp-json\/wp\/v2\/pages\/35"}],"collection":[{"href":"https:\/\/blogsaverroes.juntadeandalucia.es\/ceipsanblaslapuertadesegura\/wp-json\/wp\/v2\/pages"}],"about":[{"href":"https:\/\/blogsaverroes.juntadeandalucia.es\/ceipsanblaslapuertadesegura\/wp-json\/wp\/v2\/types\/page"}],"author":[{"embeddable":true,"href":"https:\/\/blogsaverroes.juntadeandalucia.es\/ceipsanblaslapuertadesegura\/wp-json\/wp\/v2\/users\/1"}],"replies":[{"embeddable":true,"href":"https:\/\/blogsaverroes.juntadeandalucia.es\/ceipsanblaslapuertadesegura\/wp-json\/wp\/v2\/comments?post=35"}],"version-history":[{"count":31,"href":"https:\/\/blogsaverroes.juntadeandalucia.es\/ceipsanblaslapuertadesegura\/wp-json\/wp\/v2\/pages\/35\/revisions"}],"predecessor-version":[{"id":3605,"href":"https:\/\/blogsaverroes.juntadeandalucia.es\/ceipsanblaslapuertadesegura\/wp-json\/wp\/v2\/pages\/35\/revisions\/3605"}],"wp:attachment":[{"href":"https:\/\/blogsaverroes.juntadeandalucia.es\/ceipsanblaslapuertadesegura\/wp-json\/wp\/v2\/media?parent=35"}],"curies":[{"name":"wp","href":"https:\/\/api.w.org\/{rel}","templated":true}]}}