{"id":141,"date":"2015-03-17T07:13:24","date_gmt":"2015-03-17T07:13:24","guid":{"rendered":"http:\/\/blogsaverroes.juntadeandalucia.es\/pre\/ceip\/?page_id=141"},"modified":"2020-12-18T23:53:06","modified_gmt":"2020-12-18T22:53:06","slug":"escolarizacion","status":"publish","type":"page","link":"https:\/\/blogsaverroes.juntadeandalucia.es\/ceipsanctipetri\/escolarizacion\/","title":{"rendered":"Escolarizaci\u00f3n"},"content":{"rendered":"<p><a href=\"https:\/\/blogsaverroes.juntadeandalucia.es\/ceipsanctipetri\/files\/2020\/12\/Escolarizaci\u00f3n-1.jpg\"><img decoding=\"async\" class=\"alignnone size-full wp-image-2513\" src=\"https:\/\/blogsaverroes.juntadeandalucia.es\/ceipsanctipetri\/files\/2020\/12\/Escolarizaci\u00f3n-1.jpg\" alt=\"\" width=\"412\" height=\"87\" srcset=\"https:\/\/blogsaverroes.juntadeandalucia.es\/ceipsanctipetri\/files\/2020\/12\/Escolarizaci\u00f3n-1.jpg 412w, https:\/\/blogsaverroes.juntadeandalucia.es\/ceipsanctipetri\/files\/2020\/12\/Escolarizaci\u00f3n-1-300x63.jpg 300w, https:\/\/blogsaverroes.juntadeandalucia.es\/ceipsanctipetri\/files\/2020\/12\/Escolarizaci\u00f3n-1-24x5.jpg 24w, https:\/\/blogsaverroes.juntadeandalucia.es\/ceipsanctipetri\/files\/2020\/12\/Escolarizaci\u00f3n-1-36x8.jpg 36w, https:\/\/blogsaverroes.juntadeandalucia.es\/ceipsanctipetri\/files\/2020\/12\/Escolarizaci\u00f3n-1-48x10.jpg 48w\" sizes=\"(max-width: 412px) 100vw, 412px\" \/><\/a><\/p>\n<p>Esta secci\u00f3n puede contener cuanta informaci\u00f3n sea de utilidad para las familias a la hora de de iniciar el proceso de escolarizaci\u00f3n: plazos, documentos, normativa, enlaces, etc.<\/p>\n<p><a href=\"https:\/\/www.juntadeandalucia.es\/educacion\/portals\/web\/escolarizacion\/infantil-a-bachillerato\">Enlace al portal de escolarizaci\u00f3n.<\/a><\/p>\n<p><a href=\"https:\/\/www.juntadeandalucia.es\/educacion\/portals\/web\/escolarizacion\/infantil-a-bachillerato\/normativa\">Normativa<\/a>&nbsp;sobre el proceso de escolarizaci\u00f3n.<\/p>\n","protected":false},"excerpt":{"rendered":"<p>Esta secci\u00f3n puede contener cuanta informaci\u00f3n sea de utilidad para las familias a la hora de de iniciar el proceso de escolarizaci\u00f3n: plazos, documentos, normativa, enlaces, etc. Enlace al portal de escolarizaci\u00f3n. Normativa&nbsp;sobre el&#46;&#46;&#46;<\/p>\n","protected":false},"author":1,"featured_media":0,"parent":0,"menu_order":0,"comment_status":"closed","ping_status":"open","template":"page-cs.php","meta":{"ngg_post_thumbnail":0,"footnotes":"","_mc_calendar":[]},"aioseo_notices":[],"_links":{"self":[{"href":"https:\/\/blogsaverroes.juntadeandalucia.es\/ceipsanctipetri\/wp-json\/wp\/v2\/pages\/141"}],"collection":[{"href":"https:\/\/blogsaverroes.juntadeandalucia.es\/ceipsanctipetri\/wp-json\/wp\/v2\/pages"}],"about":[{"href":"https:\/\/blogsaverroes.juntadeandalucia.es\/ceipsanctipetri\/wp-json\/wp\/v2\/types\/page"}],"author":[{"embeddable":true,"href":"https:\/\/blogsaverroes.juntadeandalucia.es\/ceipsanctipetri\/wp-json\/wp\/v2\/users\/1"}],"replies":[{"embeddable":true,"href":"https:\/\/blogsaverroes.juntadeandalucia.es\/ceipsanctipetri\/wp-json\/wp\/v2\/comments?post=141"}],"version-history":[{"count":8,"href":"https:\/\/blogsaverroes.juntadeandalucia.es\/ceipsanctipetri\/wp-json\/wp\/v2\/pages\/141\/revisions"}],"predecessor-version":[{"id":2514,"href":"https:\/\/blogsaverroes.juntadeandalucia.es\/ceipsanctipetri\/wp-json\/wp\/v2\/pages\/141\/revisions\/2514"}],"wp:attachment":[{"href":"https:\/\/blogsaverroes.juntadeandalucia.es\/ceipsanctipetri\/wp-json\/wp\/v2\/media?parent=141"}],"curies":[{"name":"wp","href":"https:\/\/api.w.org\/{rel}","templated":true}]}}