{"id":2280,"date":"2020-12-09T23:49:09","date_gmt":"2020-12-09T22:49:09","guid":{"rendered":"https:\/\/blogsaverroes.juntadeandalucia.es\/ceipsanctipetri\/?page_id=2280"},"modified":"2021-02-14T19:14:53","modified_gmt":"2021-02-14T18:14:53","slug":"protocolo-covid","status":"publish","type":"page","link":"https:\/\/blogsaverroes.juntadeandalucia.es\/ceipsanctipetri\/protocolo-covid\/","title":{"rendered":"Protocolo Covid"},"content":{"rendered":"<p><a href=\"https:\/\/drive.google.com\/file\/d\/1ZgbaPhcakSxbdt4uCnVuLo0HoPo5p56C\/view?usp=sharing\"><img fetchpriority=\"high\" decoding=\"async\" class=\"alignnone wp-image-2277\" src=\"https:\/\/blogsaverroes.juntadeandalucia.es\/ceipsanctipetri\/files\/2020\/12\/Protocolo-Covid-216x300.jpg\" alt=\"\" width=\"251\" height=\"349\" srcset=\"https:\/\/blogsaverroes.juntadeandalucia.es\/ceipsanctipetri\/files\/2020\/12\/Protocolo-Covid-216x300.jpg 216w, https:\/\/blogsaverroes.juntadeandalucia.es\/ceipsanctipetri\/files\/2020\/12\/Protocolo-Covid-17x24.jpg 17w, https:\/\/blogsaverroes.juntadeandalucia.es\/ceipsanctipetri\/files\/2020\/12\/Protocolo-Covid-26x36.jpg 26w, https:\/\/blogsaverroes.juntadeandalucia.es\/ceipsanctipetri\/files\/2020\/12\/Protocolo-Covid-35x48.jpg 35w, https:\/\/blogsaverroes.juntadeandalucia.es\/ceipsanctipetri\/files\/2020\/12\/Protocolo-Covid.jpg 440w\" sizes=\"(max-width: 251px) 100vw, 251px\" \/><\/a><a href=\"https:\/\/blogsaverroes.juntadeandalucia.es\/ceipsanctipetri\/files\/2020\/12\/Covid.jpg\"><img decoding=\"async\" class=\"wp-image-2445 alignright\" src=\"https:\/\/blogsaverroes.juntadeandalucia.es\/ceipsanctipetri\/files\/2020\/12\/Covid.jpg\" alt=\"\" width=\"331\" height=\"466\" srcset=\"https:\/\/blogsaverroes.juntadeandalucia.es\/ceipsanctipetri\/files\/2020\/12\/Covid.jpg 417w, https:\/\/blogsaverroes.juntadeandalucia.es\/ceipsanctipetri\/files\/2020\/12\/Covid-213x300.jpg 213w, https:\/\/blogsaverroes.juntadeandalucia.es\/ceipsanctipetri\/files\/2020\/12\/Covid-17x24.jpg 17w, https:\/\/blogsaverroes.juntadeandalucia.es\/ceipsanctipetri\/files\/2020\/12\/Covid-26x36.jpg 26w, https:\/\/blogsaverroes.juntadeandalucia.es\/ceipsanctipetri\/files\/2020\/12\/Covid-34x48.jpg 34w\" sizes=\"(max-width: 331px) 100vw, 331px\" \/><\/a><\/p>\n<p>&nbsp;<\/p>\n<p>&nbsp;<\/p>\n<p>&nbsp;<\/p>\n<p>&nbsp;<\/p>\n<h2><a href=\"https:\/\/drive.google.com\/file\/d\/14RIbdQ5W8TxgcNboR9ucbIxKwmoUpVF7\/view?usp=sharing\">PROTOCOLO COMPLETO<\/a><\/h2>\n<h2><a href=\"https:\/\/drive.google.com\/file\/d\/1CkOwQDNJKyDPmJ9MH9ra46aqHTyV-wcx\/view?usp=sharing\">NUEVO HORARIO DE ENTRADAS Y SALIDAS<\/a><\/h2>\n<h2><a href=\"https:\/\/drive.google.com\/file\/d\/1unqeRKsLdziP9Pnc-cWIS05CsOSIZqtK\/view?usp=sharing\">PROTOCOLO D\u00cdAS DE LLUVIA<\/a><\/h2>\n<h2><a href=\"https:\/\/drive.google.com\/file\/d\/1gtpoUtBacZL_WluatMxgHbVYVzn5y8Eb\/view?usp=sharing\">PROTOCOLO EDUCACI\u00d3N F\u00cdSICA<\/a><\/h2>\n<h2><a href=\"https:\/\/drive.google.com\/file\/d\/1Wn_SsFYKpjknGtRB_Al2ibqSFbK44_MW\/view?usp=sharing\">FAMILIAS DEC\u00c1LOGO<\/a><\/h2>\n<p>&nbsp;<\/p>\n<p>&nbsp;<\/p>\n","protected":false},"excerpt":{"rendered":"<p>&nbsp; &nbsp; &nbsp; &nbsp; PROTOCOLO COMPLETO NUEVO HORARIO DE ENTRADAS Y SALIDAS PROTOCOLO D\u00cdAS DE LLUVIA PROTOCOLO EDUCACI\u00d3N F\u00cdSICA FAMILIAS DEC\u00c1LOGO &nbsp; &nbsp;<\/p>\n","protected":false},"author":10333,"featured_media":0,"parent":0,"menu_order":0,"comment_status":"closed","ping_status":"closed","template":"","meta":{"ngg_post_thumbnail":0,"footnotes":"","_mc_calendar":[]},"aioseo_notices":[],"_links":{"self":[{"href":"https:\/\/blogsaverroes.juntadeandalucia.es\/ceipsanctipetri\/wp-json\/wp\/v2\/pages\/2280"}],"collection":[{"href":"https:\/\/blogsaverroes.juntadeandalucia.es\/ceipsanctipetri\/wp-json\/wp\/v2\/pages"}],"about":[{"href":"https:\/\/blogsaverroes.juntadeandalucia.es\/ceipsanctipetri\/wp-json\/wp\/v2\/types\/page"}],"author":[{"embeddable":true,"href":"https:\/\/blogsaverroes.juntadeandalucia.es\/ceipsanctipetri\/wp-json\/wp\/v2\/users\/10333"}],"replies":[{"embeddable":true,"href":"https:\/\/blogsaverroes.juntadeandalucia.es\/ceipsanctipetri\/wp-json\/wp\/v2\/comments?post=2280"}],"version-history":[{"count":7,"href":"https:\/\/blogsaverroes.juntadeandalucia.es\/ceipsanctipetri\/wp-json\/wp\/v2\/pages\/2280\/revisions"}],"predecessor-version":[{"id":2602,"href":"https:\/\/blogsaverroes.juntadeandalucia.es\/ceipsanctipetri\/wp-json\/wp\/v2\/pages\/2280\/revisions\/2602"}],"wp:attachment":[{"href":"https:\/\/blogsaverroes.juntadeandalucia.es\/ceipsanctipetri\/wp-json\/wp\/v2\/media?parent=2280"}],"curies":[{"name":"wp","href":"https:\/\/api.w.org\/{rel}","templated":true}]}}