{"id":2299,"date":"2020-12-10T15:21:01","date_gmt":"2020-12-10T14:21:01","guid":{"rendered":"https:\/\/blogsaverroes.juntadeandalucia.es\/ceipsanctipetri\/?page_id=2299"},"modified":"2020-12-18T19:10:11","modified_gmt":"2020-12-18T18:10:11","slug":"proa","status":"publish","type":"page","link":"https:\/\/blogsaverroes.juntadeandalucia.es\/ceipsanctipetri\/proa\/","title":{"rendered":"PROA"},"content":{"rendered":"<p><a href=\"https:\/\/blogsaverroes.juntadeandalucia.es\/ceipsanctipetri\/files\/2020\/12\/board-784349_640.jpg\"><img fetchpriority=\"high\" decoding=\"async\" class=\"alignnone wp-image-2477\" src=\"https:\/\/blogsaverroes.juntadeandalucia.es\/ceipsanctipetri\/files\/2020\/12\/board-784349_640.jpg\" alt=\"\" width=\"386\" height=\"257\" srcset=\"https:\/\/blogsaverroes.juntadeandalucia.es\/ceipsanctipetri\/files\/2020\/12\/board-784349_640.jpg 640w, https:\/\/blogsaverroes.juntadeandalucia.es\/ceipsanctipetri\/files\/2020\/12\/board-784349_640-300x200.jpg 300w, https:\/\/blogsaverroes.juntadeandalucia.es\/ceipsanctipetri\/files\/2020\/12\/board-784349_640-24x16.jpg 24w, https:\/\/blogsaverroes.juntadeandalucia.es\/ceipsanctipetri\/files\/2020\/12\/board-784349_640-36x24.jpg 36w, https:\/\/blogsaverroes.juntadeandalucia.es\/ceipsanctipetri\/files\/2020\/12\/board-784349_640-48x32.jpg 48w\" sizes=\"(max-width: 386px) 100vw, 386px\" \/><\/a><\/p>\n<h1>Programa de Refuerzo, Orientaci\u00f3n y Apoyo en los centros docentes p\u00fablicos de Andaluc\u00eda (PROA Andaluc\u00eda)<\/h1>\n<p style=\"text-align: justify\">La Consejer\u00eda de Educaci\u00f3n de la Junta de Andaluc\u00eda, contando con el Fondo Social Europeo, convoca el Programa de Acompa\u00f1amiento (PROA) para el alumnado de 3\u00ba, 4\u00ba, 5\u00ba y 6\u00ba de Educaci\u00f3n Primaria con necesidades de apoyo educativo, con la finalidad de garantizar la igualdad de oportunidades e incrementar el \u00e9xito escolar del alumnado.<\/p>\n","protected":false},"excerpt":{"rendered":"<p>Programa de Refuerzo, Orientaci\u00f3n y Apoyo en los centros docentes p\u00fablicos de Andaluc\u00eda (PROA Andaluc\u00eda) La Consejer\u00eda de Educaci\u00f3n de la Junta de Andaluc\u00eda, contando con el Fondo Social Europeo, convoca el Programa de&#46;&#46;&#46;<\/p>\n","protected":false},"author":10333,"featured_media":0,"parent":0,"menu_order":0,"comment_status":"closed","ping_status":"closed","template":"","meta":{"ngg_post_thumbnail":0,"footnotes":"","_mc_calendar":[]},"aioseo_notices":[],"_links":{"self":[{"href":"https:\/\/blogsaverroes.juntadeandalucia.es\/ceipsanctipetri\/wp-json\/wp\/v2\/pages\/2299"}],"collection":[{"href":"https:\/\/blogsaverroes.juntadeandalucia.es\/ceipsanctipetri\/wp-json\/wp\/v2\/pages"}],"about":[{"href":"https:\/\/blogsaverroes.juntadeandalucia.es\/ceipsanctipetri\/wp-json\/wp\/v2\/types\/page"}],"author":[{"embeddable":true,"href":"https:\/\/blogsaverroes.juntadeandalucia.es\/ceipsanctipetri\/wp-json\/wp\/v2\/users\/10333"}],"replies":[{"embeddable":true,"href":"https:\/\/blogsaverroes.juntadeandalucia.es\/ceipsanctipetri\/wp-json\/wp\/v2\/comments?post=2299"}],"version-history":[{"count":3,"href":"https:\/\/blogsaverroes.juntadeandalucia.es\/ceipsanctipetri\/wp-json\/wp\/v2\/pages\/2299\/revisions"}],"predecessor-version":[{"id":2495,"href":"https:\/\/blogsaverroes.juntadeandalucia.es\/ceipsanctipetri\/wp-json\/wp\/v2\/pages\/2299\/revisions\/2495"}],"wp:attachment":[{"href":"https:\/\/blogsaverroes.juntadeandalucia.es\/ceipsanctipetri\/wp-json\/wp\/v2\/media?parent=2299"}],"curies":[{"name":"wp","href":"https:\/\/api.w.org\/{rel}","templated":true}]}}