{"id":2327,"date":"2020-12-10T23:27:37","date_gmt":"2020-12-10T22:27:37","guid":{"rendered":"https:\/\/blogsaverroes.juntadeandalucia.es\/ceipsanctipetri\/?page_id=2327"},"modified":"2021-02-28T20:23:52","modified_gmt":"2021-02-28T19:23:52","slug":"plan-de-apertura","status":"publish","type":"page","link":"https:\/\/blogsaverroes.juntadeandalucia.es\/ceipsanctipetri\/plan-de-apertura\/","title":{"rendered":"Plan de Apertura"},"content":{"rendered":"<p><a href=\"https:\/\/blogsaverroes.juntadeandalucia.es\/ceipsanctipetri\/files\/2020\/08\/letters-3720920_640.jpg\"><img fetchpriority=\"high\" decoding=\"async\" class=\"wp-image-2456 aligncenter\" src=\"https:\/\/blogsaverroes.juntadeandalucia.es\/ceipsanctipetri\/files\/2020\/08\/letters-3720920_640.jpg\" alt=\"\" width=\"529\" height=\"352\" srcset=\"https:\/\/blogsaverroes.juntadeandalucia.es\/ceipsanctipetri\/files\/2020\/08\/letters-3720920_640.jpg 640w, https:\/\/blogsaverroes.juntadeandalucia.es\/ceipsanctipetri\/files\/2020\/08\/letters-3720920_640-300x200.jpg 300w, https:\/\/blogsaverroes.juntadeandalucia.es\/ceipsanctipetri\/files\/2020\/08\/letters-3720920_640-24x16.jpg 24w, https:\/\/blogsaverroes.juntadeandalucia.es\/ceipsanctipetri\/files\/2020\/08\/letters-3720920_640-36x24.jpg 36w, https:\/\/blogsaverroes.juntadeandalucia.es\/ceipsanctipetri\/files\/2020\/08\/letters-3720920_640-48x32.jpg 48w\" sizes=\"(max-width: 529px) 100vw, 529px\" \/><\/a><\/p>\n<p style=\"text-align: justify\">Dentro del Plan de Apoyo a las Familias Andaluzas, la Consejer\u00eda de Educaci\u00f3n persigue que los centros docentes, m\u00e1s all\u00e1 de la jornada lectiva tradicional, sean capaces de ofrecer al alumnado y sus familias una oferta de jornada escolar completa, de forma que encuentren en sus centros las actividades que necesitan para completar su formaci\u00f3n y para utilizar de una manera educativa su tiempo libre.<\/p>\n<p style=\"text-align: justify\">Nuestro Centro ofrece los servicios complementarios de aula matinal, comedor escolar y actividades extraescolares.<\/p>\n<p>&nbsp;<\/p>\n","protected":false},"excerpt":{"rendered":"<p>Dentro del Plan de Apoyo a las Familias Andaluzas, la Consejer\u00eda de Educaci\u00f3n persigue que los centros docentes, m\u00e1s all\u00e1 de la jornada lectiva tradicional, sean capaces de ofrecer al alumnado y sus familias&#46;&#46;&#46;<\/p>\n","protected":false},"author":10333,"featured_media":0,"parent":0,"menu_order":0,"comment_status":"closed","ping_status":"closed","template":"","meta":{"ngg_post_thumbnail":0,"footnotes":"","_mc_calendar":[]},"aioseo_notices":[],"_links":{"self":[{"href":"https:\/\/blogsaverroes.juntadeandalucia.es\/ceipsanctipetri\/wp-json\/wp\/v2\/pages\/2327"}],"collection":[{"href":"https:\/\/blogsaverroes.juntadeandalucia.es\/ceipsanctipetri\/wp-json\/wp\/v2\/pages"}],"about":[{"href":"https:\/\/blogsaverroes.juntadeandalucia.es\/ceipsanctipetri\/wp-json\/wp\/v2\/types\/page"}],"author":[{"embeddable":true,"href":"https:\/\/blogsaverroes.juntadeandalucia.es\/ceipsanctipetri\/wp-json\/wp\/v2\/users\/10333"}],"replies":[{"embeddable":true,"href":"https:\/\/blogsaverroes.juntadeandalucia.es\/ceipsanctipetri\/wp-json\/wp\/v2\/comments?post=2327"}],"version-history":[{"count":4,"href":"https:\/\/blogsaverroes.juntadeandalucia.es\/ceipsanctipetri\/wp-json\/wp\/v2\/pages\/2327\/revisions"}],"predecessor-version":[{"id":2516,"href":"https:\/\/blogsaverroes.juntadeandalucia.es\/ceipsanctipetri\/wp-json\/wp\/v2\/pages\/2327\/revisions\/2516"}],"wp:attachment":[{"href":"https:\/\/blogsaverroes.juntadeandalucia.es\/ceipsanctipetri\/wp-json\/wp\/v2\/media?parent=2327"}],"curies":[{"name":"wp","href":"https:\/\/api.w.org\/{rel}","templated":true}]}}