{"id":2368,"date":"2020-12-11T18:34:47","date_gmt":"2020-12-11T17:34:47","guid":{"rendered":"https:\/\/blogsaverroes.juntadeandalucia.es\/ceipsanctipetri\/?page_id=2368"},"modified":"2020-12-14T21:29:00","modified_gmt":"2020-12-14T20:29:00","slug":"informacion-general","status":"publish","type":"page","link":"https:\/\/blogsaverroes.juntadeandalucia.es\/ceipsanctipetri\/informacion-general\/","title":{"rendered":"Informaci\u00f3n General"},"content":{"rendered":"<p><strong><a href=\"https:\/\/www.juntadeandalucia.es\/educacion\/portals\/web\/ced\/plan-apertura\/-\/normativas\/listado\/2\"><img fetchpriority=\"high\" decoding=\"async\" class=\"wp-image-2430 aligncenter\" src=\"https:\/\/blogsaverroes.juntadeandalucia.es\/ceipsanctipetri\/files\/2020\/12\/colored-pencils-374771_640.jpg\" alt=\"\" width=\"361\" height=\"240\" srcset=\"https:\/\/blogsaverroes.juntadeandalucia.es\/ceipsanctipetri\/files\/2020\/12\/colored-pencils-374771_640.jpg 640w, https:\/\/blogsaverroes.juntadeandalucia.es\/ceipsanctipetri\/files\/2020\/12\/colored-pencils-374771_640-300x200.jpg 300w, https:\/\/blogsaverroes.juntadeandalucia.es\/ceipsanctipetri\/files\/2020\/12\/colored-pencils-374771_640-24x16.jpg 24w, https:\/\/blogsaverroes.juntadeandalucia.es\/ceipsanctipetri\/files\/2020\/12\/colored-pencils-374771_640-36x24.jpg 36w, https:\/\/blogsaverroes.juntadeandalucia.es\/ceipsanctipetri\/files\/2020\/12\/colored-pencils-374771_640-48x32.jpg 48w\" sizes=\"(max-width: 361px) 100vw, 361px\" \/><\/a><\/strong><\/p>\n<p><strong>PLAN DE APERTURA<\/strong><\/p>\n<p>La norma que regula los servicios complementarios de <strong>Aula Matinal, Comedor Escolar y Actividades Extraescolares<\/strong>, es el Decreto 6\/2017 de 16 de enero (BOJA n\u00fam. 20 de 31\/01\/2017), desarrollado en la ORDEN de 17 de abril de 2017 (BOJA n\u00fam. 78 de 26\/04\/2017), modificada por la Orden de 27 de marzo de 2019.<\/p>\n<p>El colegio Sancti Petri ofrece los servicios de <strong>Aula Matinal<\/strong> (desde las 7:30 h hasta las 9 h) y <strong>Actividades Extraescolares<\/strong> (por las tardes de lunes a jueves, una hora diaria, dos d\u00edas a la semana para cada actividad), adem\u00e1s de <strong>Comedor Escolar<\/strong> (de 14 a 16 h) asociado al colegio Al-\u00c1ndalus.<\/p>\n<p><strong>&nbsp;<\/strong>Si no surge nada en contra, el Aula Matinal y el Comedor se iniciar\u00e1n en septiembre y finalizar\u00e1n en junio. Las Actividades Extraescolares de la tarde ser\u00edan de octubre a mayo.<\/p>\n<p>Las familias usuarias contribuyen en el <strong>coste<\/strong> de los servicios con la cantidad que se establezca para el pr\u00f3ximo curso y, seg\u00fan los ingresos familiares, podr\u00edan tener un descuento de entre el 10% y el 100%.<\/p>\n<p><strong>El plazo para presentar solicitudes de utilizaci\u00f3n de estos servicios este curso es del <u>2 al 8 de junio<\/u>, ambos inclusive para el <u>alumnado del centro que no ha participado en el proceso de admisi\u00f3n<\/u> de escolarizaci\u00f3n y del <u>25 al 30 de junio<\/u> ambos inclusive para el <u>alumnado de nuevo ingreso en el centro o que hubiese participado en el proceso de admisi\u00f3n de escolarizaci\u00f3n.<\/u><\/strong><\/p>\n<p>A lo largo del curso podr\u00e1 modificarse la opci\u00f3n elegida solicit\u00e1ndolo dos semanas antes del comienzo del mes que se modifica. El impreso es \u00fanico y sirve para matinal, comedor y extraescolares. &nbsp;Finalizado este plazo, la direcci\u00f3n del centro debe comunicar a la Delegaci\u00f3n Provincial de la Consejer\u00eda de Educaci\u00f3n el n\u00famero de solicitantes en los servicios complementarios de Aula Matinal y Comedor Escolar para su autorizaci\u00f3n. Cuando existen m\u00e1s solicitudes que plazas autorizadas, la admisi\u00f3n se realiza seg\u00fan los siguientes criterios:<\/p>\n<ul>\n<li>Situaciones familiares dif\u00edciles, v\u00e9ase solicitud (<strong>deben acreditarse<\/strong>)<\/li>\n<li>Realizar una actividad laboral remunerada y no poder atender a sus hijos o hijas (<strong>se debe aportar certificado laboral y vida laboral<\/strong>)<\/li>\n<li>Otras: haber sido usuario en el curso anterior, edad y, finalmente, sorteo.<\/li>\n<\/ul>\n<p><strong>Si ustedes van a solicitar que sus hijos utilicen los servicios de Aula Matinal o Comedor Escolar <u>pidan una solicitud en Secretar\u00eda y pres\u00e9ntela en el plazo indicado<\/u>.<\/strong><\/p>\n<p><strong>La bonificaci\u00f3n que pudiera corresponder se solicita del 1 al 9 de septiembre<\/strong> en el modelo que les facilitaremos en secretar\u00eda (<strong>En nuestro Centro la entregamos junto con la solicitud ahora en junio para facilitar su cumplimentaci\u00f3n<\/strong>). Se tendr\u00e1n en cuenta los ingresos declarados de la unidad familiar del a\u00f1o 2019. El pago de los recibos se realizar\u00e1 mensualmente por domiciliaci\u00f3n bancaria.<\/p>\n","protected":false},"excerpt":{"rendered":"<p>PLAN DE APERTURA La norma que regula los servicios complementarios de Aula Matinal, Comedor Escolar y Actividades Extraescolares, es el Decreto 6\/2017 de 16 de enero (BOJA n\u00fam. 20 de 31\/01\/2017), desarrollado en la&#46;&#46;&#46;<\/p>\n","protected":false},"author":10333,"featured_media":0,"parent":0,"menu_order":0,"comment_status":"closed","ping_status":"closed","template":"","meta":{"ngg_post_thumbnail":0,"footnotes":"","_mc_calendar":[]},"aioseo_notices":[],"_links":{"self":[{"href":"https:\/\/blogsaverroes.juntadeandalucia.es\/ceipsanctipetri\/wp-json\/wp\/v2\/pages\/2368"}],"collection":[{"href":"https:\/\/blogsaverroes.juntadeandalucia.es\/ceipsanctipetri\/wp-json\/wp\/v2\/pages"}],"about":[{"href":"https:\/\/blogsaverroes.juntadeandalucia.es\/ceipsanctipetri\/wp-json\/wp\/v2\/types\/page"}],"author":[{"embeddable":true,"href":"https:\/\/blogsaverroes.juntadeandalucia.es\/ceipsanctipetri\/wp-json\/wp\/v2\/users\/10333"}],"replies":[{"embeddable":true,"href":"https:\/\/blogsaverroes.juntadeandalucia.es\/ceipsanctipetri\/wp-json\/wp\/v2\/comments?post=2368"}],"version-history":[{"count":4,"href":"https:\/\/blogsaverroes.juntadeandalucia.es\/ceipsanctipetri\/wp-json\/wp\/v2\/pages\/2368\/revisions"}],"predecessor-version":[{"id":2432,"href":"https:\/\/blogsaverroes.juntadeandalucia.es\/ceipsanctipetri\/wp-json\/wp\/v2\/pages\/2368\/revisions\/2432"}],"wp:attachment":[{"href":"https:\/\/blogsaverroes.juntadeandalucia.es\/ceipsanctipetri\/wp-json\/wp\/v2\/media?parent=2368"}],"curies":[{"name":"wp","href":"https:\/\/api.w.org\/{rel}","templated":true}]}}