{"id":2418,"date":"2020-12-14T20:51:35","date_gmt":"2020-12-14T19:51:35","guid":{"rendered":"https:\/\/blogsaverroes.juntadeandalucia.es\/ceipsanctipetri\/?page_id=2418"},"modified":"2022-10-26T17:45:59","modified_gmt":"2022-10-26T15:45:59","slug":"menus","status":"publish","type":"page","link":"https:\/\/blogsaverroes.juntadeandalucia.es\/ceipsanctipetri\/menus\/","title":{"rendered":"Men\u00fas"},"content":{"rendered":"<p style=\"text-align: left\">&nbsp;<\/p>\n<p><a href=\"https:\/\/blogsaverroes.juntadeandalucia.es\/ceipsanctipetri\/files\/2020\/12\/menu-3167859_640.jpg\"><img fetchpriority=\"high\" decoding=\"async\" class=\"wp-image-2433 alignleft\" src=\"https:\/\/blogsaverroes.juntadeandalucia.es\/ceipsanctipetri\/files\/2020\/12\/menu-3167859_640.jpg\" alt=\"\" width=\"413\" height=\"292\" srcset=\"https:\/\/blogsaverroes.juntadeandalucia.es\/ceipsanctipetri\/files\/2020\/12\/menu-3167859_640.jpg 640w, https:\/\/blogsaverroes.juntadeandalucia.es\/ceipsanctipetri\/files\/2020\/12\/menu-3167859_640-300x212.jpg 300w, https:\/\/blogsaverroes.juntadeandalucia.es\/ceipsanctipetri\/files\/2020\/12\/menu-3167859_640-24x17.jpg 24w, https:\/\/blogsaverroes.juntadeandalucia.es\/ceipsanctipetri\/files\/2020\/12\/menu-3167859_640-36x25.jpg 36w, https:\/\/blogsaverroes.juntadeandalucia.es\/ceipsanctipetri\/files\/2020\/12\/menu-3167859_640-48x34.jpg 48w\" sizes=\"(max-width: 413px) 100vw, 413px\" \/><\/a><\/p>\n<ul>\n<li><a href=\"https:\/\/blogsaverroes.juntadeandalucia.es\/ceipsanctipetri\/files\/2022\/09\/Men\u00fa-del-12-de-sept.-al-7-de-oct..pdf\">Men\u00fa del 12 de sept. al 7 de oct.<\/a><\/li>\n<li><a href=\"https:\/\/blogsaverroes.juntadeandalucia.es\/ceipsanctipetri\/files\/2022\/10\/infantil-22-23-octubre-noviembre.pdf\">Men\u00fa infantil 22-23 octubre-noviembre<\/a><\/li>\n<li><a href=\"https:\/\/blogsaverroes.juntadeandalucia.es\/ceipsanctipetri\/files\/2022\/10\/primaria-22-23-octubre-noviembre.pdf\">Men\u00fa primaria 22-23 octubre-noviembre<\/a><\/li>\n<li><a href=\"https:\/\/blogsaverroes.juntadeandalucia.es\/ceipsanctipetri\/files\/2022\/10\/infantil-22-23-noviembre-diciembre.pdf\">Men\u00fa infantil 22-23 noviembre-diciembre<\/a><\/li>\n<li><a href=\"https:\/\/blogsaverroes.juntadeandalucia.es\/ceipsanctipetri\/files\/2022\/10\/primaria-22-23-noviembre-diembre.pdf\">Men\u00fa primaria 22-23 noviembre-diciembre<\/a><\/li>\n<\/ul>\n","protected":false},"excerpt":{"rendered":"<p>&nbsp; Men\u00fa del 12 de sept. al 7 de oct. Men\u00fa infantil 22-23 octubre-noviembre Men\u00fa primaria 22-23 octubre-noviembre Men\u00fa infantil 22-23 noviembre-diciembre Men\u00fa primaria 22-23 noviembre-diciembre<\/p>\n","protected":false},"author":10333,"featured_media":0,"parent":0,"menu_order":0,"comment_status":"closed","ping_status":"closed","template":"","meta":{"ngg_post_thumbnail":0,"footnotes":"","_mc_calendar":[]},"aioseo_notices":[],"_links":{"self":[{"href":"https:\/\/blogsaverroes.juntadeandalucia.es\/ceipsanctipetri\/wp-json\/wp\/v2\/pages\/2418"}],"collection":[{"href":"https:\/\/blogsaverroes.juntadeandalucia.es\/ceipsanctipetri\/wp-json\/wp\/v2\/pages"}],"about":[{"href":"https:\/\/blogsaverroes.juntadeandalucia.es\/ceipsanctipetri\/wp-json\/wp\/v2\/types\/page"}],"author":[{"embeddable":true,"href":"https:\/\/blogsaverroes.juntadeandalucia.es\/ceipsanctipetri\/wp-json\/wp\/v2\/users\/10333"}],"replies":[{"embeddable":true,"href":"https:\/\/blogsaverroes.juntadeandalucia.es\/ceipsanctipetri\/wp-json\/wp\/v2\/comments?post=2418"}],"version-history":[{"count":15,"href":"https:\/\/blogsaverroes.juntadeandalucia.es\/ceipsanctipetri\/wp-json\/wp\/v2\/pages\/2418\/revisions"}],"predecessor-version":[{"id":3275,"href":"https:\/\/blogsaverroes.juntadeandalucia.es\/ceipsanctipetri\/wp-json\/wp\/v2\/pages\/2418\/revisions\/3275"}],"wp:attachment":[{"href":"https:\/\/blogsaverroes.juntadeandalucia.es\/ceipsanctipetri\/wp-json\/wp\/v2\/media?parent=2418"}],"curies":[{"name":"wp","href":"https:\/\/api.w.org\/{rel}","templated":true}]}}