{"id":35,"date":"2015-03-13T08:21:43","date_gmt":"2015-03-13T08:21:43","guid":{"rendered":"http:\/\/blogsaverroes.juntadeandalucia.es\/pre\/ceip\/?page_id=35"},"modified":"2021-02-28T20:18:50","modified_gmt":"2021-02-28T19:18:50","slug":"el-centro-2","status":"publish","type":"page","link":"https:\/\/blogsaverroes.juntadeandalucia.es\/ceipsanctipetri\/el-centro-2\/","title":{"rendered":"Datos del centro"},"content":{"rendered":"<p><strong>Nombre:<\/strong> C.E.I.P. SANCTI PETRI<br \/>\n<strong>Direcci\u00f3n<\/strong>: Calle Mistral S\/N&nbsp; &nbsp; &nbsp; &nbsp;11130 \u2013 Chiclana de la Frontera (C\u00e1diz)<br \/>\n<strong>Tel\u00e9fono:<\/strong> 956243293<br \/>\n<strong>Fax:<\/strong> 956243294<br \/>\n<strong>Correo electr\u00f3nico:<\/strong> 11000186.edu@juntadeandalucia.es<\/p>\n<p><strong>Ubicaci\u00f3n<\/strong><\/p>\n<p><a title=\"CEIP Sancti Petri\" href=\"https:\/\/www.google.com\/maps\/place\/Colegio+P%C3%BAblico+Sancti+Petri\/@36.4177298,-6.164029,17z\/data=!3m1!4b1!4m5!3m4!1s0xd0c337a9548fcc9:0x859d3feeda517c33!8m2!3d36.4177298!4d-6.1618403\"><img fetchpriority=\"high\" decoding=\"async\" class=\"alignnone wp-image-2272\" src=\"https:\/\/blogsaverroes.juntadeandalucia.es\/ceipsanctipetri\/files\/2020\/12\/Ceip-Sancti-Petri-300x243.png\" alt=\"\" width=\"391\" height=\"317\" srcset=\"https:\/\/blogsaverroes.juntadeandalucia.es\/ceipsanctipetri\/files\/2020\/12\/Ceip-Sancti-Petri-300x243.png 300w, https:\/\/blogsaverroes.juntadeandalucia.es\/ceipsanctipetri\/files\/2020\/12\/Ceip-Sancti-Petri-768x623.png 768w, https:\/\/blogsaverroes.juntadeandalucia.es\/ceipsanctipetri\/files\/2020\/12\/Ceip-Sancti-Petri-24x19.png 24w, https:\/\/blogsaverroes.juntadeandalucia.es\/ceipsanctipetri\/files\/2020\/12\/Ceip-Sancti-Petri-36x29.png 36w, https:\/\/blogsaverroes.juntadeandalucia.es\/ceipsanctipetri\/files\/2020\/12\/Ceip-Sancti-Petri-48x39.png 48w, https:\/\/blogsaverroes.juntadeandalucia.es\/ceipsanctipetri\/files\/2020\/12\/Ceip-Sancti-Petri.png 794w\" sizes=\"(max-width: 391px) 100vw, 391px\" \/><\/a><\/p>\n<p><strong>Oferta educativa<\/strong><\/p>\n<p>Educaci\u00f3n Infantil (segundo ciclo): 3 niveles de 3, 4 y 5 a\u00f1os.<br \/>\nEducaci\u00f3n Primaria: de 6 a 12 a\u00f1os: 6 niveles de 1\u00ba hasta 6\u00ba de E. Primaria<\/p>\n<p>En nuestro centro est\u00e1n implementados los siguientes Planes y Programas:<\/p>\n<ul>\n<li>Plan de Apertura de centros docentes, que comprende los centros que ofrecen servicios complementarios de aula matinal, comedor escolar y actividades extraescolares.<\/li>\n<li>Plan de H\u00e1bitos de Vida Saludable.<\/li>\n<li>Creciendo en Salud: Plan de consumo de frutas en la escuela.<\/li>\n<li>Red Andaluza Escuela: Espacio de Paz.<\/li>\n<li>Centro Biling\u00fce Ingl\u00e9s.<\/li>\n<li>Plan de Igualdad de G\u00e9nero.<\/li>\n<li>Plan de Salud Laboral y PRL.<\/li>\n<li>Plan Pr\u00e1cticum grado maestro.<\/li>\n<li>Plan y uso de la biblioteca escolar.<\/li>\n<li>Escuelas Deportivas.<\/li>\n<li>Pacto contra la Violencia de G\u00e9nero.<\/li>\n<li>PROA.<\/li>\n<\/ul>\n<h4>&nbsp;<\/h4>\n","protected":false},"excerpt":{"rendered":"<p>Nombre: C.E.I.P. SANCTI PETRI Direcci\u00f3n: Calle Mistral S\/N&nbsp; &nbsp; &nbsp; &nbsp;11130 \u2013 Chiclana de la Frontera (C\u00e1diz) Tel\u00e9fono: 956243293 Fax: 956243294 Correo electr\u00f3nico: 11000186.edu@juntadeandalucia.es Ubicaci\u00f3n Oferta educativa Educaci\u00f3n Infantil (segundo ciclo): 3 niveles de&#46;&#46;&#46;<\/p>\n","protected":false},"author":1,"featured_media":0,"parent":0,"menu_order":0,"comment_status":"closed","ping_status":"open","template":"page-cs.php","meta":{"ngg_post_thumbnail":0,"footnotes":"","_mc_calendar":[]},"aioseo_notices":[],"_links":{"self":[{"href":"https:\/\/blogsaverroes.juntadeandalucia.es\/ceipsanctipetri\/wp-json\/wp\/v2\/pages\/35"}],"collection":[{"href":"https:\/\/blogsaverroes.juntadeandalucia.es\/ceipsanctipetri\/wp-json\/wp\/v2\/pages"}],"about":[{"href":"https:\/\/blogsaverroes.juntadeandalucia.es\/ceipsanctipetri\/wp-json\/wp\/v2\/types\/page"}],"author":[{"embeddable":true,"href":"https:\/\/blogsaverroes.juntadeandalucia.es\/ceipsanctipetri\/wp-json\/wp\/v2\/users\/1"}],"replies":[{"embeddable":true,"href":"https:\/\/blogsaverroes.juntadeandalucia.es\/ceipsanctipetri\/wp-json\/wp\/v2\/comments?post=35"}],"version-history":[{"count":30,"href":"https:\/\/blogsaverroes.juntadeandalucia.es\/ceipsanctipetri\/wp-json\/wp\/v2\/pages\/35\/revisions"}],"predecessor-version":[{"id":2509,"href":"https:\/\/blogsaverroes.juntadeandalucia.es\/ceipsanctipetri\/wp-json\/wp\/v2\/pages\/35\/revisions\/2509"}],"wp:attachment":[{"href":"https:\/\/blogsaverroes.juntadeandalucia.es\/ceipsanctipetri\/wp-json\/wp\/v2\/media?parent=35"}],"curies":[{"name":"wp","href":"https:\/\/api.w.org\/{rel}","templated":true}]}}