{"id":2250,"date":"2022-10-26T14:43:15","date_gmt":"2022-10-26T14:43:15","guid":{"rendered":"https:\/\/blogsaverroes.juntadeandalucia.es\/ceipsaneustaquiosanlucarlamayor\/?page_id=2250"},"modified":"2023-05-31T12:27:40","modified_gmt":"2023-05-31T10:27:40","slug":"nuestro-colegio","status":"publish","type":"page","link":"https:\/\/blogsaverroes.juntadeandalucia.es\/ceipsaneustaquiosanlucarlamayor\/nuestro-colegio\/","title":{"rendered":"Nuestro colegio"},"content":{"rendered":"<p class=\"has-drop-cap\" style=\"text-align: justify\">Nuestro colegio, el CEIP San Eustaquio, est\u00e1 situado en la localidad sevillana de Sanl\u00facar La Mayor, a unos 15 kms de la capital y en la zona del aljarafe sevillano.&nbsp;Es un colegio biling\u00fce de Educaci\u00f3n Infantil y Primaria que cuenta con dos l\u00edneas y con un total de 420 alumnos\/as aproximadamente.<\/p>\n<div class=\"vce-row-content\" data-vce-element-content=\"true\">\n<div id=\"el-1cddadfd\" class=\"vce-col vce-col--md-auto vce-col--xs-1 vce-col--xs-last vce-col--xs-first vce-col--sm-last vce-col--sm-first vce-col--md-last vce-col--lg-last vce-col--xl-last vce-col--md-first vce-col--lg-first vce-col--xl-first\">\n<div class=\"vce-col-inner\" data-vce-do-apply=\"border margin background el-1cddadfd\">\n<div class=\"vce-col-content\" data-vce-element-content=\"true\" data-vce-do-apply=\"padding el-1cddadfd\">\n<div class=\"vce-text-block\">\n<div id=\"el-0b993491\" class=\"vce-text-block-wrapper vce\" data-vce-do-apply=\"all el-0b993491\">\n<p style=\"text-align: justify\">El centro dispone de dos edificios separados, uno para Educaci\u00f3n Infantil y otro para Educaci\u00f3n Primaria, y cada uno de los edificios cuenta con biblioteca, pistas deportivas y acceso a Internet.<\/p>\n<p style=\"text-align: justify\">Existen un total de 18 unidades:&nbsp; 4 de Infantil, 13 de Primaria, 1 de EEUE.<\/p>\n<p style=\"text-align: justify\">El claustro est\u00e1 formado por 6 docentes de Primaria, 5 bilingu\u0308es, 4 de educaci\u00f3n infantil, 3 de lengua extranjera-ingl\u00e9s, 2 de educaci\u00f3n F\u00edsica, 1 de lengua extranjera-franc\u00e9s, 1 de m\u00fasica, 1 CAR, 1 de religi\u00f3n, 3 de Pedagog\u00eda Terap\u00e9utica y 1 de Audici\u00f3n y Lenguaje, adem\u00e1s de contar con una educadora y una PTIS.<\/p>\n<\/div>\n<\/div>\n<\/div>\n<\/div>\n<\/div>\n<\/div>\n","protected":false},"excerpt":{"rendered":"<p>Nuestro colegio, el CEIP San Eustaquio, est\u00e1 situado en la localidad sevillana de Sanl\u00facar La Mayor, a unos 15 kms de la capital y en la zona del aljarafe sevillano.&nbsp;Es un colegio biling\u00fce de Educaci\u00f3n Infantil y Primaria que cuenta con dos l\u00edneas y con un total de 420 alumnos\/as aproximadamente. El centro dispone de &hellip; <\/p>\n<p><a class=\"more-link btn\" href=\"https:\/\/blogsaverroes.juntadeandalucia.es\/ceipsaneustaquiosanlucarlamayor\/nuestro-colegio\/\">Seguir leyendo<\/a><\/p>\n","protected":false},"author":8241,"featured_media":2296,"parent":0,"menu_order":0,"comment_status":"closed","ping_status":"closed","template":"","meta":{"ngg_post_thumbnail":0,"footnotes":"","_mc_calendar":[]},"aioseo_notices":[],"_links":{"self":[{"href":"https:\/\/blogsaverroes.juntadeandalucia.es\/ceipsaneustaquiosanlucarlamayor\/wp-json\/wp\/v2\/pages\/2250"}],"collection":[{"href":"https:\/\/blogsaverroes.juntadeandalucia.es\/ceipsaneustaquiosanlucarlamayor\/wp-json\/wp\/v2\/pages"}],"about":[{"href":"https:\/\/blogsaverroes.juntadeandalucia.es\/ceipsaneustaquiosanlucarlamayor\/wp-json\/wp\/v2\/types\/page"}],"author":[{"embeddable":true,"href":"https:\/\/blogsaverroes.juntadeandalucia.es\/ceipsaneustaquiosanlucarlamayor\/wp-json\/wp\/v2\/users\/8241"}],"replies":[{"embeddable":true,"href":"https:\/\/blogsaverroes.juntadeandalucia.es\/ceipsaneustaquiosanlucarlamayor\/wp-json\/wp\/v2\/comments?post=2250"}],"version-history":[{"count":3,"href":"https:\/\/blogsaverroes.juntadeandalucia.es\/ceipsaneustaquiosanlucarlamayor\/wp-json\/wp\/v2\/pages\/2250\/revisions"}],"predecessor-version":[{"id":2297,"href":"https:\/\/blogsaverroes.juntadeandalucia.es\/ceipsaneustaquiosanlucarlamayor\/wp-json\/wp\/v2\/pages\/2250\/revisions\/2297"}],"wp:featuredmedia":[{"embeddable":true,"href":"https:\/\/blogsaverroes.juntadeandalucia.es\/ceipsaneustaquiosanlucarlamayor\/wp-json\/wp\/v2\/media\/2296"}],"wp:attachment":[{"href":"https:\/\/blogsaverroes.juntadeandalucia.es\/ceipsaneustaquiosanlucarlamayor\/wp-json\/wp\/v2\/media?parent=2250"}],"curies":[{"name":"wp","href":"https:\/\/api.w.org\/{rel}","templated":true}]}}