{"id":2327,"date":"2021-05-14T12:12:59","date_gmt":"2021-05-14T12:12:59","guid":{"rendered":"https:\/\/ceip-saneustaquio-sanlucarlamayor.es\/?page_id=10"},"modified":"2023-08-15T19:29:39","modified_gmt":"2023-08-15T17:29:39","slug":"bienvenidos","status":"publish","type":"page","link":"https:\/\/blogsaverroes.juntadeandalucia.es\/ceipsaneustaquiosanlucarlamayor\/","title":{"rendered":"Bienvenida"},"content":{"rendered":"<!--vcv no format-->\r\n<div class=\"vce-row-container\" data-vce-boxed-width=\"true\">\r\n<div id=\"el-ba07c2bb\" class=\"vce-row vce-row--col-gap-30 vce-row-equal-height vce-row-content--top\" data-vce-do-apply=\"all el-ba07c2bb\">\r\n<div class=\"vce-row-content\" data-vce-element-content=\"true\">\r\n<div id=\"el-c5e90531\" class=\"vce-col vce-col--md-auto vce-col--xs-1 vce-col--xs-last vce-col--xs-first vce-col--sm-last vce-col--sm-first vce-col--md-last vce-col--lg-last vce-col--xl-last vce-col--md-first vce-col--lg-first vce-col--xl-first\">\r\n<div class=\"vce-col-inner\" data-vce-do-apply=\"border margin background  el-c5e90531\">\r\n<div class=\"vce-col-content\" data-vce-element-content=\"true\" data-vce-do-apply=\"padding el-c5e90531\">\r\n<div class=\"vce-text-block\">\r\n<div id=\"el-3981b2e8\" class=\"vce-text-block-wrapper vce\" data-vce-do-apply=\"all el-3981b2e8\">\r\n<figure class=\"wp-block-gallery columns-1 is-cropped wp-block-gallery-1 is-layout-flex wp-block-gallery-is-layout-flex\">\r\n<ul class=\"blocks-gallery-grid\">\r\n<li class=\"blocks-gallery-item\">\r\n<figure><img loading=\"lazy\" decoding=\"async\" class=\"aligncenter wp-image-189 size-full\" src=\"|!|vcvUploadUrl|!|\/2021\/08\/bienvenida1-e1627843880997.png\" alt=\"\" width=\"984\" height=\"565\" data-id=\"132\" data-full-url=\"|!|vcvUploadUrl|!|\/2021\/06\/el-senor-lince-y-el-caso-del-colegio-sin-libros.jpg\" data-link=\"https:\/\/ceip-saneustaquio-sanlucarlamayor.es\/?attachment_id=132\" srcset=\"https:\/\/blogsaverroes.juntadeandalucia.es\/ceipsaneustaquiosanlucarlamayor\/files\/2021\/08\/bienvenida1-e1627843880997.png 984w, https:\/\/blogsaverroes.juntadeandalucia.es\/ceipsaneustaquiosanlucarlamayor\/files\/2021\/08\/bienvenida1-e1627843880997-300x172.png 300w, https:\/\/blogsaverroes.juntadeandalucia.es\/ceipsaneustaquiosanlucarlamayor\/files\/2021\/08\/bienvenida1-e1627843880997-768x441.png 768w\" sizes=\"(max-width: 984px) 100vw, 984px\" \/><\/figure>\r\n<\/li>\r\n<\/ul>\r\n<\/figure>\r\n\r\n\r\n\r\n<p>Nuestro colegio, el \u201cCEIP SAN EUSTAQUIO\u00bb es un centro cuya se\u00f1a de identidad es la promoci\u00f3n de igualdad de oportunidades sin distinci\u00f3n de razas, religi\u00f3n o sexo.<\/p>\r\n\r\n\r\n\r\n<div class=\"wp-block-image is-style-rounded\">\r\n<figure class=\"alignright size-large is-resized\"><img loading=\"lazy\" decoding=\"async\" class=\"alignnone wp-image-191 \" src=\"|!|vcvUploadUrl|!|\/2021\/08\/bienvenida2-300x225.png\" alt=\"\" width=\"279\" height=\"209\" srcset=\"https:\/\/blogsaverroes.juntadeandalucia.es\/ceipsaneustaquiosanlucarlamayor\/files\/2021\/08\/bienvenida2-300x225.png 300w, https:\/\/blogsaverroes.juntadeandalucia.es\/ceipsaneustaquiosanlucarlamayor\/files\/2021\/08\/bienvenida2-768x576.png 768w, https:\/\/blogsaverroes.juntadeandalucia.es\/ceipsaneustaquiosanlucarlamayor\/files\/2021\/08\/bienvenida2-360x268.png 360w, https:\/\/blogsaverroes.juntadeandalucia.es\/ceipsaneustaquiosanlucarlamayor\/files\/2021\/08\/bienvenida2.png 984w\" sizes=\"(max-width: 279px) 100vw, 279px\" \/><\/figure>\r\n<\/div>\r\n\r\n\r\n\r\n<p>Nuestro deseo es la creaci\u00f3n de relaciones constructivas entre todas las personas que forman parte de la Comunidad Educativa a trav\u00e9s de h\u00e1bitos de convivencia y respeto tanto individual como social. Para ello procuramos una participaci\u00f3n activa y democr\u00e1tica.<\/p>\r\n\r\n\r\n\r\n<p>Somos un centro abierto, participativo e inclusivo en el que nos gusta trabajar siempre desde una perspectiva plural e integradora encaminada a buscar el fin \u00faltimo que perseguimos, que no es otro que la formaci\u00f3n integral, impulsando valores como responsabilidad, autonom\u00eda, tolerancia, respeto, sensibilidad y estilos de vida saludables.<\/p>\r\n\r\n\r\n\r\n<p>A trav\u00e9s de nuestro proyecto interdisciplinar buscamos aprendizajes que motiven y se acerquen a los intereses del alumnado. Aprendizajes que Propicien la cultura del esfuerzo, el af\u00e1n de superaci\u00f3n y valoraci\u00f3n del trabajo bien hecho.<\/p>\r\n<\/div>\r\n<\/div>\r\n<\/div>\r\n<\/div>\r\n<\/div>\r\n<\/div>\r\n<\/div>\r\n<\/div>\r\n<!--vcv no format-->","protected":false},"excerpt":{"rendered":"<p>Nuestro colegio, el \u201cCEIP SAN EUSTAQUIO\u00bb es un centro cuya se\u00f1a de identidad es la promoci\u00f3n de igualdad de oportunidades sin distinci\u00f3n de razas, religi\u00f3n o sexo. Nuestro deseo es la creaci\u00f3n de relaciones constructivas entre todas las personas que forman parte de la Comunidad Educativa a trav\u00e9s de h\u00e1bitos de convivencia y respeto tanto &hellip; <\/p>\n<p><a class=\"more-link btn\" href=\"https:\/\/blogsaverroes.juntadeandalucia.es\/ceipsaneustaquiosanlucarlamayor\/\">Seguir leyendo<\/a><\/p>\n","protected":false},"author":8241,"featured_media":0,"parent":0,"menu_order":0,"comment_status":"closed","ping_status":"closed","template":"","meta":{"ngg_post_thumbnail":0,"footnotes":"","_mc_calendar":[]},"aioseo_notices":[],"_links":{"self":[{"href":"https:\/\/blogsaverroes.juntadeandalucia.es\/ceipsaneustaquiosanlucarlamayor\/wp-json\/wp\/v2\/pages\/2327"}],"collection":[{"href":"https:\/\/blogsaverroes.juntadeandalucia.es\/ceipsaneustaquiosanlucarlamayor\/wp-json\/wp\/v2\/pages"}],"about":[{"href":"https:\/\/blogsaverroes.juntadeandalucia.es\/ceipsaneustaquiosanlucarlamayor\/wp-json\/wp\/v2\/types\/page"}],"author":[{"embeddable":true,"href":"https:\/\/blogsaverroes.juntadeandalucia.es\/ceipsaneustaquiosanlucarlamayor\/wp-json\/wp\/v2\/users\/8241"}],"replies":[{"embeddable":true,"href":"https:\/\/blogsaverroes.juntadeandalucia.es\/ceipsaneustaquiosanlucarlamayor\/wp-json\/wp\/v2\/comments?post=2327"}],"version-history":[{"count":1,"href":"https:\/\/blogsaverroes.juntadeandalucia.es\/ceipsaneustaquiosanlucarlamayor\/wp-json\/wp\/v2\/pages\/2327\/revisions"}],"predecessor-version":[{"id":2426,"href":"https:\/\/blogsaverroes.juntadeandalucia.es\/ceipsaneustaquiosanlucarlamayor\/wp-json\/wp\/v2\/pages\/2327\/revisions\/2426"}],"wp:attachment":[{"href":"https:\/\/blogsaverroes.juntadeandalucia.es\/ceipsaneustaquiosanlucarlamayor\/wp-json\/wp\/v2\/media?parent=2327"}],"curies":[{"name":"wp","href":"https:\/\/api.w.org\/{rel}","templated":true}]}}