{"id":2330,"date":"2021-05-17T19:37:46","date_gmt":"2021-05-17T19:37:46","guid":{"rendered":"https:\/\/ceip-saneustaquio-sanlucarlamayor.es\/?page_id=32"},"modified":"2023-06-01T12:21:46","modified_gmt":"2023-06-01T10:21:46","slug":"documentos","status":"publish","type":"page","link":"https:\/\/blogsaverroes.juntadeandalucia.es\/ceipsaneustaquiosanlucarlamayor\/documentos\/","title":{"rendered":"Plan de centro"},"content":{"rendered":"\n<p class=\"has-drop-cap\">El Plan de Centro es el documento donde se recogen las intenciones, propuestas y concreciones en relaci\u00f3n a esta autonom\u00eda pedag\u00f3gica y de gesti\u00f3n. El Plan de centro tiene car\u00e1cter plurianual, obliga a todo el personal del centro y se puede actualizar o modificar, tras los procesos de autoevaluaci\u00f3n o a propuesta del director en funci\u00f3n de su proyecto de direcci\u00f3n.<\/p>\n\n\n\n<p>El documento del <strong>Plan de Centro <\/strong>contiene los siguientes elementos: Proyecto educativo, Reglamento de Organizaci\u00f3n y Funcionamiento (ROF) y proyecto de gesti\u00f3n.<\/p>\n\n\n\n<p><\/p>\n\n\n\n<p><\/p>\n","protected":false},"excerpt":{"rendered":"<p>El Plan de Centro es el documento donde se recogen las intenciones, propuestas y concreciones en relaci\u00f3n a esta autonom\u00eda pedag\u00f3gica y de gesti\u00f3n. El Plan de centro tiene car\u00e1cter plurianual, obliga a todo el personal del centro y se puede actualizar o modificar, tras los procesos de autoevaluaci\u00f3n o a propuesta del director en &hellip; <\/p>\n<p><a class=\"more-link btn\" href=\"https:\/\/blogsaverroes.juntadeandalucia.es\/ceipsaneustaquiosanlucarlamayor\/documentos\/\">Seguir leyendo<\/a><\/p>\n","protected":false},"author":8241,"featured_media":0,"parent":0,"menu_order":0,"comment_status":"closed","ping_status":"closed","template":"","meta":{"ngg_post_thumbnail":0,"footnotes":"","_mc_calendar":[]},"aioseo_notices":[],"_links":{"self":[{"href":"https:\/\/blogsaverroes.juntadeandalucia.es\/ceipsaneustaquiosanlucarlamayor\/wp-json\/wp\/v2\/pages\/2330"}],"collection":[{"href":"https:\/\/blogsaverroes.juntadeandalucia.es\/ceipsaneustaquiosanlucarlamayor\/wp-json\/wp\/v2\/pages"}],"about":[{"href":"https:\/\/blogsaverroes.juntadeandalucia.es\/ceipsaneustaquiosanlucarlamayor\/wp-json\/wp\/v2\/types\/page"}],"author":[{"embeddable":true,"href":"https:\/\/blogsaverroes.juntadeandalucia.es\/ceipsaneustaquiosanlucarlamayor\/wp-json\/wp\/v2\/users\/8241"}],"replies":[{"embeddable":true,"href":"https:\/\/blogsaverroes.juntadeandalucia.es\/ceipsaneustaquiosanlucarlamayor\/wp-json\/wp\/v2\/comments?post=2330"}],"version-history":[{"count":1,"href":"https:\/\/blogsaverroes.juntadeandalucia.es\/ceipsaneustaquiosanlucarlamayor\/wp-json\/wp\/v2\/pages\/2330\/revisions"}],"predecessor-version":[{"id":2413,"href":"https:\/\/blogsaverroes.juntadeandalucia.es\/ceipsaneustaquiosanlucarlamayor\/wp-json\/wp\/v2\/pages\/2330\/revisions\/2413"}],"wp:attachment":[{"href":"https:\/\/blogsaverroes.juntadeandalucia.es\/ceipsaneustaquiosanlucarlamayor\/wp-json\/wp\/v2\/media?parent=2330"}],"curies":[{"name":"wp","href":"https:\/\/api.w.org\/{rel}","templated":true}]}}