{"id":77,"date":"2015-03-16T06:54:56","date_gmt":"2015-03-16T06:54:56","guid":{"rendered":"http:\/\/blogsaverroes.juntadeandalucia.es\/pre\/ceip\/?page_id=77"},"modified":"2024-08-09T18:13:59","modified_gmt":"2024-08-09T18:13:59","slug":"secretaria","status":"publish","type":"page","link":"https:\/\/blogsaverroes.juntadeandalucia.es\/ceipsanfelipe\/secretaria\/","title":{"rendered":"Secretar\u00eda"},"content":{"rendered":"<p><img loading=\"lazy\" decoding=\"async\" class=\"wp-image-2275 alignleft\" src=\"https:\/\/blogsaverroes.juntadeandalucia.es\/ceipsanfelipe\/files\/2020\/07\/contact-us-2993000_1920-1024x678.jpg\" alt=\"\" width=\"604\" height=\"400\" srcset=\"https:\/\/blogsaverroes.juntadeandalucia.es\/ceipsanfelipe\/files\/2020\/07\/contact-us-2993000_1920-1024x678.jpg 1024w, https:\/\/blogsaverroes.juntadeandalucia.es\/ceipsanfelipe\/files\/2020\/07\/contact-us-2993000_1920-300x199.jpg 300w, https:\/\/blogsaverroes.juntadeandalucia.es\/ceipsanfelipe\/files\/2020\/07\/contact-us-2993000_1920-768x508.jpg 768w, https:\/\/blogsaverroes.juntadeandalucia.es\/ceipsanfelipe\/files\/2020\/07\/contact-us-2993000_1920-24x16.jpg 24w, https:\/\/blogsaverroes.juntadeandalucia.es\/ceipsanfelipe\/files\/2020\/07\/contact-us-2993000_1920-36x24.jpg 36w, https:\/\/blogsaverroes.juntadeandalucia.es\/ceipsanfelipe\/files\/2020\/07\/contact-us-2993000_1920-48x32.jpg 48w, https:\/\/blogsaverroes.juntadeandalucia.es\/ceipsanfelipe\/files\/2020\/07\/contact-us-2993000_1920.jpg 1600w\" sizes=\"(max-width: 604px) 100vw, 604px\" \/> <strong>Horario de atenci\u00f3n al p\u00fablico:<\/strong><\/p>\n<p>De lunes a viernes: De 09:15 a 11:15 horas (Solo con cita previa)<\/p>\n<p><strong>Atenci\u00f3n telef\u00f3nica:<\/strong><\/p>\n<p>956 67 01 88<\/p>\n<p><strong>Correo electr\u00f3nico:<\/strong><\/p>\n<p>11007041@g.educaand.es&nbsp;<\/p>\n<p><strong>FAX:<\/strong><\/p>\n<p>956 67 01 89<\/p>\n<p>&nbsp;<\/p>\n<p>&nbsp;<\/p>\n<p><strong>\u00bfQu\u00e9 servicios realizamos desde la Secretar\u00eda del Centro?<\/strong><\/p>\n<p>La <strong>Secretar\u00eda<\/strong> desarrolla muchas funciones importantes en la vida de un centro, especialmente en la relaci\u00f3n que mantiene con las familias en los diferentes tr\u00e1mites administrativos a lo largo de la escolarizaci\u00f3n:<\/p>\n<ul>\n<li>Admisi\u00f3n y matriculaci\u00f3n del alumnado en el Centro.<\/li>\n<li>Admisi\u00f3n y matriculaci\u00f3n del alumnado en los servicios complementarios ofertados (actividades extraescolares, aula matinal, comedor&#8230;).<\/li>\n<li>Resoluci\u00f3n de consultas e incidencias en relaci\u00f3n a los procesos de matriculaci\u00f3n, admisi\u00f3n, becas o acceso a las plataformas online (Ipasen, Moodle y Secretar\u00eda Virtual).<\/li>\n<li>Solicitud de Becas.<\/li>\n<li>Registro y consulta de documentaci\u00f3n escolar.<\/li>\n<li>Etc.<\/li>\n<\/ul>\n<blockquote><p>\u27a1 <span style=\"text-decoration: underline\"><strong>Reserva tu cita previa haciendo clic en el siguiente enlace: <a href=\"https:\/\/blogsaverroes.juntadeandalucia.es\/ceipsanfelipe\/cita-previa\/\">https:\/\/blogsaverroes.juntadeandalucia.es\/ceipsanfelipe\/cita-previa\/<\/a><\/strong><\/span><\/p><\/blockquote>\n<p>&nbsp;<\/p>\n<p><strong>\u00bfPuedo realizar estos tr\u00e1mites online?<\/strong><\/p>\n<p>Desde el servicio de Secretar\u00eda Online podr\u00e1 realizar las siguientes funciones:<\/p>\n<ul>\n<li>Admisi\u00f3n y matriculaci\u00f3n del alumnado en el Centro. <span style=\"text-decoration: underline\">(Solo activo online durante el periodo de admisi\u00f3n y matriculaci\u00f3n)<\/span>.<\/li>\n<li>Admisi\u00f3n y matriculaci\u00f3n del alumnado en los servicios complementarios ofertados (actividades extraescolares, aula matinal, comedor&#8230;). (Solo activo online durante el periodo de admisi\u00f3n y matriculaci\u00f3n).<\/li>\n<li>Solicitud de Becas.<\/li>\n<li>Registro de documentaci\u00f3n escolar.<\/li>\n<li>Consultas de Publicaciones y Resoluciones de la Consejer\u00eda de Educaci\u00f3n y Deporte.<\/li>\n<\/ul>\n<p><a href=\"https:\/\/www.juntadeandalucia.es\/educacion\/secretariavirtual\/\">Para acceder a la Secretar\u00eda Virtual pulse aqu\u00ed&nbsp;<\/a><\/p>\n<p><span style=\"text-decoration: underline\">Para cualquier consulta, no dude en ponerse en contacto con Secretar\u00eda, a trav\u00e9s del tel\u00e9fono o correo electr\u00f3nico indicado. Estaremos encantados de ayudarle.<\/span><\/p>\n","protected":false},"excerpt":{"rendered":"<p>Horario de atenci\u00f3n al p\u00fablico: De lunes a viernes: De 09:15 a 11:15 horas (Solo con cita previa) Atenci\u00f3n telef\u00f3nica: 956 67 01 88 Correo electr\u00f3nico: 11007041@g.educaand.es&nbsp; FAX: 956 67 01 89 &nbsp; &nbsp;&#46;&#46;&#46;<\/p>\n","protected":false},"author":1,"featured_media":0,"parent":0,"menu_order":0,"comment_status":"closed","ping_status":"open","template":"","meta":{"ngg_post_thumbnail":0,"footnotes":"","_mc_calendar":[]},"aioseo_notices":[],"_links":{"self":[{"href":"https:\/\/blogsaverroes.juntadeandalucia.es\/ceipsanfelipe\/wp-json\/wp\/v2\/pages\/77"}],"collection":[{"href":"https:\/\/blogsaverroes.juntadeandalucia.es\/ceipsanfelipe\/wp-json\/wp\/v2\/pages"}],"about":[{"href":"https:\/\/blogsaverroes.juntadeandalucia.es\/ceipsanfelipe\/wp-json\/wp\/v2\/types\/page"}],"author":[{"embeddable":true,"href":"https:\/\/blogsaverroes.juntadeandalucia.es\/ceipsanfelipe\/wp-json\/wp\/v2\/users\/1"}],"replies":[{"embeddable":true,"href":"https:\/\/blogsaverroes.juntadeandalucia.es\/ceipsanfelipe\/wp-json\/wp\/v2\/comments?post=77"}],"version-history":[{"count":19,"href":"https:\/\/blogsaverroes.juntadeandalucia.es\/ceipsanfelipe\/wp-json\/wp\/v2\/pages\/77\/revisions"}],"predecessor-version":[{"id":2607,"href":"https:\/\/blogsaverroes.juntadeandalucia.es\/ceipsanfelipe\/wp-json\/wp\/v2\/pages\/77\/revisions\/2607"}],"wp:attachment":[{"href":"https:\/\/blogsaverroes.juntadeandalucia.es\/ceipsanfelipe\/wp-json\/wp\/v2\/media?parent=77"}],"curies":[{"name":"wp","href":"https:\/\/api.w.org\/{rel}","templated":true}]}}