{"id":2505,"date":"2016-05-19T10:59:23","date_gmt":"2016-05-19T08:59:23","guid":{"rendered":"http:\/\/blogsaverroes.juntadeandalucia.es\/ceipsanfernando\/?page_id=2505"},"modified":"2018-03-02T13:41:01","modified_gmt":"2018-03-02T12:41:01","slug":"horario","status":"publish","type":"page","link":"https:\/\/blogsaverroes.juntadeandalucia.es\/ceipsanfernando\/horario\/","title":{"rendered":"Horario"},"content":{"rendered":"<p align=\"justify\"><span><span>Este curso hemos realizado la apertura de la Biblioteca Escolar coincidiendo con el D\u00eda Internacional de la Biblioteca (24 de octubre) y permanecer\u00e1 abierta los<\/span><span><b> lunes y viernes <\/b><\/span><span>durante los recreos para prestar servicio a todo el alumnado que quiera acercarse, as\u00ed como las tardes de los <\/span><span><b>lunes de 17:30 h a 18:30 h<\/b><\/span><span> para el p\u00fablico en<\/span> <span>general. <\/span><\/span><\/p>\n<p align=\"justify\"><span><span> Adem\u00e1s de este horario espec\u00edfico, dentro del horario lectivo se realizar\u00e1n distintas actividades a lo largo del curso para fomentar la lectura y el uso de <\/span><span>este <\/span><span>espacio<\/span><span>.<\/span><\/span><\/p>\n","protected":false},"excerpt":{"rendered":"<p>Este curso hemos realizado la apertura de la Biblioteca Escolar coincidiendo con el D\u00eda Internacional de la Biblioteca (24 de octubre) y permanecer\u00e1 abierta los lunes y viernes durante los recreos para prestar servicio&#46;&#46;&#46;<\/p>\n","protected":false},"author":3030,"featured_media":0,"parent":0,"menu_order":0,"comment_status":"open","ping_status":"open","template":"","meta":{"ngg_post_thumbnail":0,"footnotes":"","_mc_calendar":[]},"aioseo_notices":[],"_links":{"self":[{"href":"https:\/\/blogsaverroes.juntadeandalucia.es\/ceipsanfernando\/wp-json\/wp\/v2\/pages\/2505"}],"collection":[{"href":"https:\/\/blogsaverroes.juntadeandalucia.es\/ceipsanfernando\/wp-json\/wp\/v2\/pages"}],"about":[{"href":"https:\/\/blogsaverroes.juntadeandalucia.es\/ceipsanfernando\/wp-json\/wp\/v2\/types\/page"}],"author":[{"embeddable":true,"href":"https:\/\/blogsaverroes.juntadeandalucia.es\/ceipsanfernando\/wp-json\/wp\/v2\/users\/3030"}],"replies":[{"embeddable":true,"href":"https:\/\/blogsaverroes.juntadeandalucia.es\/ceipsanfernando\/wp-json\/wp\/v2\/comments?post=2505"}],"version-history":[{"count":2,"href":"https:\/\/blogsaverroes.juntadeandalucia.es\/ceipsanfernando\/wp-json\/wp\/v2\/pages\/2505\/revisions"}],"predecessor-version":[{"id":3005,"href":"https:\/\/blogsaverroes.juntadeandalucia.es\/ceipsanfernando\/wp-json\/wp\/v2\/pages\/2505\/revisions\/3005"}],"wp:attachment":[{"href":"https:\/\/blogsaverroes.juntadeandalucia.es\/ceipsanfernando\/wp-json\/wp\/v2\/media?parent=2505"}],"curies":[{"name":"wp","href":"https:\/\/api.w.org\/{rel}","templated":true}]}}