{"id":2511,"date":"2016-05-19T11:00:31","date_gmt":"2016-05-19T09:00:31","guid":{"rendered":"http:\/\/blogsaverroes.juntadeandalucia.es\/ceipsanfernando\/?page_id=2511"},"modified":"2018-03-02T13:44:40","modified_gmt":"2018-03-02T12:44:40","slug":"servicios-bibliotecarios","status":"publish","type":"page","link":"https:\/\/blogsaverroes.juntadeandalucia.es\/ceipsanfernando\/servicios-bibliotecarios\/","title":{"rendered":"Servicios bibliotecarios"},"content":{"rendered":"<p align=\"justify\"><span> <span style=\"font-size: medium\">L<\/span><span style=\"font-size: medium\">os principales servicios bibliotecarios que ofrec<\/span><span style=\"font-size: medium\">e<\/span><span style=\"font-size: medium\">mos<\/span><span style=\"font-size: medium\"> en nuestro centro <\/span><span style=\"font-size: medium\">son:<\/span><\/span><\/p>\n<ul>\n<li>\n<p align=\"justify\"><span><span style=\"font-size: medium\">pr\u00e9stamo de libros y material audiovisual para toda la comunidad educativa<\/span><\/span><\/p>\n<\/li>\n<li>\n<p align=\"justify\"><span><span style=\"font-size: medium\">asesoramiento a las familias sobre los libros de lectura m\u00e1s adecuados para sus hijos o sobre lecturas relacionadas con alg\u00fan aspecto educativo<\/span><\/span><\/p>\n<\/li>\n<li>\n<p align=\"justify\"><span><span style=\"font-size: medium\">pr\u00e9stamo de colecciones a los tutores para las aulas<\/span><\/span><\/p>\n<\/li>\n<li>\n<p align=\"justify\"><span><span style=\"font-size: medium\">b\u00fasqueda de libros sobre tem\u00e1ticas concretas a petici\u00f3n de los profesores<\/span><\/span><\/p>\n<\/li>\n<li>\n<p align=\"justify\"><span><span style=\"font-size: medium\">reserva de libros<\/span><\/span><\/p>\n<\/li>\n<li>\n<p align=\"justify\"><span><span style=\"font-size: medium\">lectura en sala<\/span><\/span><\/p>\n<\/li>\n<li>\n<p align=\"justify\"><span><span style=\"font-size: medium\">consulta y estudio en sala.<\/span><\/span><\/p>\n<\/li>\n<\/ul>\n","protected":false},"excerpt":{"rendered":"<p>Los principales servicios bibliotecarios que ofrecemos en nuestro centro son: pr\u00e9stamo de libros y material audiovisual para toda la comunidad educativa asesoramiento a las familias sobre los libros de lectura m\u00e1s adecuados para sus&#46;&#46;&#46;<\/p>\n","protected":false},"author":3030,"featured_media":0,"parent":0,"menu_order":0,"comment_status":"open","ping_status":"open","template":"","meta":{"ngg_post_thumbnail":0,"footnotes":"","_mc_calendar":[]},"aioseo_notices":[],"_links":{"self":[{"href":"https:\/\/blogsaverroes.juntadeandalucia.es\/ceipsanfernando\/wp-json\/wp\/v2\/pages\/2511"}],"collection":[{"href":"https:\/\/blogsaverroes.juntadeandalucia.es\/ceipsanfernando\/wp-json\/wp\/v2\/pages"}],"about":[{"href":"https:\/\/blogsaverroes.juntadeandalucia.es\/ceipsanfernando\/wp-json\/wp\/v2\/types\/page"}],"author":[{"embeddable":true,"href":"https:\/\/blogsaverroes.juntadeandalucia.es\/ceipsanfernando\/wp-json\/wp\/v2\/users\/3030"}],"replies":[{"embeddable":true,"href":"https:\/\/blogsaverroes.juntadeandalucia.es\/ceipsanfernando\/wp-json\/wp\/v2\/comments?post=2511"}],"version-history":[{"count":2,"href":"https:\/\/blogsaverroes.juntadeandalucia.es\/ceipsanfernando\/wp-json\/wp\/v2\/pages\/2511\/revisions"}],"predecessor-version":[{"id":3008,"href":"https:\/\/blogsaverroes.juntadeandalucia.es\/ceipsanfernando\/wp-json\/wp\/v2\/pages\/2511\/revisions\/3008"}],"wp:attachment":[{"href":"https:\/\/blogsaverroes.juntadeandalucia.es\/ceipsanfernando\/wp-json\/wp\/v2\/media?parent=2511"}],"curies":[{"name":"wp","href":"https:\/\/api.w.org\/{rel}","templated":true}]}}