{"id":2981,"date":"2018-03-02T13:13:58","date_gmt":"2018-03-02T12:13:58","guid":{"rendered":"http:\/\/blogsaverroes.juntadeandalucia.es\/ceipsanfernando\/?page_id=2981"},"modified":"2018-04-08T21:28:54","modified_gmt":"2018-04-08T19:28:54","slug":"mascota","status":"publish","type":"page","link":"https:\/\/blogsaverroes.juntadeandalucia.es\/ceipsanfernando\/mascota\/","title":{"rendered":"Mascota"},"content":{"rendered":"<p align=\"justify\"><span><span style=\"font-size: medium\">Hace varios a\u00f1os realizamos un concurso entre los alumnos para elegir una mascota que representara a nuestra Biblioteca Escolar; de todos los dise\u00f1os presentados fue elegido el de las alumnas Susana Boceta \u00c1lvarez y Marta Ayala Ram\u00edrez, que pertenec\u00edan a 4\u00ba curso en ese momento. El nombre que eligieron para su mascota fue \u201cPepito el Papelito\u201d que, como su propio nombre indica, tiene forma de papel enrollado y resulta un personaje muy simp\u00e1tico para los m\u00e1s peque\u00f1os.<\/span><\/span><\/p>\n<p align=\"justify\"><span><span style=\"font-size: medium\"> Dos a\u00f1os m\u00e1s tarde presentamos la reproducci\u00f3n en goma-EVA de la mascota para as\u00ed hacerla m\u00e1s cercana a los ni\u00f1os y tuvo muy buena acogida. Aqu\u00ed os dejamos una foto de Pepito que os da la bienvenida a la biblioteca.<\/span><\/span><\/p>\n<p align=\"justify\"><img loading=\"lazy\" decoding=\"async\" src=\"https:\/\/blogsaverroes.juntadeandalucia.es\/ceipsanfernando\/files\/2018\/04\/img_7066.jpg\" class=\"wp-image-3038 size-full\" height=\"1048\" width=\"701\" srcset=\"https:\/\/blogsaverroes.juntadeandalucia.es\/ceipsanfernando\/files\/2018\/04\/img_7066.jpg 701w, https:\/\/blogsaverroes.juntadeandalucia.es\/ceipsanfernando\/files\/2018\/04\/img_7066-201x300.jpg 201w, https:\/\/blogsaverroes.juntadeandalucia.es\/ceipsanfernando\/files\/2018\/04\/img_7066-685x1024.jpg 685w, https:\/\/blogsaverroes.juntadeandalucia.es\/ceipsanfernando\/files\/2018\/04\/img_7066-700x1047.jpg 700w, https:\/\/blogsaverroes.juntadeandalucia.es\/ceipsanfernando\/files\/2018\/04\/img_7066-16x24.jpg 16w, https:\/\/blogsaverroes.juntadeandalucia.es\/ceipsanfernando\/files\/2018\/04\/img_7066-24x36.jpg 24w, https:\/\/blogsaverroes.juntadeandalucia.es\/ceipsanfernando\/files\/2018\/04\/img_7066-32x48.jpg 32w\" sizes=\"(max-width: 701px) 100vw, 701px\" \/><\/p>\n","protected":false},"excerpt":{"rendered":"<p>Hace varios a\u00f1os realizamos un concurso entre los alumnos para elegir una mascota que representara a nuestra Biblioteca Escolar; de todos los dise\u00f1os presentados fue elegido el de las alumnas Susana Boceta \u00c1lvarez y&#46;&#46;&#46;<\/p>\n","protected":false},"author":3030,"featured_media":0,"parent":0,"menu_order":0,"comment_status":"closed","ping_status":"closed","template":"","meta":{"ngg_post_thumbnail":0,"footnotes":"","_mc_calendar":[]},"aioseo_notices":[],"_links":{"self":[{"href":"https:\/\/blogsaverroes.juntadeandalucia.es\/ceipsanfernando\/wp-json\/wp\/v2\/pages\/2981"}],"collection":[{"href":"https:\/\/blogsaverroes.juntadeandalucia.es\/ceipsanfernando\/wp-json\/wp\/v2\/pages"}],"about":[{"href":"https:\/\/blogsaverroes.juntadeandalucia.es\/ceipsanfernando\/wp-json\/wp\/v2\/types\/page"}],"author":[{"embeddable":true,"href":"https:\/\/blogsaverroes.juntadeandalucia.es\/ceipsanfernando\/wp-json\/wp\/v2\/users\/3030"}],"replies":[{"embeddable":true,"href":"https:\/\/blogsaverroes.juntadeandalucia.es\/ceipsanfernando\/wp-json\/wp\/v2\/comments?post=2981"}],"version-history":[{"count":3,"href":"https:\/\/blogsaverroes.juntadeandalucia.es\/ceipsanfernando\/wp-json\/wp\/v2\/pages\/2981\/revisions"}],"predecessor-version":[{"id":3039,"href":"https:\/\/blogsaverroes.juntadeandalucia.es\/ceipsanfernando\/wp-json\/wp\/v2\/pages\/2981\/revisions\/3039"}],"wp:attachment":[{"href":"https:\/\/blogsaverroes.juntadeandalucia.es\/ceipsanfernando\/wp-json\/wp\/v2\/media?parent=2981"}],"curies":[{"name":"wp","href":"https:\/\/api.w.org\/{rel}","templated":true}]}}