{"id":2982,"date":"2018-03-02T13:13:58","date_gmt":"2018-03-02T12:13:58","guid":{"rendered":"http:\/\/blogsaverroes.juntadeandalucia.es\/ceipsanfernando\/?page_id=2982"},"modified":"2018-03-02T13:46:18","modified_gmt":"2018-03-02T12:46:18","slug":"ayudantes-de-biblioteca","status":"publish","type":"page","link":"https:\/\/blogsaverroes.juntadeandalucia.es\/ceipsanfernando\/ayudantes-de-biblioteca\/","title":{"rendered":"Ayudantes de biblioteca"},"content":{"rendered":"<p align=\"justify\"><span><span style=\"font-size: medium\">Desde el curso 2015-2016 contamos con la colaboraci\u00f3n de ayudantes durante la apertura de la biblioteca en los recreos. Estos \u201cayudantes\u201d son alumnos de 5\u00ba y\/ o 6\u00ba seleccionados entre los voluntarios que se presentan cada a\u00f1o.<\/span><\/span><\/p>\n<p align=\"justify\"><span><span style=\"font-size: medium\"> Para poder formar parte de este equipo de colaboradores hay que cumplir con una serie de criterios, a saber: <\/span><\/span><\/p>\n<p align=\"justify\"><span><span style=\"font-size: medium\">a) ser un alumno trabajador y responsable,<\/span><\/span><\/p>\n<p align=\"justify\"><span><span style=\"font-size: medium\">b) mostrar buen comportamiento en clase<\/span><\/span><\/p>\n<p align=\"justify\"><span><span style=\"font-size: medium\">c) y no haber asistido al Aula de Convivencia durante el trimestres en curso.<\/span><\/span><\/p>\n<p align=\"justify\"><span><span style=\"font-size: medium\"> Los alumnos elegidos reciben una sesi\u00f3n de formaci\u00f3n sobre sus funciones, la organizaci\u00f3n y las normas de la biblioteca. Asimismo, firman un compromiso por escrito con la Coordinadora de la Biblioteca que supervisar\u00e1 su asistencia a este espacio en los d\u00edas y turnos convenidos.<\/span><\/span><\/p>\n<p align=\"justify\"><span><span style=\"font-size: medium\"> Al final del trimestre o del curso, se realiza un reconocimiento p\u00fablico de la labor de estos ni\u00f1os si han cumplido adecuadamente con su compromiso.<\/span><\/span><\/p>\n<p align=\"justify\"><span><span style=\"font-size: medium\"> Aqu\u00ed os dejamos los nombres de los ayudantes de biblioteca de este trimestre, a los que agradecemos la dedicaci\u00f3n de parte de su tiempo libre a ayudar a los m\u00e1s peque\u00f1os que nos visitan y a los maestros que gestionan los servicios bibliotecarios:<\/span><\/span><\/p>\n<p align=\"justify\"><span><span style=\"font-size: medium\">Sa\u00fal Moreno Garc\u00eda<\/span><\/span><\/p>\n<p align=\"justify\"><span><span style=\"font-size: medium\">Mar\u00eda Pinedo Lobato<\/span><\/span><\/p>\n<p align=\"justify\"><span><span style=\"font-size: medium\">Yanira G\u00f3mez Romano<\/span><\/span><\/p>\n<p align=\"justify\"><span><span style=\"font-size: medium\">Daniel Ignacio P\u00e9rez Valseca<\/span><\/span><\/p>\n<p align=\"justify\"><span><span style=\"font-size: medium\">\u00c1ngela Mar\u00eda C\u00e2rlig<\/span><\/span><\/p>\n<p align=\"justify\"><span><span style=\"font-size: medium\">Mario Mart\u00ednez Alonso<\/span><\/span><\/p>\n<p align=\"justify\"><span><span style=\"font-size: medium\">Daniel L\u00f3pez Navarro<\/span><\/span><\/p>\n<p align=\"justify\"><span><span style=\"font-size: medium\">Roc\u00edo Eva Guerreiro Jorge.<\/span><\/span><\/p>\n","protected":false},"excerpt":{"rendered":"<p>Desde el curso 2015-2016 contamos con la colaboraci\u00f3n de ayudantes durante la apertura de la biblioteca en los recreos. Estos \u201cayudantes\u201d son alumnos de 5\u00ba y\/ o 6\u00ba seleccionados entre los voluntarios que se&#46;&#46;&#46;<\/p>\n","protected":false},"author":3030,"featured_media":0,"parent":0,"menu_order":0,"comment_status":"closed","ping_status":"closed","template":"","meta":{"ngg_post_thumbnail":0,"footnotes":"","_mc_calendar":[]},"aioseo_notices":[],"_links":{"self":[{"href":"https:\/\/blogsaverroes.juntadeandalucia.es\/ceipsanfernando\/wp-json\/wp\/v2\/pages\/2982"}],"collection":[{"href":"https:\/\/blogsaverroes.juntadeandalucia.es\/ceipsanfernando\/wp-json\/wp\/v2\/pages"}],"about":[{"href":"https:\/\/blogsaverroes.juntadeandalucia.es\/ceipsanfernando\/wp-json\/wp\/v2\/types\/page"}],"author":[{"embeddable":true,"href":"https:\/\/blogsaverroes.juntadeandalucia.es\/ceipsanfernando\/wp-json\/wp\/v2\/users\/3030"}],"replies":[{"embeddable":true,"href":"https:\/\/blogsaverroes.juntadeandalucia.es\/ceipsanfernando\/wp-json\/wp\/v2\/comments?post=2982"}],"version-history":[{"count":2,"href":"https:\/\/blogsaverroes.juntadeandalucia.es\/ceipsanfernando\/wp-json\/wp\/v2\/pages\/2982\/revisions"}],"predecessor-version":[{"id":3010,"href":"https:\/\/blogsaverroes.juntadeandalucia.es\/ceipsanfernando\/wp-json\/wp\/v2\/pages\/2982\/revisions\/3010"}],"wp:attachment":[{"href":"https:\/\/blogsaverroes.juntadeandalucia.es\/ceipsanfernando\/wp-json\/wp\/v2\/media?parent=2982"}],"curies":[{"name":"wp","href":"https:\/\/api.w.org\/{rel}","templated":true}]}}