{"id":3432,"date":"2020-11-24T09:18:45","date_gmt":"2020-11-24T08:18:45","guid":{"rendered":"https:\/\/blogsaverroes.juntadeandalucia.es\/ceipsanfernando\/?page_id=3432"},"modified":"2021-09-12T20:15:30","modified_gmt":"2021-09-12T18:15:30","slug":"resto-de-planes-y-programas","status":"publish","type":"page","link":"https:\/\/blogsaverroes.juntadeandalucia.es\/ceipsanfernando\/resto-de-planes-y-programas\/","title":{"rendered":"Otros planes y programas"},"content":{"rendered":"<ul>\n<li><a href=\"https:\/\/drive.google.com\/file\/d\/19cnheIdPLgv92SmPlcsURAUNGo2FVbl1\/view?usp=sharing\" target=\"_blank\" rel=\"noopener noreferrer\">PLAN DE CONTINGENCIA<\/a><\/li>\n<li><a href=\"https:\/\/docs.google.com\/document\/d\/1lyfCSqqlY26vvClV4rnKNZOe7Ayj9QKb7xGoVGQQbvc\/edit?usp=sharing\">PROTOCOLO ACTUACI\u00d3N COVID19<\/a><\/li>\n<li><a href=\"https:\/\/drive.google.com\/file\/d\/1Q_4YKX57tNUX51oHvqJfYI6A6aUREZNZ\/view?usp=sharing\">PLAN DE TRANSFORMACI\u00d3N DIGITAL EDUCATIVA<\/a><\/li>\n<li><a href=\"https:\/\/drive.google.com\/file\/d\/11QQ2DQrM_uHMfmQanmXke5Fvu76aYIEG\/view?usp=sharing\">PLAN DE FORMACI\u00d3N<\/a><\/li>\n<li>PLAN DE TR\u00c1NSITO.\n<ul>\n<li><a href=\"https:\/\/drive.google.com\/file\/d\/1WBFPBPXTzOCyLox_HseVxKiYxZk9K3X9\/view?usp=sharing\">Plan de tr\u00e1nsito Educaci\u00f3n Infantil<\/a><\/li>\n<li><a href=\"https:\/\/drive.google.com\/file\/d\/1uwb5A6DTxGZ0ANPAFqd-wCY4w05Io--w\/view?usp=sharing\">Plan de tr\u00e1nsito Educaci\u00f3n Primaria<\/a><\/li>\n<\/ul>\n<\/li>\n<li><a href=\"https:\/\/drive.google.com\/file\/d\/1Codd33VobliLy6RvJzm7-rktTo8hXRjG\/view?usp=sharing\">PLAN DE MEJORA<\/a><\/li>\n<li><a href=\"https:\/\/drive.google.com\/file\/d\/1g8WdnkQyoXtq3KlIgT0m6E4OXcIHNlKF\/view?usp=sharing\">PLAN DE CONVIVENCIA<\/a><\/li>\n<\/ul>\n","protected":false},"excerpt":{"rendered":"<p>PLAN DE CONTINGENCIA PROTOCOLO ACTUACI\u00d3N COVID19 PLAN DE TRANSFORMACI\u00d3N DIGITAL EDUCATIVA PLAN DE FORMACI\u00d3N PLAN DE TR\u00c1NSITO. Plan de tr\u00e1nsito Educaci\u00f3n Infantil Plan de tr\u00e1nsito Educaci\u00f3n Primaria PLAN DE MEJORA PLAN DE CONVIVENCIA<\/p>\n","protected":false},"author":3030,"featured_media":0,"parent":0,"menu_order":0,"comment_status":"closed","ping_status":"closed","template":"","meta":{"ngg_post_thumbnail":0,"footnotes":"","_mc_calendar":[]},"aioseo_notices":[],"_links":{"self":[{"href":"https:\/\/blogsaverroes.juntadeandalucia.es\/ceipsanfernando\/wp-json\/wp\/v2\/pages\/3432"}],"collection":[{"href":"https:\/\/blogsaverroes.juntadeandalucia.es\/ceipsanfernando\/wp-json\/wp\/v2\/pages"}],"about":[{"href":"https:\/\/blogsaverroes.juntadeandalucia.es\/ceipsanfernando\/wp-json\/wp\/v2\/types\/page"}],"author":[{"embeddable":true,"href":"https:\/\/blogsaverroes.juntadeandalucia.es\/ceipsanfernando\/wp-json\/wp\/v2\/users\/3030"}],"replies":[{"embeddable":true,"href":"https:\/\/blogsaverroes.juntadeandalucia.es\/ceipsanfernando\/wp-json\/wp\/v2\/comments?post=3432"}],"version-history":[{"count":3,"href":"https:\/\/blogsaverroes.juntadeandalucia.es\/ceipsanfernando\/wp-json\/wp\/v2\/pages\/3432\/revisions"}],"predecessor-version":[{"id":3513,"href":"https:\/\/blogsaverroes.juntadeandalucia.es\/ceipsanfernando\/wp-json\/wp\/v2\/pages\/3432\/revisions\/3513"}],"wp:attachment":[{"href":"https:\/\/blogsaverroes.juntadeandalucia.es\/ceipsanfernando\/wp-json\/wp\/v2\/media?parent=3432"}],"curies":[{"name":"wp","href":"https:\/\/api.w.org\/{rel}","templated":true}]}}