{"id":42,"date":"2015-03-13T08:40:47","date_gmt":"2015-03-13T08:40:47","guid":{"rendered":"http:\/\/blogsaverroes.juntadeandalucia.es\/pre\/ceip\/?page_id=42"},"modified":"2024-12-17T13:38:45","modified_gmt":"2024-12-17T12:38:45","slug":"equipo-directivo","status":"publish","type":"page","link":"https:\/\/blogsaverroes.juntadeandalucia.es\/ceipsanfernando\/equipo-directivo\/","title":{"rendered":"ORGANIGRAMA DEL CENTRO"},"content":{"rendered":"<table style=\"border-collapse: collapse;width: 96.6827%;height: 1617px\">\n<tbody>\n<tr style=\"height: 56px\">\n<td style=\"width: 97.2321%;height: 56px\" colspan=\"3\">\n<h3 style=\"text-align: center\"><span style=\"color: #800000\"><strong>EQUIPO DIRECTIVO<\/strong><\/span><\/h3>\n<\/td>\n<\/tr>\n<tr style=\"height: 120px\">\n<td style=\"width: 28.0998%;height: 120px\">\n<p style=\"text-align: center\"><strong>DIRECCI\u00d3N<\/strong><\/p>\n<p style=\"text-align: center\"><strong><span style=\"color: #008000\">D. Abraham Rivera G\u00f3mez-Arevalillo<\/span><\/strong><\/p>\n<\/td>\n<td style=\"width: 34.9162%;height: 120px\">\n<p style=\"text-align: center\"><strong>JEFATURA DE ESTUDIOS<\/strong><\/p>\n<p style=\"text-align: center\"><strong><span style=\"color: #008000\">D\u00f1a. Mar\u00eda Jos\u00e9 Cabeza Mateos<\/span><\/strong><\/p>\n<\/td>\n<td style=\"width: 34.2161%;height: 120px\">\n<p style=\"text-align: center\"><strong>SECRETAR\u00cdA<\/strong><\/p>\n<p style=\"text-align: center\"><strong><span style=\"color: #008000\">D. Jos\u00e9 Miguel C\u00e1ceres Cabello<\/span><\/strong><\/p>\n<\/td>\n<\/tr>\n<tr style=\"height: 56px\">\n<td style=\"width: 97.2321%;height: 56px\" colspan=\"3\">\n<h3 style=\"text-align: center\"><strong>MONITORA ESCOLAR<\/strong><\/h3>\n<\/td>\n<\/tr>\n<tr style=\"height: 48px\">\n<td style=\"width: 97.2321%;height: 48px\" colspan=\"3\">\n<p style=\"text-align: center\"><strong><span style=\"color: #008000\">D\u00f1a. Mar\u00eda Jos\u00e9 Mart\u00edn D\u00edaz<\/span><\/strong><\/p>\n<\/td>\n<\/tr>\n<tr style=\"height: 56px\">\n<td style=\"width: 97.2321%;height: 56px\" colspan=\"3\">\n<h3 style=\"text-align: center\"><strong>ETAPA EDUCACI\u00d3N INFANTIL<\/strong><\/h3>\n<\/td>\n<\/tr>\n<tr style=\"height: 96px\">\n<td style=\"width: 28.0998%;height: 96px\">\n<p style=\"text-align: center\"><strong>3 A\u00d1OS<\/strong><\/p>\n<p><strong><span style=\"color: #008000\">D\u00f1a. Carmen Borrego Valor<\/span><\/strong><\/td>\n<td style=\"width: 34.9162%;height: 96px\">\n<p style=\"text-align: center\"><strong>4 A\u00d1OS<\/strong><\/p>\n<p><strong><span style=\"color: #008000\">D\u00f1a. Esther Mar\u00eda de la Pe\u00f1a P\u00e9rez<\/span><\/strong><\/td>\n<td style=\"width: 34.2161%;height: 96px\">\n<p style=\"text-align: center\"><strong>5 A\u00d1OS<\/strong><\/p>\n<p><strong><span style=\"color: #008000\">D\u00f1a. Isabel Aguilar Segura<\/span><\/strong><\/td>\n<\/tr>\n<tr style=\"height: 56px\">\n<td style=\"width: 97.2321%;height: 56px\" colspan=\"3\">\n<h3 style=\"text-align: center\"><strong>ETAPA EDUCACI\u00d3N PRIMARIA<\/strong><\/h3>\n<\/td>\n<\/tr>\n<tr style=\"height: 144px\">\n<td style=\"width: 28.0998%;height: 144px\">\n<p style=\"text-align: center\"><strong>PRIMERO<\/strong><\/p>\n<p><strong><span style=\"color: #008000\">D\u00f1a. Mar\u00eda Isabel Fern\u00e1ndez Marchena<\/span><\/strong><\/td>\n<td style=\"width: 34.9162%;height: 144px\">\n<p style=\"text-align: center\"><strong>SEGUNDO<\/strong><\/p>\n<p><strong><span style=\"color: #008000\">D. Jos\u00e9 Miguel C\u00e1ceres Cabello<\/span><\/strong><\/p>\n<p>&nbsp;<\/td>\n<td style=\"width: 34.2161%;height: 144px\">\n<p style=\"text-align: center\"><strong>TERCERO<\/strong><\/p>\n<p><strong><span style=\"color: #008000\">D\u00f1a. Yolanda Ortega Reina (A)<\/span><\/strong><\/p>\n<p><strong><span style=\"color: #008000\">D\u00f1a. Ana Delia Sotelo Molero (B)<\/span><\/strong><\/td>\n<\/tr>\n<tr style=\"height: 193px\">\n<td style=\"width: 28.0998%;height: 193px\">\n<p style=\"text-align: center\"><strong>CUARTO<\/strong><\/p>\n<p><strong><span style=\"color: #008000\">D\u00f1a. Elisa Isabel S\u00e1chez Arillo<\/span><\/strong><\/p>\n<p>&nbsp;<\/td>\n<td style=\"width: 34.9162%;height: 193px\">\n<p style=\"text-align: center\"><strong>QUINTO<\/strong><\/p>\n<p><strong><span style=\"color: #008000\">D\u00f1a. Mamen Magro Rodr\u00edguez<\/span><\/strong><\/p>\n<p>&nbsp;<\/td>\n<td style=\"width: 34.2161%;height: 193px\">\n<p style=\"text-align: center\"><strong>SEXTO<\/strong><\/p>\n<p><strong><span style=\"color: #008000\">D\u00f1a. Mar\u00eda Jos\u00e9 Cabeza Mateos<\/span><\/strong><\/p>\n<p><strong><span style=\"color: #008000\">&nbsp;<\/span><\/strong><\/td>\n<\/tr>\n<tr style=\"height: 56px\">\n<td style=\"width: 97.2321%;height: 56px\" colspan=\"3\">\n<h3 style=\"text-align: center\"><strong>ESPECIALIDADES<\/strong><\/h3>\n<\/td>\n<\/tr>\n<tr style=\"height: 96px\">\n<td style=\"width: 28.0998%;height: 96px\">\n<p style=\"text-align: center\"><strong>INGL\u00c9S<\/strong><\/p>\n<p><strong><span style=\"color: #008000\">D\u00f1a. Carolina Garc\u00eda Salvador<\/span><\/strong><\/td>\n<td style=\"width: 34.9162%;height: 96px\">\n<p style=\"text-align: center\"><strong>FRANC\u00c9S<\/strong><\/p>\n<p><strong><span style=\"color: #008000\">D\u00f1a. Ana Delia Sotelo Molero<\/span><\/strong><\/td>\n<td style=\"width: 34.2161%;height: 96px\">\n<p style=\"text-align: center\"><strong>EDUCACI\u00d3N F\u00cdSICA<\/strong><\/p>\n<p><strong><span style=\"color: #008000\">D. Manuel Vi\u00f1uela Garc\u00eda.<\/span><\/strong><\/td>\n<\/tr>\n<tr style=\"height: 144px\">\n<td style=\"width: 28.0998%;height: 144px\">\n<p style=\"text-align: center\"><strong>M\u00daSICA<\/strong><\/p>\n<p><strong><span style=\"color: #008000\">D. Abraham Rivera <\/span><\/strong><strong><span style=\"color: #008000\">G\u00f3mez-Arevalillo<\/span><\/strong><\/td>\n<td style=\"width: 34.9162%;height: 144px\">\n<p style=\"text-align: center\"><strong>RELIGI\u00d3N<\/strong><\/p>\n<p><strong><span style=\"color: #008000\">D\u00f1a. Silvia Gil Medrano<\/span><\/strong><\/td>\n<td style=\"width: 34.2161%;height: 144px\">\n<p style=\"text-align: center\"><strong>APOYO<\/strong><\/p>\n<p><strong><span style=\"color: #008000\">D. Manuel G\u00f3mez Porcel&nbsp;<\/span><\/strong><\/p>\n<p>&nbsp;<\/td>\n<\/tr>\n<tr style=\"height: 56px\">\n<td style=\"width: 97.2321%;height: 56px\" colspan=\"3\">\n<h3 style=\"text-align: center\"><strong>EQUIPO DE ORIENTACI\u00d3N<\/strong><\/h3>\n<\/td>\n<\/tr>\n<tr style=\"height: 96px\">\n<td style=\"width: 28.0998%;height: 96px\">\n<p style=\"text-align: center\"><strong>PEDAGOG\u00cdA TERAP\u00c9UTICA<\/strong><\/p>\n<p><strong><span style=\"color: #008000\">D\u00f1a. Inmaculada Concepci\u00f3n Escalera Mendoza<\/span><\/strong><\/td>\n<td style=\"width: 34.9162%;height: 96px\">\n<p style=\"text-align: center\"><strong>M\u00c9DICO<\/strong><\/p>\n<p><strong><span style=\"color: #008000\">D. Juan Arag\u00f3n Rom\u00e1n<\/span><\/strong><\/td>\n<td style=\"width: 34.2161%;height: 96px\">\n<p style=\"text-align: center\"><strong>AUDICI\u00d3N Y LENGUAJE<\/strong><\/p>\n<p><strong><span style=\"color: #008000\">D\u00f1a. Paula Urbina Gil<\/span><\/strong><\/td>\n<\/tr>\n<tr style=\"height: 96px\">\n<td style=\"width: 28.0998%;height: 96px\">\n<p style=\"text-align: center\"><strong>ORIENTADOR<\/strong><\/p>\n<p><strong><span style=\"color: #008000\">D\u00f1a. Ana Mar\u00eda Garc\u00eda Navarro<\/span><\/strong><\/td>\n<td style=\"width: 34.9162%;height: 96px\">\n<p style=\"text-align: center\"><strong>PTIS<\/strong><\/p>\n<p><strong><span style=\"color: #008000\">D\u00f1a. Mamen Garc\u00eda Olid<\/span><\/strong><\/p>\n<p style=\"text-align: center\"><strong>&nbsp;<\/strong><\/p>\n<\/td>\n<td style=\"width: 34.2161%;height: 96px\">\n<p style=\"text-align: center\"><strong>&nbsp;<\/strong><\/p>\n<\/td>\n<\/tr>\n<tr style=\"height: 56px\">\n<td style=\"width: 97.2321%;height: 56px\" colspan=\"3\">&nbsp;<\/td>\n<\/tr>\n<tr style=\"height: 96px\">\n<td style=\"width: 28.0998%;height: 96px\">&nbsp;<\/td>\n<td style=\"width: 34.9162%;height: 96px\">&nbsp;<\/td>\n<td style=\"width: 34.2161%;height: 96px\">&nbsp;<\/td>\n<\/tr>\n<tr style=\"height: 48px\">\n<td style=\"width: 28.0998%;height: 48px\">\n<p style=\"text-align: center\"><strong>&nbsp;<\/strong><\/p>\n<\/td>\n<td style=\"width: 34.9162%;height: 48px\">\n<p style=\"text-align: center\"><strong>&nbsp;<\/strong><\/p>\n<\/td>\n<td style=\"width: 34.2161%;height: 48px\">\n<p style=\"text-align: center\"><strong>&nbsp;<\/strong><\/p>\n<\/td>\n<\/tr>\n<tr style=\"height: 24px\">\n<td style=\"width: 97.2321%;height: 24px\" colspan=\"3\">&nbsp;<\/td>\n<\/tr>\n<tr style=\"height: 24px\">\n<td style=\"width: 97.2321%;height: 24px\" colspan=\"3\">&nbsp;<\/td>\n<\/tr>\n<\/tbody>\n<\/table>\n<p style=\"text-align: center\">&nbsp;<\/p>\n<p>&nbsp;<\/p>\n<p style=\"text-align: center\">&nbsp;<\/p>\n<p>&nbsp;<\/p>\n<p style=\"text-align: center\">&nbsp;<\/p>\n","protected":false},"excerpt":{"rendered":"<p>EQUIPO DIRECTIVO DIRECCI\u00d3N D. Abraham Rivera G\u00f3mez-Arevalillo JEFATURA DE ESTUDIOS D\u00f1a. Mar\u00eda Jos\u00e9 Cabeza Mateos SECRETAR\u00cdA D. Jos\u00e9 Miguel C\u00e1ceres Cabello MONITORA ESCOLAR D\u00f1a. Mar\u00eda Jos\u00e9 Mart\u00edn D\u00edaz ETAPA EDUCACI\u00d3N INFANTIL 3 A\u00d1OS D\u00f1a.&#46;&#46;&#46;<\/p>\n","protected":false},"author":1,"featured_media":0,"parent":0,"menu_order":0,"comment_status":"closed","ping_status":"open","template":"","meta":{"ngg_post_thumbnail":0,"footnotes":"","_mc_calendar":[]},"aioseo_notices":[],"_links":{"self":[{"href":"https:\/\/blogsaverroes.juntadeandalucia.es\/ceipsanfernando\/wp-json\/wp\/v2\/pages\/42"}],"collection":[{"href":"https:\/\/blogsaverroes.juntadeandalucia.es\/ceipsanfernando\/wp-json\/wp\/v2\/pages"}],"about":[{"href":"https:\/\/blogsaverroes.juntadeandalucia.es\/ceipsanfernando\/wp-json\/wp\/v2\/types\/page"}],"author":[{"embeddable":true,"href":"https:\/\/blogsaverroes.juntadeandalucia.es\/ceipsanfernando\/wp-json\/wp\/v2\/users\/1"}],"replies":[{"embeddable":true,"href":"https:\/\/blogsaverroes.juntadeandalucia.es\/ceipsanfernando\/wp-json\/wp\/v2\/comments?post=42"}],"version-history":[{"count":15,"href":"https:\/\/blogsaverroes.juntadeandalucia.es\/ceipsanfernando\/wp-json\/wp\/v2\/pages\/42\/revisions"}],"predecessor-version":[{"id":3641,"href":"https:\/\/blogsaverroes.juntadeandalucia.es\/ceipsanfernando\/wp-json\/wp\/v2\/pages\/42\/revisions\/3641"}],"wp:attachment":[{"href":"https:\/\/blogsaverroes.juntadeandalucia.es\/ceipsanfernando\/wp-json\/wp\/v2\/media?parent=42"}],"curies":[{"name":"wp","href":"https:\/\/api.w.org\/{rel}","templated":true}]}}