{"id":77,"date":"2015-03-16T06:54:56","date_gmt":"2015-03-16T06:54:56","guid":{"rendered":"http:\/\/blogsaverroes.juntadeandalucia.es\/pre\/ceip\/?page_id=77"},"modified":"2024-12-17T13:42:23","modified_gmt":"2024-12-17T12:42:23","slug":"secretaria","status":"publish","type":"page","link":"https:\/\/blogsaverroes.juntadeandalucia.es\/ceipsanfernando\/secretaria\/","title":{"rendered":"Secretar\u00eda"},"content":{"rendered":"<ul>\n<li><strong>Horario de Secretar\u00eda:<\/strong><\/li>\n<\/ul>\n<p>De lunes a viernes: de 09:10 a 10:30 y de 12:45 a 13:45.<\/p>\n<p>Correo electr\u00f3nico para familias: <a href=\"mailto:sanfernandocp@gmail.com\">sanfernandocp@gmail.com<\/a><\/p>\n<p>Tel\u00e9fono: 955839908<\/p>\n<p>&nbsp;<\/p>\n<p>&nbsp;<\/p>\n","protected":false},"excerpt":{"rendered":"<p>Horario de Secretar\u00eda: De lunes a viernes: de 09:10 a 10:30 y de 12:45 a 13:45. Correo electr\u00f3nico para familias: sanfernandocp@gmail.com Tel\u00e9fono: 955839908 &nbsp; &nbsp;<\/p>\n","protected":false},"author":1,"featured_media":0,"parent":0,"menu_order":0,"comment_status":"closed","ping_status":"open","template":"","meta":{"ngg_post_thumbnail":0,"footnotes":"","_mc_calendar":[]},"aioseo_notices":[],"_links":{"self":[{"href":"https:\/\/blogsaverroes.juntadeandalucia.es\/ceipsanfernando\/wp-json\/wp\/v2\/pages\/77"}],"collection":[{"href":"https:\/\/blogsaverroes.juntadeandalucia.es\/ceipsanfernando\/wp-json\/wp\/v2\/pages"}],"about":[{"href":"https:\/\/blogsaverroes.juntadeandalucia.es\/ceipsanfernando\/wp-json\/wp\/v2\/types\/page"}],"author":[{"embeddable":true,"href":"https:\/\/blogsaverroes.juntadeandalucia.es\/ceipsanfernando\/wp-json\/wp\/v2\/users\/1"}],"replies":[{"embeddable":true,"href":"https:\/\/blogsaverroes.juntadeandalucia.es\/ceipsanfernando\/wp-json\/wp\/v2\/comments?post=77"}],"version-history":[{"count":3,"href":"https:\/\/blogsaverroes.juntadeandalucia.es\/ceipsanfernando\/wp-json\/wp\/v2\/pages\/77\/revisions"}],"predecessor-version":[{"id":3642,"href":"https:\/\/blogsaverroes.juntadeandalucia.es\/ceipsanfernando\/wp-json\/wp\/v2\/pages\/77\/revisions\/3642"}],"wp:attachment":[{"href":"https:\/\/blogsaverroes.juntadeandalucia.es\/ceipsanfernando\/wp-json\/wp\/v2\/media?parent=77"}],"curies":[{"name":"wp","href":"https:\/\/api.w.org\/{rel}","templated":true}]}}