{"id":869,"date":"2015-03-16T07:03:52","date_gmt":"2015-03-16T07:03:52","guid":{"rendered":"http:\/\/blogsaverroes.juntadeandalucia.es\/pre\/ceip\/?page_id=84"},"modified":"2024-12-17T14:02:28","modified_gmt":"2024-12-17T13:02:28","slug":"calendario-escolar","status":"publish","type":"page","link":"https:\/\/blogsaverroes.juntadeandalucia.es\/ceipsanfernando\/calendario-escolar\/","title":{"rendered":"Calendario escolar"},"content":{"rendered":"<p style=\"text-align: left\"><strong>Calendario escolar de la Delegaci\u00f3n Provincial de Educaci\u00f3n de Sevilla. Consejer\u00eda de Educaci\u00f3n. Junta de Andaluc\u00eda.<br \/>\n<\/strong><\/p>\n<h4 style=\"text-align: center\"><strong>D\u00edas lectivos y festivos de la localidad.<\/strong><\/h4>\n<p style=\"text-align: center\"><a href=\"https:\/\/www.juntadeandalucia.es\/educacion\/secretariavirtual\/consulta\/calendario-escolar\/mostrar\/\">Haga clic aqu\u00ed para ver el calendario escolar de la provincia de Sevilla.<\/a><\/p>\n","protected":false},"excerpt":{"rendered":"<p>Calendario escolar de la Delegaci\u00f3n Provincial de Educaci\u00f3n de Sevilla. Consejer\u00eda de Educaci\u00f3n. Junta de Andaluc\u00eda. D\u00edas lectivos y festivos de la localidad. Haga clic aqu\u00ed para ver el calendario escolar de la provincia&#46;&#46;&#46;<\/p>\n","protected":false},"author":1,"featured_media":0,"parent":0,"menu_order":0,"comment_status":"closed","ping_status":"open","template":"","meta":{"ngg_post_thumbnail":0,"footnotes":"","_mc_calendar":{"weekends":"true","shortcode":"[my_calendar weekends=&quot;true&quot;]","append":""}},"aioseo_notices":[],"_links":{"self":[{"href":"https:\/\/blogsaverroes.juntadeandalucia.es\/ceipsanfernando\/wp-json\/wp\/v2\/pages\/869"}],"collection":[{"href":"https:\/\/blogsaverroes.juntadeandalucia.es\/ceipsanfernando\/wp-json\/wp\/v2\/pages"}],"about":[{"href":"https:\/\/blogsaverroes.juntadeandalucia.es\/ceipsanfernando\/wp-json\/wp\/v2\/types\/page"}],"author":[{"embeddable":true,"href":"https:\/\/blogsaverroes.juntadeandalucia.es\/ceipsanfernando\/wp-json\/wp\/v2\/users\/1"}],"replies":[{"embeddable":true,"href":"https:\/\/blogsaverroes.juntadeandalucia.es\/ceipsanfernando\/wp-json\/wp\/v2\/comments?post=869"}],"version-history":[{"count":8,"href":"https:\/\/blogsaverroes.juntadeandalucia.es\/ceipsanfernando\/wp-json\/wp\/v2\/pages\/869\/revisions"}],"predecessor-version":[{"id":2224,"href":"https:\/\/blogsaverroes.juntadeandalucia.es\/ceipsanfernando\/wp-json\/wp\/v2\/pages\/869\/revisions\/2224"}],"wp:attachment":[{"href":"https:\/\/blogsaverroes.juntadeandalucia.es\/ceipsanfernando\/wp-json\/wp\/v2\/media?parent=869"}],"curies":[{"name":"wp","href":"https:\/\/api.w.org\/{rel}","templated":true}]}}