{"id":16,"date":"2020-01-09T12:31:22","date_gmt":"2020-01-09T11:31:22","guid":{"rendered":"http:\/\/blogsaverroes.juntadeandalucia.es\/pre\/nuevoceip2v2\/?page_id=16"},"modified":"2025-07-24T15:13:02","modified_gmt":"2025-07-24T14:13:02","slug":"1o-ciclo-de-educacion-primaria","status":"publish","type":"page","link":"https:\/\/blogsaverroes.juntadeandalucia.es\/ceipsanfernandoadra\/1o-ciclo-de-educacion-primaria\/","title":{"rendered":"1\u00ba Ciclo de Educaci\u00f3n Primaria"},"content":{"rendered":"<p>[et_pb_section fb_built=&#8221;1&#8243; _builder_version=&#8221;4.16&#8243; custom_padding=&#8221;0px||0px|&#8221; z_index_tablet=&#8221;500&#8243; box_shadow_horizontal_tablet=&#8221;0px&#8221; box_shadow_vertical_tablet=&#8221;0px&#8221; box_shadow_blur_tablet=&#8221;40px&#8221; box_shadow_spread_tablet=&#8221;0px&#8221; global_colors_info=&#8221;{}&#8221;][et_pb_row _builder_version=&#8221;4.16&#8243; background_size=&#8221;initial&#8221; background_position=&#8221;top_left&#8221; background_repeat=&#8221;repeat&#8221; global_colors_info=&#8221;{}&#8221;][et_pb_column type=&#8221;4_4&#8243; _builder_version=&#8221;4.16&#8243; custom_padding=&#8221;|||&#8221; global_colors_info=&#8221;{}&#8221; custom_padding__hover=&#8221;|||&#8221;][et_pb_image src=&#8221;https:\/\/blogsaverroes.juntadeandalucia.es\/ceipsanfernandoadra\/files\/2025\/07\/IMG_1151-scaled.jpg&#8221; title_text=&#8221;IMG_1151&#8243; admin_label=&#8221;Imagen de la portada&#8221; _builder_version=&#8221;4.24.2&#8243; width=&#8221;50%&#8221; max_width=&#8221;50%&#8221; hover_enabled=&#8221;0&#8243; z_index_tablet=&#8221;500&#8243; box_shadow_horizontal_tablet=&#8221;0px&#8221; box_shadow_vertical_tablet=&#8221;0px&#8221; box_shadow_blur_tablet=&#8221;40px&#8221; box_shadow_spread_tablet=&#8221;0px&#8221; global_colors_info=&#8221;{}&#8221; align=&#8221;center&#8221; sticky_enabled=&#8221;0&#8243;][\/et_pb_image][et_pb_text admin_label=&#8221;Texto descriptivo&#8221; _builder_version=&#8221;4.24.2&#8243; z_index_tablet=&#8221;500&#8243; text_text_shadow_horizontal_length_tablet=&#8221;0px&#8221; text_text_shadow_vertical_length_tablet=&#8221;0px&#8221; text_text_shadow_blur_strength_tablet=&#8221;1px&#8221; link_text_shadow_horizontal_length_tablet=&#8221;0px&#8221; link_text_shadow_vertical_length_tablet=&#8221;0px&#8221; link_text_shadow_blur_strength_tablet=&#8221;1px&#8221; ul_text_shadow_horizontal_length_tablet=&#8221;0px&#8221; ul_text_shadow_vertical_length_tablet=&#8221;0px&#8221; ul_text_shadow_blur_strength_tablet=&#8221;1px&#8221; ol_text_shadow_horizontal_length_tablet=&#8221;0px&#8221; ol_text_shadow_vertical_length_tablet=&#8221;0px&#8221; ol_text_shadow_blur_strength_tablet=&#8221;1px&#8221; quote_text_shadow_horizontal_length_tablet=&#8221;0px&#8221; quote_text_shadow_vertical_length_tablet=&#8221;0px&#8221; quote_text_shadow_blur_strength_tablet=&#8221;1px&#8221; header_text_shadow_horizontal_length_tablet=&#8221;0px&#8221; header_text_shadow_vertical_length_tablet=&#8221;0px&#8221; header_text_shadow_blur_strength_tablet=&#8221;1px&#8221; header_2_text_shadow_horizontal_length_tablet=&#8221;0px&#8221; header_2_text_shadow_vertical_length_tablet=&#8221;0px&#8221; header_2_text_shadow_blur_strength_tablet=&#8221;1px&#8221; header_3_text_shadow_horizontal_length_tablet=&#8221;0px&#8221; header_3_text_shadow_vertical_length_tablet=&#8221;0px&#8221; header_3_text_shadow_blur_strength_tablet=&#8221;1px&#8221; header_4_text_shadow_horizontal_length_tablet=&#8221;0px&#8221; header_4_text_shadow_vertical_length_tablet=&#8221;0px&#8221; header_4_text_shadow_blur_strength_tablet=&#8221;1px&#8221; header_5_text_shadow_horizontal_length_tablet=&#8221;0px&#8221; header_5_text_shadow_vertical_length_tablet=&#8221;0px&#8221; header_5_text_shadow_blur_strength_tablet=&#8221;1px&#8221; header_6_text_shadow_horizontal_length_tablet=&#8221;0px&#8221; header_6_text_shadow_vertical_length_tablet=&#8221;0px&#8221; header_6_text_shadow_blur_strength_tablet=&#8221;1px&#8221; box_shadow_horizontal_tablet=&#8221;0px&#8221; box_shadow_vertical_tablet=&#8221;0px&#8221; box_shadow_blur_tablet=&#8221;40px&#8221; box_shadow_spread_tablet=&#8221;0px&#8221; global_colors_info=&#8221;{}&#8221;]<\/p>\n<h2>1\u00ba Ciclo de Educaci\u00f3n Primaria<\/h2>\n<p>En esta etapa, nos centramos en que los ni\u00f1os <b>asienten las bases fundamentales<\/b> para todo su aprendizaje futuro. Es un periodo de transici\u00f3n donde dejamos atr\u00e1s el juego libre de infantil y empezamos a estructurar el conocimiento, pero siempre de una forma motivadora y adaptada a su edad.<\/p>\n<h3>Nuestros pilares en esta etapa:<\/h3>\n<ul>\n<li>\n<p><b>Lectoescritura y c\u00e1lculo:<\/b> \u00a1Son la clave! Ayudamos a los ni\u00f1os a <b>afianzar la lectura y la escritura<\/b> de manera fluida y comprensiva. Al mismo tiempo, les introducimos en el mundo de las <b>matem\u00e1ticas b\u00e1sicas<\/b>, para que dominen las operaciones y resuelvan problemas sencillos.<\/p>\n<\/li>\n<li>\n<p><b>Desarrollo de habilidades de estudio:<\/b> Empezamos a ense\u00f1arles a <b>organizarse<\/b>, a planificar sus tareas y a desarrollar h\u00e1bitos de estudio que les ser\u00e1n muy \u00fatiles para el resto de su vida acad\u00e9mica.<\/p>\n<\/li>\n<li>\n<p><b>Pensamiento cr\u00edtico y creatividad:<\/b> Fomentamos que los ni\u00f1os <b>piensen por s\u00ed mismos<\/b>, que hagan preguntas, investiguen y encuentren soluciones. Tambi\u00e9n impulsamos su creatividad a trav\u00e9s de proyectos, arte y actividades l\u00fadicas.<\/p>\n<\/li>\n<li>\n<p><b>Socializaci\u00f3n y valores:<\/b> Es fundamental que aprendan a <b>convivir<\/b>, a respetar las normas, a trabajar en equipo y a desarrollar la empat\u00eda. Les ayudamos a comprender la importancia de ser buenos compa\u00f1eros y ciudadanos.<\/p>\n<\/li>\n<li>\n<p><b>Exploraci\u00f3n del entorno:<\/b> Descubrimos el mundo que les rodea a trav\u00e9s de asignaturas como <b>Ciencias Naturales y Sociales<\/b>, aprendiendo sobre la naturaleza, la sociedad, la historia y la geograf\u00eda de una manera accesible y atractiva.<\/p>\n<\/li>\n<\/ul>\n<p>En resumen, en esta primera etapa de Primaria, nuestro objetivo es que los ni\u00f1os adquieran las herramientas b\u00e1sicas para seguir aprendiendo, desarrollando su autonom\u00eda, curiosidad y habilidades sociales, todo ello en un ambiente cercano y de confianza.<\/p>\n<p>[\/et_pb_text][\/et_pb_column][\/et_pb_row][\/et_pb_section]<\/p>\n","protected":false},"excerpt":{"rendered":"<p>1\u00ba Ciclo de Educaci\u00f3n Primaria En esta etapa, nos centramos en que los ni\u00f1os asienten las bases fundamentales para todo su aprendizaje futuro. Es un periodo de transici\u00f3n donde dejamos atr\u00e1s el juego libre de infantil y empezamos a estructurar el conocimiento, pero siempre de una forma motivadora y adaptada a su edad. Nuestros pilares [&hellip;]<\/p>\n","protected":false},"author":7051,"featured_media":0,"parent":0,"menu_order":0,"comment_status":"closed","ping_status":"closed","template":"","meta":{"_et_pb_use_builder":"on","_et_pb_old_content":"","_et_gb_content_width":"","_exactmetrics_skip_tracking":false,"_exactmetrics_sitenote_active":false,"_exactmetrics_sitenote_note":"","_exactmetrics_sitenote_category":0,"ngg_post_thumbnail":0,"footnotes":""},"aioseo_notices":[],"_links":{"self":[{"href":"https:\/\/blogsaverroes.juntadeandalucia.es\/ceipsanfernandoadra\/wp-json\/wp\/v2\/pages\/16"}],"collection":[{"href":"https:\/\/blogsaverroes.juntadeandalucia.es\/ceipsanfernandoadra\/wp-json\/wp\/v2\/pages"}],"about":[{"href":"https:\/\/blogsaverroes.juntadeandalucia.es\/ceipsanfernandoadra\/wp-json\/wp\/v2\/types\/page"}],"author":[{"embeddable":true,"href":"https:\/\/blogsaverroes.juntadeandalucia.es\/ceipsanfernandoadra\/wp-json\/wp\/v2\/users\/7051"}],"replies":[{"embeddable":true,"href":"https:\/\/blogsaverroes.juntadeandalucia.es\/ceipsanfernandoadra\/wp-json\/wp\/v2\/comments?post=16"}],"version-history":[{"count":3,"href":"https:\/\/blogsaverroes.juntadeandalucia.es\/ceipsanfernandoadra\/wp-json\/wp\/v2\/pages\/16\/revisions"}],"predecessor-version":[{"id":700,"href":"https:\/\/blogsaverroes.juntadeandalucia.es\/ceipsanfernandoadra\/wp-json\/wp\/v2\/pages\/16\/revisions\/700"}],"wp:attachment":[{"href":"https:\/\/blogsaverroes.juntadeandalucia.es\/ceipsanfernandoadra\/wp-json\/wp\/v2\/media?parent=16"}],"curies":[{"name":"wp","href":"https:\/\/api.w.org\/{rel}","templated":true}]}}