{"id":22,"date":"2020-01-09T12:33:26","date_gmt":"2020-01-09T11:33:26","guid":{"rendered":"http:\/\/blogsaverroes.juntadeandalucia.es\/pre\/nuevoceip2v2\/?page_id=22"},"modified":"2025-07-24T16:34:19","modified_gmt":"2025-07-24T15:34:19","slug":"2o-ciclo-de-educacion-primaria","status":"publish","type":"page","link":"https:\/\/blogsaverroes.juntadeandalucia.es\/ceipsanfernandoadra\/2o-ciclo-de-educacion-primaria\/","title":{"rendered":"2\u00ba Ciclo de Educaci\u00f3n Primaria"},"content":{"rendered":"<p>[et_pb_section fb_built=&#8221;1&#8243; _builder_version=&#8221;4.16&#8243; custom_padding=&#8221;0px||0px|&#8221; z_index_tablet=&#8221;500&#8243; box_shadow_horizontal_tablet=&#8221;0px&#8221; box_shadow_vertical_tablet=&#8221;0px&#8221; box_shadow_blur_tablet=&#8221;40px&#8221; box_shadow_spread_tablet=&#8221;0px&#8221; global_colors_info=&#8221;{}&#8221;][et_pb_row _builder_version=&#8221;4.16&#8243; background_size=&#8221;initial&#8221; background_position=&#8221;top_left&#8221; background_repeat=&#8221;repeat&#8221; global_colors_info=&#8221;{}&#8221;][et_pb_column type=&#8221;4_4&#8243; _builder_version=&#8221;4.16&#8243; custom_padding=&#8221;|||&#8221; global_colors_info=&#8221;{}&#8221; custom_padding__hover=&#8221;|||&#8221;][et_pb_image src=&#8221;https:\/\/blogsaverroes.juntadeandalucia.es\/ceipsanfernandoadra\/files\/2025\/07\/IMG_1157-scaled.jpg&#8221; title_text=&#8221;IMG_1157&#8243; admin_label=&#8221;Imagen de la portada&#8221; _builder_version=&#8221;4.24.2&#8243; width=&#8221;50%&#8221; max_width=&#8221;50%&#8221; hover_enabled=&#8221;0&#8243; z_index_tablet=&#8221;500&#8243; box_shadow_horizontal_tablet=&#8221;0px&#8221; box_shadow_vertical_tablet=&#8221;0px&#8221; box_shadow_blur_tablet=&#8221;40px&#8221; box_shadow_spread_tablet=&#8221;0px&#8221; global_colors_info=&#8221;{}&#8221; align=&#8221;center&#8221; sticky_enabled=&#8221;0&#8243;][\/et_pb_image][et_pb_text admin_label=&#8221;Texto descriptivo&#8221; _builder_version=&#8221;4.24.2&#8243; z_index_tablet=&#8221;500&#8243; text_text_shadow_horizontal_length_tablet=&#8221;0px&#8221; text_text_shadow_vertical_length_tablet=&#8221;0px&#8221; text_text_shadow_blur_strength_tablet=&#8221;1px&#8221; link_text_shadow_horizontal_length_tablet=&#8221;0px&#8221; link_text_shadow_vertical_length_tablet=&#8221;0px&#8221; link_text_shadow_blur_strength_tablet=&#8221;1px&#8221; ul_text_shadow_horizontal_length_tablet=&#8221;0px&#8221; ul_text_shadow_vertical_length_tablet=&#8221;0px&#8221; ul_text_shadow_blur_strength_tablet=&#8221;1px&#8221; ol_text_shadow_horizontal_length_tablet=&#8221;0px&#8221; ol_text_shadow_vertical_length_tablet=&#8221;0px&#8221; ol_text_shadow_blur_strength_tablet=&#8221;1px&#8221; quote_text_shadow_horizontal_length_tablet=&#8221;0px&#8221; quote_text_shadow_vertical_length_tablet=&#8221;0px&#8221; quote_text_shadow_blur_strength_tablet=&#8221;1px&#8221; header_text_shadow_horizontal_length_tablet=&#8221;0px&#8221; header_text_shadow_vertical_length_tablet=&#8221;0px&#8221; header_text_shadow_blur_strength_tablet=&#8221;1px&#8221; header_2_text_shadow_horizontal_length_tablet=&#8221;0px&#8221; header_2_text_shadow_vertical_length_tablet=&#8221;0px&#8221; header_2_text_shadow_blur_strength_tablet=&#8221;1px&#8221; header_3_text_shadow_horizontal_length_tablet=&#8221;0px&#8221; header_3_text_shadow_vertical_length_tablet=&#8221;0px&#8221; header_3_text_shadow_blur_strength_tablet=&#8221;1px&#8221; header_4_text_shadow_horizontal_length_tablet=&#8221;0px&#8221; header_4_text_shadow_vertical_length_tablet=&#8221;0px&#8221; header_4_text_shadow_blur_strength_tablet=&#8221;1px&#8221; header_5_text_shadow_horizontal_length_tablet=&#8221;0px&#8221; header_5_text_shadow_vertical_length_tablet=&#8221;0px&#8221; header_5_text_shadow_blur_strength_tablet=&#8221;1px&#8221; header_6_text_shadow_horizontal_length_tablet=&#8221;0px&#8221; header_6_text_shadow_vertical_length_tablet=&#8221;0px&#8221; header_6_text_shadow_blur_strength_tablet=&#8221;1px&#8221; box_shadow_horizontal_tablet=&#8221;0px&#8221; box_shadow_vertical_tablet=&#8221;0px&#8221; box_shadow_blur_tablet=&#8221;40px&#8221; box_shadow_spread_tablet=&#8221;0px&#8221; global_colors_info=&#8221;{}&#8221;]<\/p>\n<h2>2\u00ba Ciclo de Educaci\u00f3n Primaria<\/h2>\n<h2>La Segunda Etapa de Primaria: Afianzando Conocimientos y Desarrollando Autonom\u00eda<\/h2>\n<p>En esta etapa, nos enfocamos en que los alumnos <b>consoliden los aprendizajes fundamentales<\/b> y empiecen a desarrollar una mayor <b>autonom\u00eda<\/b> en su proceso educativo. Es un periodo clave donde profundizan en las distintas \u00e1reas de conocimiento y fortalecen habilidades esenciales para su futuro.<\/p>\n<h3>\u00bfQu\u00e9 hacemos en 3\u00ba y 4\u00ba de Primaria?<\/h3>\n<ul>\n<li>\n<p><b>Dominio de la lectoescritura y el c\u00e1lculo:<\/b> Ayudamos a los ni\u00f1os a <b>afianzar la comprensi\u00f3n lectora<\/b> y a <b>expresarse por escrito<\/b> con mayor fluidez y correcci\u00f3n. En matem\u00e1ticas, trabajamos para que dominen las <b>operaciones b\u00e1sicas<\/b>, resuelvan <b>problemas<\/b> con varias etapas y comiencen a comprender conceptos m\u00e1s complejos como las fracciones o los decimales.<\/p>\n<\/li>\n<li>\n<p><b>Pensamiento cr\u00edtico y razonamiento l\u00f3gico:<\/b> Fomentamos que los alumnos <b>analicen la informaci\u00f3n<\/b>, hagan preguntas, razonen sus ideas y busquen soluciones a los desaf\u00edos. Les animamos a ser curiosos y a desarrollar un pensamiento m\u00e1s reflexivo.<\/p>\n<\/li>\n<li>\n<p><b>Ampliaci\u00f3n del conocimiento del entorno:<\/b> Exploramos el mundo que les rodea con mayor profundidad en asignaturas como <b>Ciencias Naturales y Sociales<\/b>. Aprenden sobre el cuerpo humano, los ecosistemas, la historia de su localidad y de Espa\u00f1a, la geograf\u00eda y las diferentes culturas.<\/p>\n<\/li>\n<li>\n<p><b>Desarrollo de la autonom\u00eda y h\u00e1bitos de estudio:<\/b> Les guiamos para que sean m\u00e1s <b>responsables con sus tareas<\/b>, organicen su tiempo y desarrollen t\u00e9cnicas de estudio efectivas. Esto incluye aprender a buscar informaci\u00f3n, resumir y preparar exposiciones orales sencillas.<\/p>\n<\/li>\n<li>\n<p><b>Valores y convivencia:<\/b> Seguimos trabajando en la importancia del <b>respeto<\/b>, la <b>colaboraci\u00f3n<\/b> y la <b>empat\u00eda<\/b>. Promovemos el trabajo en equipo, la resoluci\u00f3n dialogada de conflictos y la participaci\u00f3n activa en las actividades del colegio, fortaleciendo la convivencia.<\/p>\n<\/li>\n<\/ul>\n<p>En resumen, en 3\u00ba y 4\u00ba de Primaria acompa\u00f1amos a los alumnos en un proceso de <b>afianzamiento acad\u00e9mico<\/b> y <b>crecimiento personal<\/b>, prepar\u00e1ndolos para ser estudiantes m\u00e1s independientes, reflexivos y comprometidos con su aprendizaje.<\/p>\n<p>[\/et_pb_text][\/et_pb_column][\/et_pb_row][\/et_pb_section]<\/p>\n","protected":false},"excerpt":{"rendered":"<p>2\u00ba Ciclo de Educaci\u00f3n Primaria La Segunda Etapa de Primaria: Afianzando Conocimientos y Desarrollando Autonom\u00eda En esta etapa, nos enfocamos en que los alumnos consoliden los aprendizajes fundamentales y empiecen a desarrollar una mayor autonom\u00eda en su proceso educativo. Es un periodo clave donde profundizan en las distintas \u00e1reas de conocimiento y fortalecen habilidades esenciales [&hellip;]<\/p>\n","protected":false},"author":7051,"featured_media":0,"parent":0,"menu_order":0,"comment_status":"closed","ping_status":"closed","template":"","meta":{"_et_pb_use_builder":"on","_et_pb_old_content":"","_et_gb_content_width":"","_exactmetrics_skip_tracking":false,"_exactmetrics_sitenote_active":false,"_exactmetrics_sitenote_note":"","_exactmetrics_sitenote_category":0,"ngg_post_thumbnail":0,"footnotes":""},"aioseo_notices":[],"_links":{"self":[{"href":"https:\/\/blogsaverroes.juntadeandalucia.es\/ceipsanfernandoadra\/wp-json\/wp\/v2\/pages\/22"}],"collection":[{"href":"https:\/\/blogsaverroes.juntadeandalucia.es\/ceipsanfernandoadra\/wp-json\/wp\/v2\/pages"}],"about":[{"href":"https:\/\/blogsaverroes.juntadeandalucia.es\/ceipsanfernandoadra\/wp-json\/wp\/v2\/types\/page"}],"author":[{"embeddable":true,"href":"https:\/\/blogsaverroes.juntadeandalucia.es\/ceipsanfernandoadra\/wp-json\/wp\/v2\/users\/7051"}],"replies":[{"embeddable":true,"href":"https:\/\/blogsaverroes.juntadeandalucia.es\/ceipsanfernandoadra\/wp-json\/wp\/v2\/comments?post=22"}],"version-history":[{"count":3,"href":"https:\/\/blogsaverroes.juntadeandalucia.es\/ceipsanfernandoadra\/wp-json\/wp\/v2\/pages\/22\/revisions"}],"predecessor-version":[{"id":707,"href":"https:\/\/blogsaverroes.juntadeandalucia.es\/ceipsanfernandoadra\/wp-json\/wp\/v2\/pages\/22\/revisions\/707"}],"wp:attachment":[{"href":"https:\/\/blogsaverroes.juntadeandalucia.es\/ceipsanfernandoadra\/wp-json\/wp\/v2\/media?parent=22"}],"curies":[{"name":"wp","href":"https:\/\/api.w.org\/{rel}","templated":true}]}}