{"id":24,"date":"2020-01-09T12:38:30","date_gmt":"2020-01-09T11:38:30","guid":{"rendered":"http:\/\/blogsaverroes.juntadeandalucia.es\/pre\/nuevoceip2v2\/?page_id=24"},"modified":"2025-07-24T16:38:29","modified_gmt":"2025-07-24T15:38:29","slug":"3o-ciclo-de-educacion-primaria","status":"publish","type":"page","link":"https:\/\/blogsaverroes.juntadeandalucia.es\/ceipsanfernandoadra\/3o-ciclo-de-educacion-primaria\/","title":{"rendered":"3\u00ba Ciclo de Educaci\u00f3n Primaria"},"content":{"rendered":"<p>[et_pb_section fb_built=&#8221;1&#8243; _builder_version=&#8221;4.16&#8243; custom_padding=&#8221;0px||0px|&#8221; z_index_tablet=&#8221;500&#8243; box_shadow_horizontal_tablet=&#8221;0px&#8221; box_shadow_vertical_tablet=&#8221;0px&#8221; box_shadow_blur_tablet=&#8221;40px&#8221; box_shadow_spread_tablet=&#8221;0px&#8221; global_colors_info=&#8221;{}&#8221;][et_pb_row _builder_version=&#8221;4.16&#8243; background_size=&#8221;initial&#8221; background_position=&#8221;top_left&#8221; background_repeat=&#8221;repeat&#8221; global_colors_info=&#8221;{}&#8221;][et_pb_column type=&#8221;4_4&#8243; _builder_version=&#8221;4.16&#8243; custom_padding=&#8221;|||&#8221; global_colors_info=&#8221;{}&#8221; custom_padding__hover=&#8221;|||&#8221;][et_pb_image src=&#8221;https:\/\/blogsaverroes.juntadeandalucia.es\/ceipsanfernandoadra\/files\/2025\/07\/IMG_1154-scaled.jpg&#8221; title_text=&#8221;IMG_1154&#8243; admin_label=&#8221;Imagen de la portada&#8221; _builder_version=&#8221;4.24.2&#8243; hover_enabled=&#8221;0&#8243; z_index_tablet=&#8221;500&#8243; box_shadow_horizontal_tablet=&#8221;0px&#8221; box_shadow_vertical_tablet=&#8221;0px&#8221; box_shadow_blur_tablet=&#8221;40px&#8221; box_shadow_spread_tablet=&#8221;0px&#8221; global_colors_info=&#8221;{}&#8221; width=&#8221;50%&#8221; max_width=&#8221;50%&#8221; align=&#8221;center&#8221; sticky_enabled=&#8221;0&#8243;][\/et_pb_image][et_pb_text admin_label=&#8221;Texto descriptivo&#8221; _builder_version=&#8221;4.24.2&#8243; hover_enabled=&#8221;0&#8243; z_index_tablet=&#8221;500&#8243; text_text_shadow_horizontal_length_tablet=&#8221;0px&#8221; text_text_shadow_vertical_length_tablet=&#8221;0px&#8221; text_text_shadow_blur_strength_tablet=&#8221;1px&#8221; link_text_shadow_horizontal_length_tablet=&#8221;0px&#8221; link_text_shadow_vertical_length_tablet=&#8221;0px&#8221; link_text_shadow_blur_strength_tablet=&#8221;1px&#8221; ul_text_shadow_horizontal_length_tablet=&#8221;0px&#8221; ul_text_shadow_vertical_length_tablet=&#8221;0px&#8221; ul_text_shadow_blur_strength_tablet=&#8221;1px&#8221; ol_text_shadow_horizontal_length_tablet=&#8221;0px&#8221; ol_text_shadow_vertical_length_tablet=&#8221;0px&#8221; ol_text_shadow_blur_strength_tablet=&#8221;1px&#8221; quote_text_shadow_horizontal_length_tablet=&#8221;0px&#8221; quote_text_shadow_vertical_length_tablet=&#8221;0px&#8221; quote_text_shadow_blur_strength_tablet=&#8221;1px&#8221; header_text_shadow_horizontal_length_tablet=&#8221;0px&#8221; header_text_shadow_vertical_length_tablet=&#8221;0px&#8221; header_text_shadow_blur_strength_tablet=&#8221;1px&#8221; header_2_text_shadow_horizontal_length_tablet=&#8221;0px&#8221; header_2_text_shadow_vertical_length_tablet=&#8221;0px&#8221; header_2_text_shadow_blur_strength_tablet=&#8221;1px&#8221; header_3_text_shadow_horizontal_length_tablet=&#8221;0px&#8221; header_3_text_shadow_vertical_length_tablet=&#8221;0px&#8221; header_3_text_shadow_blur_strength_tablet=&#8221;1px&#8221; header_4_text_shadow_horizontal_length_tablet=&#8221;0px&#8221; header_4_text_shadow_vertical_length_tablet=&#8221;0px&#8221; header_4_text_shadow_blur_strength_tablet=&#8221;1px&#8221; header_5_text_shadow_horizontal_length_tablet=&#8221;0px&#8221; header_5_text_shadow_vertical_length_tablet=&#8221;0px&#8221; header_5_text_shadow_blur_strength_tablet=&#8221;1px&#8221; header_6_text_shadow_horizontal_length_tablet=&#8221;0px&#8221; header_6_text_shadow_vertical_length_tablet=&#8221;0px&#8221; header_6_text_shadow_blur_strength_tablet=&#8221;1px&#8221; box_shadow_horizontal_tablet=&#8221;0px&#8221; box_shadow_vertical_tablet=&#8221;0px&#8221; box_shadow_blur_tablet=&#8221;40px&#8221; box_shadow_spread_tablet=&#8221;0px&#8221; global_colors_info=&#8221;{}&#8221; sticky_enabled=&#8221;0&#8243;]<\/p>\n<h2>3\u00ba Ciclo de Educaci\u00f3n Primaria<\/h2>\n<h2>La Tercera Etapa de Primaria: Consolidaci\u00f3n, Preparaci\u00f3n y Desarrollo de Competencias<\/h2>\n<p>Esta es la recta final de la educaci\u00f3n primaria, un periodo crucial donde los alumnos <b>consolidan todos los aprendizajes<\/b> adquiridos, <b>profundizan en el conocimiento<\/b> y desarrollan las <b>competencias clave<\/b> que necesitar\u00e1n para afrontar con \u00e9xito la Educaci\u00f3n Secundaria. Es una etapa de madurez creciente y de preparaci\u00f3n para nuevos desaf\u00edos.<\/p>\n<h3>\u00bfQu\u00e9 hacemos en 5\u00ba y 6\u00ba de Primaria?<\/h3>\n<ul>\n<li>\n<p><b>Dominio Acad\u00e9mico Profundo:<\/b> Nos aseguramos de que los alumnos <b>dominen la lectura comprensiva y la expresi\u00f3n escrita<\/b> en diferentes formatos, as\u00ed como que resuelvan <b>problemas matem\u00e1ticos complejos<\/b>, apliquen el razonamiento l\u00f3gico y comprendan conceptos m\u00e1s abstractos. Ampliamos sus conocimientos en todas las \u00e1reas: gram\u00e1tica avanzada, literatura, historia contempor\u00e1nea, geograf\u00eda, ciencias naturales y sociales.<\/p>\n<\/li>\n<li>\n<p><b>Desarrollo del Pensamiento Cr\u00edtico y la Investigaci\u00f3n:<\/b> Impulsamos a los estudiantes a <b>analizar informaci\u00f3n de diversas fuentes<\/b>, a investigar de forma aut\u00f3noma, a debatir ideas y a desarrollar su propio criterio. Fomentamos la capacidad de formular preguntas, buscar respuestas y presentar conclusiones.<\/p>\n<\/li>\n<li>\n<p><b>Fomento de la Autonom\u00eda y la Responsabilidad:<\/b> Les guiamos para que sean cada vez m\u00e1s <b>independientes en su aprendizaje<\/b>, organizando su tiempo, gestionando sus tareas y utilizando estrategias de estudio avanzadas. Se potencia su iniciativa y la responsabilidad personal.<\/p>\n<\/li>\n<li>\n<p><b>Competencias Digitales y Uso de la Tecnolog\u00eda:<\/b> Integramos el <b>uso responsable y eficaz de las herramientas digitales<\/b> como apoyo al aprendizaje, la investigaci\u00f3n y la comunicaci\u00f3n. Esto incluye el manejo de programas inform\u00e1ticos, la elaboraci\u00f3n de proyectos multimedia y la b\u00fasqueda cr\u00edtica de informaci\u00f3n en internet.<\/p>\n<\/li>\n<li>\n<p><b>Educaci\u00f3n en Valores y Convivencia Global:<\/b> Reforzamos los valores de <b>respeto a la diversidad<\/b>, la <b>empat\u00eda<\/b>, la <b>solidaridad<\/b> y el <b>pensamiento c\u00edvico<\/b>. Fomentamos el trabajo cooperativo, la participaci\u00f3n activa en la comunidad escolar y el entendimiento de diferentes realidades sociales y culturales, prepar\u00e1ndolos para ser ciudadanos globales.<\/p>\n<\/li>\n<li>\n<p><b>Preparaci\u00f3n para la Secundaria:<\/b> Todo el trabajo de esta etapa est\u00e1 enfocado en proporcionar a los alumnos una <b>base s\u00f3lida<\/b> tanto en conocimientos como en habilidades y madurez, facilitando una <b>transici\u00f3n fluida y exitosa a la Educaci\u00f3n Secundaria Obligatoria (ESO)<\/b>.<\/p>\n<\/li>\n<\/ul>\n<p>En resumen, en 5\u00ba y 6\u00ba de Primaria, preparamos a los alumnos para su salto a la secundaria, potenciando su autonom\u00eda, pensamiento cr\u00edtico y un dominio acad\u00e9mico que les permita afrontar con seguridad los retos venideros.<\/p>\n<p>[\/et_pb_text][\/et_pb_column][\/et_pb_row][\/et_pb_section]<\/p>\n","protected":false},"excerpt":{"rendered":"<p>3\u00ba Ciclo de Educaci\u00f3n Primaria La Tercera Etapa de Primaria: Consolidaci\u00f3n, Preparaci\u00f3n y Desarrollo de Competencias Esta es la recta final de la educaci\u00f3n primaria, un periodo crucial donde los alumnos consolidan todos los aprendizajes adquiridos, profundizan en el conocimiento y desarrollan las competencias clave que necesitar\u00e1n para afrontar con \u00e9xito la Educaci\u00f3n Secundaria. Es [&hellip;]<\/p>\n","protected":false},"author":7051,"featured_media":0,"parent":0,"menu_order":0,"comment_status":"closed","ping_status":"closed","template":"","meta":{"_et_pb_use_builder":"on","_et_pb_old_content":"[et_pb_section bb_built=\"1\" _builder_version=\"3.23.3\" custom_padding=\"0px||0px|\" box_shadow_horizontal_tablet=\"0px\" box_shadow_vertical_tablet=\"0px\" box_shadow_blur_tablet=\"40px\" box_shadow_spread_tablet=\"0px\" z_index_tablet=\"500\"][et_pb_row][et_pb_column type=\"4_4\"][et_pb_image _builder_version=\"3.23.3\" src=\"https:\/\/blogsaverroes.juntadeandalucia.es\/pre\/nuevoceip2v2\/files\/2020\/01\/cabecera-interior-3.jpg\" box_shadow_horizontal_tablet=\"0px\" box_shadow_vertical_tablet=\"0px\" box_shadow_blur_tablet=\"40px\" box_shadow_spread_tablet=\"0px\" z_index_tablet=\"500\" \/][et_pb_text _builder_version=\"3.23.3\" text_text_shadow_horizontal_length=\"text_text_shadow_style,%91object Object%93\" text_text_shadow_horizontal_length_tablet=\"0px\" text_text_shadow_vertical_length=\"text_text_shadow_style,%91object Object%93\" text_text_shadow_vertical_length_tablet=\"0px\" text_text_shadow_blur_strength=\"text_text_shadow_style,%91object Object%93\" text_text_shadow_blur_strength_tablet=\"1px\" link_text_shadow_horizontal_length=\"link_text_shadow_style,%91object Object%93\" link_text_shadow_horizontal_length_tablet=\"0px\" link_text_shadow_vertical_length=\"link_text_shadow_style,%91object Object%93\" link_text_shadow_vertical_length_tablet=\"0px\" link_text_shadow_blur_strength=\"link_text_shadow_style,%91object Object%93\" link_text_shadow_blur_strength_tablet=\"1px\" ul_text_shadow_horizontal_length=\"ul_text_shadow_style,%91object Object%93\" ul_text_shadow_horizontal_length_tablet=\"0px\" ul_text_shadow_vertical_length=\"ul_text_shadow_style,%91object Object%93\" ul_text_shadow_vertical_length_tablet=\"0px\" ul_text_shadow_blur_strength=\"ul_text_shadow_style,%91object Object%93\" ul_text_shadow_blur_strength_tablet=\"1px\" ol_text_shadow_horizontal_length=\"ol_text_shadow_style,%91object Object%93\" ol_text_shadow_horizontal_length_tablet=\"0px\" ol_text_shadow_vertical_length=\"ol_text_shadow_style,%91object Object%93\" ol_text_shadow_vertical_length_tablet=\"0px\" ol_text_shadow_blur_strength=\"ol_text_shadow_style,%91object Object%93\" ol_text_shadow_blur_strength_tablet=\"1px\" quote_text_shadow_horizontal_length=\"quote_text_shadow_style,%91object Object%93\" quote_text_shadow_horizontal_length_tablet=\"0px\" quote_text_shadow_vertical_length=\"quote_text_shadow_style,%91object Object%93\" quote_text_shadow_vertical_length_tablet=\"0px\" quote_text_shadow_blur_strength=\"quote_text_shadow_style,%91object Object%93\" quote_text_shadow_blur_strength_tablet=\"1px\" header_text_shadow_horizontal_length=\"header_text_shadow_style,%91object Object%93\" header_text_shadow_horizontal_length_tablet=\"0px\" header_text_shadow_vertical_length=\"header_text_shadow_style,%91object Object%93\" header_text_shadow_vertical_length_tablet=\"0px\" header_text_shadow_blur_strength=\"header_text_shadow_style,%91object Object%93\" header_text_shadow_blur_strength_tablet=\"1px\" header_2_text_shadow_horizontal_length=\"header_2_text_shadow_style,%91object Object%93\" header_2_text_shadow_horizontal_length_tablet=\"0px\" header_2_text_shadow_vertical_length=\"header_2_text_shadow_style,%91object Object%93\" header_2_text_shadow_vertical_length_tablet=\"0px\" header_2_text_shadow_blur_strength=\"header_2_text_shadow_style,%91object Object%93\" header_2_text_shadow_blur_strength_tablet=\"1px\" header_3_text_shadow_horizontal_length=\"header_3_text_shadow_style,%91object Object%93\" header_3_text_shadow_horizontal_length_tablet=\"0px\" header_3_text_shadow_vertical_length=\"header_3_text_shadow_style,%91object Object%93\" header_3_text_shadow_vertical_length_tablet=\"0px\" header_3_text_shadow_blur_strength=\"header_3_text_shadow_style,%91object Object%93\" header_3_text_shadow_blur_strength_tablet=\"1px\" header_4_text_shadow_horizontal_length=\"header_4_text_shadow_style,%91object Object%93\" header_4_text_shadow_horizontal_length_tablet=\"0px\" header_4_text_shadow_vertical_length=\"header_4_text_shadow_style,%91object Object%93\" header_4_text_shadow_vertical_length_tablet=\"0px\" header_4_text_shadow_blur_strength=\"header_4_text_shadow_style,%91object Object%93\" header_4_text_shadow_blur_strength_tablet=\"1px\" header_5_text_shadow_horizontal_length=\"header_5_text_shadow_style,%91object Object%93\" header_5_text_shadow_horizontal_length_tablet=\"0px\" header_5_text_shadow_vertical_length=\"header_5_text_shadow_style,%91object Object%93\" header_5_text_shadow_vertical_length_tablet=\"0px\" header_5_text_shadow_blur_strength=\"header_5_text_shadow_style,%91object Object%93\" header_5_text_shadow_blur_strength_tablet=\"1px\" header_6_text_shadow_horizontal_length=\"header_6_text_shadow_style,%91object Object%93\" header_6_text_shadow_horizontal_length_tablet=\"0px\" header_6_text_shadow_vertical_length=\"header_6_text_shadow_style,%91object Object%93\" header_6_text_shadow_vertical_length_tablet=\"0px\" header_6_text_shadow_blur_strength=\"header_6_text_shadow_style,%91object Object%93\" header_6_text_shadow_blur_strength_tablet=\"1px\" box_shadow_horizontal_tablet=\"0px\" box_shadow_vertical_tablet=\"0px\" box_shadow_blur_tablet=\"40px\" box_shadow_spread_tablet=\"0px\" z_index_tablet=\"500\"]\r\n\r\n<h2>3\u00ba Ciclo de Educaci\u00f3n Primaria<\/h2><p>Lorem ipsum dolor sit amet, consectetur adipiscing elit. Fusce porta magna nulla, ut finibus eros molestie at. Ut justo metus, tempor eu erat non, aliquet sagittis massa. Integer fermentum porttitor nulla, eget rhoncus diam dictum quis. Nullam velit magna, tristique sit amet consectetur dignissim, semper hendrerit dui. Phasellus pretium dui eget purus porttitor, at fermentum sem congue. Quisque gravida nisi eu ipsum ultrices, et convallis dolor sodales. Maecenas nec sem vitae massa rhoncus egestas eget quis felis. Suspendisse potenti. Pellentesque posuere sapien sit amet ipsum pretium lobortis. Nulla iaculis dolor a lectus ornare, at commodo libero efficitur. Aenean neque augue, iaculis at ipsum eu, auctor pellentesque eros.<\/p><p>Praesent nisi orci, interdum in bibendum at, cursus quis neque. Donec consequat gravida purus, sed tristique turpis venenatis quis. Curabitur maximus sit amet nunc sed posuere. Vivamus vel diam id sem tincidunt laoreet nec eu est. Vivamus consequat orci enim, non venenatis metus blandit id. Pellentesque faucibus semper diam. Aliquam quis pharetra sapien, et finibus justo. Maecenas volutpat quam lacinia maximus pellentesque. Vivamus sodales velit justo, ornare maximus ante scelerisque vel. Etiam sollicitudin vehicula tortor id laoreet. Maecenas dapibus ante leo, sed cursus eros viverra quis.<\/p>\r\n\r\n[\/et_pb_text][\/et_pb_column][\/et_pb_row][\/et_pb_section]","_et_gb_content_width":"","_exactmetrics_skip_tracking":false,"_exactmetrics_sitenote_active":false,"_exactmetrics_sitenote_note":"","_exactmetrics_sitenote_category":0,"ngg_post_thumbnail":0,"footnotes":""},"aioseo_notices":[],"_links":{"self":[{"href":"https:\/\/blogsaverroes.juntadeandalucia.es\/ceipsanfernandoadra\/wp-json\/wp\/v2\/pages\/24"}],"collection":[{"href":"https:\/\/blogsaverroes.juntadeandalucia.es\/ceipsanfernandoadra\/wp-json\/wp\/v2\/pages"}],"about":[{"href":"https:\/\/blogsaverroes.juntadeandalucia.es\/ceipsanfernandoadra\/wp-json\/wp\/v2\/types\/page"}],"author":[{"embeddable":true,"href":"https:\/\/blogsaverroes.juntadeandalucia.es\/ceipsanfernandoadra\/wp-json\/wp\/v2\/users\/7051"}],"replies":[{"embeddable":true,"href":"https:\/\/blogsaverroes.juntadeandalucia.es\/ceipsanfernandoadra\/wp-json\/wp\/v2\/comments?post=24"}],"version-history":[{"count":1,"href":"https:\/\/blogsaverroes.juntadeandalucia.es\/ceipsanfernandoadra\/wp-json\/wp\/v2\/pages\/24\/revisions"}],"predecessor-version":[{"id":710,"href":"https:\/\/blogsaverroes.juntadeandalucia.es\/ceipsanfernandoadra\/wp-json\/wp\/v2\/pages\/24\/revisions\/710"}],"wp:attachment":[{"href":"https:\/\/blogsaverroes.juntadeandalucia.es\/ceipsanfernandoadra\/wp-json\/wp\/v2\/media?parent=24"}],"curies":[{"name":"wp","href":"https:\/\/api.w.org\/{rel}","templated":true}]}}