{"id":33,"date":"2020-01-09T12:42:06","date_gmt":"2020-01-09T11:42:06","guid":{"rendered":"http:\/\/blogsaverroes.juntadeandalucia.es\/pre\/nuevoceip2v2\/?page_id=33"},"modified":"2025-07-24T17:35:16","modified_gmt":"2025-07-24T16:35:16","slug":"aula-matinal","status":"publish","type":"page","link":"https:\/\/blogsaverroes.juntadeandalucia.es\/ceipsanfernandoadra\/aula-matinal\/","title":{"rendered":"Aula matinal"},"content":{"rendered":"<p>[et_pb_section fb_built=&#8221;1&#8243; _builder_version=&#8221;4.16&#8243; global_colors_info=&#8221;{}&#8221;][et_pb_row _builder_version=&#8221;4.16&#8243; background_size=&#8221;initial&#8221; background_position=&#8221;top_left&#8221; background_repeat=&#8221;repeat&#8221; global_colors_info=&#8221;{}&#8221;][et_pb_column type=&#8221;4_4&#8243; _builder_version=&#8221;4.16&#8243; custom_padding=&#8221;|||&#8221; global_colors_info=&#8221;{}&#8221; custom_padding__hover=&#8221;|||&#8221;][et_pb_image src=&#8221;https:\/\/blogsaverroes.juntadeandalucia.es\/ceipsanfernandoadra\/files\/2025\/07\/IMG_1146-scaled.jpg&#8221; title_text=&#8221;IMG_1146&#8243; align=&#8221;center&#8221; _builder_version=&#8221;4.24.2&#8243; _module_preset=&#8221;default&#8221; width=&#8221;50%&#8221; max_width=&#8221;50%&#8221; global_colors_info=&#8221;{}&#8221;][\/et_pb_image][et_pb_text _builder_version=&#8221;4.24.2&#8243; background_size=&#8221;initial&#8221; background_position=&#8221;top_left&#8221; background_repeat=&#8221;repeat&#8221; global_colors_info=&#8221;{}&#8221;]<\/p>\n<h2>Aula Matinal: Un Comienzo Tranquilo y Preparado para el D\u00eda Escolar<\/h2>\n<p>El aula matinal es un espacio dise\u00f1ado para ofrecer a las familias una <b>soluci\u00f3n de conciliaci\u00f3n<\/b> antes del inicio de las clases. Pero es mucho m\u00e1s que un servicio de custodia; es un lugar donde los ni\u00f1os comienzan el d\u00eda de forma tranquila, segura y, a menudo, divertida.<\/p>\n<h3>\u00bfQu\u00e9 hacemos en el aula matinal?<\/h3>\n<ul>\n<li>\n<p><b>Acogida y supervisi\u00f3n:<\/b> Recibimos a los alumnos desde primera hora, asegurando que est\u00e9n <b>seguros y bien atendidos<\/b> hasta el momento en que empiezan sus clases.<\/p>\n<\/li>\n<li>\n<p><b>Ambiente relajado:<\/b> Proporcionamos un espacio donde pueden <b>despertarse tranquilamente<\/b>&nbsp;y prepararse para la jornada escolar sin prisas.<\/p>\n<\/li>\n<li>\n<p><b>Actividades l\u00fadicas y educativas suaves:<\/b> Aunque no es una clase formal, ofrecemos actividades calmadas como <b>lectura de cuentos, juegos de mesa, dibujo o puzles<\/b>. Estas actividades fomentan la socializaci\u00f3n y la creatividad en un ambiente relajado, que ayuda a los ni\u00f1os a ir activando su mente y cuerpo.<\/p>\n<\/li>\n<li>\n<p><b>Fomento de la autonom\u00eda:<\/b> Animamos a los ni\u00f1os a organizar sus pertenencias y a gestionar su tiempo de forma independiente, siempre con el apoyo y la gu\u00eda del personal.<\/p>\n<\/li>\n<li>\n<p><b>Transici\u00f3n suave:<\/b> Facilitamos una <b>transici\u00f3n tranquila y ordenada<\/b> del hogar al aula, asegurando que los ni\u00f1os lleguen a sus clases listos y con una actitud positiva para el aprendizaje.<\/p>\n<\/li>\n<\/ul>\n<p>&nbsp;<\/p>\n<p>[\/et_pb_text][\/et_pb_column][\/et_pb_row][\/et_pb_section]<\/p>\n","protected":false},"excerpt":{"rendered":"<p>Aula Matinal: Un Comienzo Tranquilo y Preparado para el D\u00eda Escolar El aula matinal es un espacio dise\u00f1ado para ofrecer a las familias una soluci\u00f3n de conciliaci\u00f3n antes del inicio de las clases. Pero es mucho m\u00e1s que un servicio de custodia; es un lugar donde los ni\u00f1os comienzan el d\u00eda de forma tranquila, segura [&hellip;]<\/p>\n","protected":false},"author":7051,"featured_media":0,"parent":0,"menu_order":0,"comment_status":"closed","ping_status":"closed","template":"","meta":{"_et_pb_use_builder":"on","_et_pb_old_content":"<p>El aula matinal del colegio San Fernando funciona desde las 7:30 de la ma\u00f1ana, dando cabida al alumnado del centro que necesite este servicio hasta el comienzo de las clases.<\/p><p><img class=\"aligncenter wp-image-667 size-full\" src=\"https:\/\/blogsaverroes.juntadeandalucia.es\/ceipsanfernandoadra\/files\/2025\/07\/IMG_1146-scaled.jpg\" alt=\"\" width=\"2560\" height=\"1101\"><\/p>","_et_gb_content_width":"","_exactmetrics_skip_tracking":false,"_exactmetrics_sitenote_active":false,"_exactmetrics_sitenote_note":"","_exactmetrics_sitenote_category":0,"ngg_post_thumbnail":0,"footnotes":""},"aioseo_notices":[],"_links":{"self":[{"href":"https:\/\/blogsaverroes.juntadeandalucia.es\/ceipsanfernandoadra\/wp-json\/wp\/v2\/pages\/33"}],"collection":[{"href":"https:\/\/blogsaverroes.juntadeandalucia.es\/ceipsanfernandoadra\/wp-json\/wp\/v2\/pages"}],"about":[{"href":"https:\/\/blogsaverroes.juntadeandalucia.es\/ceipsanfernandoadra\/wp-json\/wp\/v2\/types\/page"}],"author":[{"embeddable":true,"href":"https:\/\/blogsaverroes.juntadeandalucia.es\/ceipsanfernandoadra\/wp-json\/wp\/v2\/users\/7051"}],"replies":[{"embeddable":true,"href":"https:\/\/blogsaverroes.juntadeandalucia.es\/ceipsanfernandoadra\/wp-json\/wp\/v2\/comments?post=33"}],"version-history":[{"count":13,"href":"https:\/\/blogsaverroes.juntadeandalucia.es\/ceipsanfernandoadra\/wp-json\/wp\/v2\/pages\/33\/revisions"}],"predecessor-version":[{"id":734,"href":"https:\/\/blogsaverroes.juntadeandalucia.es\/ceipsanfernandoadra\/wp-json\/wp\/v2\/pages\/33\/revisions\/734"}],"wp:attachment":[{"href":"https:\/\/blogsaverroes.juntadeandalucia.es\/ceipsanfernandoadra\/wp-json\/wp\/v2\/media?parent=33"}],"curies":[{"name":"wp","href":"https:\/\/api.w.org\/{rel}","templated":true}]}}