{"id":55,"date":"2020-01-09T12:48:16","date_gmt":"2020-01-09T11:48:16","guid":{"rendered":"http:\/\/blogsaverroes.juntadeandalucia.es\/pre\/nuevoceip2v2\/?page_id=55"},"modified":"2025-11-10T20:34:31","modified_gmt":"2025-11-10T19:34:31","slug":"planes-y-proyectos","status":"publish","type":"page","link":"https:\/\/blogsaverroes.juntadeandalucia.es\/ceipsanfernandoadra\/planes-y-proyectos\/","title":{"rendered":"Planes y Proyectos"},"content":{"rendered":"<p>[et_pb_section fb_built=&#8221;1&#8243; _builder_version=&#8221;4.16&#8243; global_colors_info=&#8221;{}&#8221;][et_pb_row _builder_version=&#8221;4.16&#8243; background_size=&#8221;initial&#8221; background_position=&#8221;top_left&#8221; background_repeat=&#8221;repeat&#8221; global_colors_info=&#8221;{}&#8221;][et_pb_column type=&#8221;4_4&#8243; _builder_version=&#8221;4.16&#8243; custom_padding=&#8221;|||&#8221; global_colors_info=&#8221;{}&#8221; custom_padding__hover=&#8221;|||&#8221;][et_pb_image src=&#8221;https:\/\/blogsaverroes.juntadeandalucia.es\/ceipsanfernandoadra\/files\/2025\/07\/IMG_0926-scaled.jpg&#8221; title_text=&#8221;IMG_0926&#8243; align=&#8221;center&#8221; admin_label=&#8221;Imagen de la portada&#8221; _builder_version=&#8221;4.24.2&#8243; width=&#8221;60%&#8221; max_width=&#8221;60%&#8221; z_index_tablet=&#8221;500&#8243; box_shadow_horizontal_tablet=&#8221;0px&#8221; box_shadow_vertical_tablet=&#8221;0px&#8221; box_shadow_blur_tablet=&#8221;40px&#8221; box_shadow_spread_tablet=&#8221;0px&#8221; global_colors_info=&#8221;{}&#8221;][\/et_pb_image][et_pb_text admin_label=&#8221;Texto descriptivo&#8221; _builder_version=&#8221;4.24.2&#8243; z_index_tablet=&#8221;500&#8243; text_text_shadow_horizontal_length_tablet=&#8221;0px&#8221; text_text_shadow_vertical_length_tablet=&#8221;0px&#8221; text_text_shadow_blur_strength_tablet=&#8221;1px&#8221; link_text_shadow_horizontal_length_tablet=&#8221;0px&#8221; link_text_shadow_vertical_length_tablet=&#8221;0px&#8221; link_text_shadow_blur_strength_tablet=&#8221;1px&#8221; ul_text_shadow_horizontal_length_tablet=&#8221;0px&#8221; ul_text_shadow_vertical_length_tablet=&#8221;0px&#8221; ul_text_shadow_blur_strength_tablet=&#8221;1px&#8221; ol_text_shadow_horizontal_length_tablet=&#8221;0px&#8221; ol_text_shadow_vertical_length_tablet=&#8221;0px&#8221; ol_text_shadow_blur_strength_tablet=&#8221;1px&#8221; quote_text_shadow_horizontal_length_tablet=&#8221;0px&#8221; quote_text_shadow_vertical_length_tablet=&#8221;0px&#8221; quote_text_shadow_blur_strength_tablet=&#8221;1px&#8221; header_text_shadow_horizontal_length_tablet=&#8221;0px&#8221; header_text_shadow_vertical_length_tablet=&#8221;0px&#8221; header_text_shadow_blur_strength_tablet=&#8221;1px&#8221; header_2_text_shadow_horizontal_length_tablet=&#8221;0px&#8221; header_2_text_shadow_vertical_length_tablet=&#8221;0px&#8221; header_2_text_shadow_blur_strength_tablet=&#8221;1px&#8221; header_3_text_shadow_horizontal_length_tablet=&#8221;0px&#8221; header_3_text_shadow_vertical_length_tablet=&#8221;0px&#8221; header_3_text_shadow_blur_strength_tablet=&#8221;1px&#8221; header_4_text_shadow_horizontal_length_tablet=&#8221;0px&#8221; header_4_text_shadow_vertical_length_tablet=&#8221;0px&#8221; header_4_text_shadow_blur_strength_tablet=&#8221;1px&#8221; header_5_text_shadow_horizontal_length_tablet=&#8221;0px&#8221; header_5_text_shadow_vertical_length_tablet=&#8221;0px&#8221; header_5_text_shadow_blur_strength_tablet=&#8221;1px&#8221; header_6_text_shadow_horizontal_length_tablet=&#8221;0px&#8221; header_6_text_shadow_vertical_length_tablet=&#8221;0px&#8221; header_6_text_shadow_blur_strength_tablet=&#8221;1px&#8221; box_shadow_horizontal_tablet=&#8221;0px&#8221; box_shadow_vertical_tablet=&#8221;0px&#8221; box_shadow_blur_tablet=&#8221;40px&#8221; box_shadow_spread_tablet=&#8221;0px&#8221; global_colors_info=&#8221;{}&#8221;]<\/p>\n<h2>Planes y Proyectos<\/h2>\n<p>Nuestro colegio participa en diversos planes y proyectos educativos que buscan el desarrollo integral del alumnado. Bas\u00e1ndonos en la informaci\u00f3n disponible, estos son algunos de los m\u00e1s relevantes:<\/p>\n<hr>\n<h3>Planes y Proyectos Educativos Destacados<\/h3>\n<ul>\n<li>\n<p><b>Plan de Centro:<\/b> Este es el documento fundamental que gu\u00eda la vida del colegio. Incluye los objetivos generales, la organizaci\u00f3n y los principios pedag\u00f3gicos. Algunos de sus ejes principales son:<\/p>\n<ul>\n<li>\n<p>Fomentar la <b>educaci\u00f3n en libertad, solidaridad, convivencia democr\u00e1tica<\/b> y respeto a los derechos fundamentales.<\/p>\n<\/li>\n<li>\n<p>Promover el <b>pensamiento cr\u00edtico y anal\u00edtico<\/b>, favoreciendo la creatividad.<\/p>\n<\/li>\n<li>\n<p>Respetar la <b>igualdad de las personas<\/b> sin discriminaci\u00f3n.<\/p>\n<\/li>\n<li>\n<p><b>Integraci\u00f3n y participaci\u00f3n del alumnado con necesidades educativas especiales<\/b>, proporcionando atenci\u00f3n psicopedag\u00f3gica y orientaci\u00f3n educativa.<\/p>\n<\/li>\n<\/ul>\n<\/li>\n<li>\n<p><b>Plan de Actuaci\u00f3n Digital Educativa (TDE):<\/b> Este plan indica el compromiso del centro con la integraci\u00f3n de las <b>tecnolog\u00edas digitales<\/b> en el proceso de ense\u00f1anza-aprendizaje, preparando a los alumnos para el entorno tecnol\u00f3gico actual.<\/p>\n<\/li>\n<li>\n<p><b>Escuela Espacio de Paz:<\/b> Este programa subraya el compromiso del colegio con la <b>convivencia pac\u00edfica<\/b>, la <b>resoluci\u00f3n de conflictos<\/b> a trav\u00e9s del di\u00e1logo y el fomento de valores como la empat\u00eda y el respeto.<\/p>\n<\/li>\n<li>\n<p><b>Plan de Convivencia y Compromisos Familiares:<\/b> Orientado a establecer un marco claro para la <b>convivencia en el centro<\/b> y a fomentar la implicaci\u00f3n de las familias en la educaci\u00f3n de sus hijos.<\/p>\n<\/li>\n<li>\n<p><b>Plan de Igualdad:<\/b> Aborda el trabajo del centro en la <b>igualdad de g\u00e9nero<\/b>, promoviendo el respeto y la eliminaci\u00f3n de estereotipos desde las aulas.<\/p>\n<\/li>\n<li>\n<p><b>Plan de Atenci\u00f3n a la Diversidad:<\/b> Este plan asegura que el centro proporcione una respuesta educativa adecuada a las <b>necesidades espec\u00edficas de cada alumno<\/b>, garantizando la inclusi\u00f3n y la equidad.<\/p>\n<\/li>\n<li>\n<p><b>Plan de Formaci\u00f3n del Profesorado:<\/b> Demuestra la apuesta del colegio por la <b>actualizaci\u00f3n y mejora continua<\/b> de sus docentes, lo que repercute directamente en la calidad de la ense\u00f1anza.<\/p>\n<\/li>\n<\/ul>\n<p>Adem\u00e1s de estos planes pedag\u00f3gicos, el colegio tambi\u00e9n ha sido beneficiario de <b>proyectos de mejora de infraestructuras<\/b> a lo largo de los a\u00f1os, como la sustituci\u00f3n de un gimnasio y aulas o la reforma de aseos, en el marco de programas como el Plan OLA de la Junta de Andaluc\u00eda, lo que asegura un entorno educativo adecuado.<\/p>\n<p>[\/et_pb_text][\/et_pb_column][\/et_pb_row][\/et_pb_section]<\/p>\n","protected":false},"excerpt":{"rendered":"<p>Planes y Proyectos Nuestro colegio participa en diversos planes y proyectos educativos que buscan el desarrollo integral del alumnado. Bas\u00e1ndonos en la informaci\u00f3n disponible, estos son algunos de los m\u00e1s relevantes: Planes y Proyectos Educativos Destacados Plan de Centro: Este es el documento fundamental que gu\u00eda la vida del colegio. Incluye los objetivos generales, la [&hellip;]<\/p>\n","protected":false},"author":7051,"featured_media":0,"parent":0,"menu_order":0,"comment_status":"closed","ping_status":"closed","template":"","meta":{"_et_pb_use_builder":"on","_et_pb_old_content":"","_et_gb_content_width":"","_exactmetrics_skip_tracking":false,"_exactmetrics_sitenote_active":false,"_exactmetrics_sitenote_note":"","_exactmetrics_sitenote_category":0,"ngg_post_thumbnail":0,"footnotes":""},"aioseo_notices":[],"_links":{"self":[{"href":"https:\/\/blogsaverroes.juntadeandalucia.es\/ceipsanfernandoadra\/wp-json\/wp\/v2\/pages\/55"}],"collection":[{"href":"https:\/\/blogsaverroes.juntadeandalucia.es\/ceipsanfernandoadra\/wp-json\/wp\/v2\/pages"}],"about":[{"href":"https:\/\/blogsaverroes.juntadeandalucia.es\/ceipsanfernandoadra\/wp-json\/wp\/v2\/types\/page"}],"author":[{"embeddable":true,"href":"https:\/\/blogsaverroes.juntadeandalucia.es\/ceipsanfernandoadra\/wp-json\/wp\/v2\/users\/7051"}],"replies":[{"embeddable":true,"href":"https:\/\/blogsaverroes.juntadeandalucia.es\/ceipsanfernandoadra\/wp-json\/wp\/v2\/comments?post=55"}],"version-history":[{"count":2,"href":"https:\/\/blogsaverroes.juntadeandalucia.es\/ceipsanfernandoadra\/wp-json\/wp\/v2\/pages\/55\/revisions"}],"predecessor-version":[{"id":921,"href":"https:\/\/blogsaverroes.juntadeandalucia.es\/ceipsanfernandoadra\/wp-json\/wp\/v2\/pages\/55\/revisions\/921"}],"wp:attachment":[{"href":"https:\/\/blogsaverroes.juntadeandalucia.es\/ceipsanfernandoadra\/wp-json\/wp\/v2\/media?parent=55"}],"curies":[{"name":"wp","href":"https:\/\/api.w.org\/{rel}","templated":true}]}}