{"id":2250,"date":"2015-12-18T10:17:41","date_gmt":"2015-12-18T10:17:41","guid":{"rendered":"http:\/\/blogsaverroes.juntadeandalucia.es\/ceipsanfernandoalmeria\/?page_id=2250"},"modified":"2023-10-08T18:00:44","modified_gmt":"2023-10-08T18:00:44","slug":"consejo-escolar","status":"publish","type":"page","link":"https:\/\/blogsaverroes.juntadeandalucia.es\/ceipsanfernandoalmeria\/consejo-escolar\/","title":{"rendered":"Consejo Escolar"},"content":{"rendered":"<p style=\"text-align: center\"><strong>Fecha de constituci\u00f3n del Consejo Escolar: 13\/12\/2021<\/strong><\/p>\n<table style=\"width: 100%\" border=\"1\" cellspacing=\"2\" cellpadding=\"2\">\n<tbody>\n<tr style=\"background-color: #ec0005\">\n<td style=\"text-align: center;width: 2.78788%\"><strong>&nbsp;<\/strong><\/td>\n<td style=\"text-align: center;width: 19.2727%\" align=\"undefined\" valign=\"undefined\"><span style=\"color: #ffffff\"><strong>&nbsp;Nombre<\/strong><\/span><\/td>\n<td style=\"text-align: center;width: 29.0909%\" valign=\"undefined\"><span style=\"color: #ffffff\"><strong><small>Representaci\u00f3n<\/small><\/strong><\/span><\/td>\n<td style=\"text-align: center;width: 15.1515%\" align=\"undefined\" valign=\"undefined\"><span style=\"color: #ffffff\"><strong><small>Comisi\u00f3n Permanente<\/small><\/strong><\/span><\/td>\n<td style=\"text-align: center;width: 16.9697%\" valign=\"undefined\"><span style=\"color: #ffffff\"><strong><small>Comisi\u00f3n de Convivencia<\/small><\/strong><\/span><\/td>\n<td style=\"text-align: center;width: 14.7879%\"><span style=\"color: #ffffff\"><strong><small>Equipo de Evaluaci\u00f3n<\/small><small><br \/>\n<\/small><\/strong><\/span><\/td>\n<\/tr>\n<tr style=\"background-color: #99ff99\">\n<td style=\"text-align: center;width: 2.78788%\">1<\/td>\n<td style=\"text-align: center;width: 19.2727%\" align=\"undefined\" valign=\"undefined\" bgcolor=\"#99ff99\"><small><small>D\u00aa Francisca Gallardo Girona<br \/>\n<\/small><\/small><\/td>\n<td style=\"text-align: center;width: 29.0909%\" align=\"center\" valign=\"undefined\"><small>Directora<\/small><\/td>\n<td style=\"text-align: center;width: 15.1515%\" valign=\"undefined\">X<\/td>\n<td style=\"text-align: center;width: 16.9697%\" valign=\"undefined\">X<\/td>\n<td style=\"text-align: center;width: 14.7879%\">X<\/td>\n<\/tr>\n<tr style=\"background-color: #99ff99\">\n<td style=\"text-align: center;width: 2.78788%\">2<\/td>\n<td style=\"text-align: center;width: 19.2727%\" align=\"undefined\" valign=\"undefined\"><small>D\u00aa. <\/small><small><small>Eva Borbal\u00e1n Roda<\/small><\/small><small><br \/>\n<\/small><\/td>\n<td style=\"text-align: center;width: 29.0909%\" align=\"center\" valign=\"undefined\"><small>Jefe&nbsp; de Estudios<\/small><\/td>\n<td style=\"text-align: center;width: 15.1515%\" valign=\"undefined\">X<\/td>\n<td style=\"text-align: center;width: 16.9697%\" valign=\"undefined\">X<\/td>\n<td style=\"text-align: center;width: 14.7879%\">X<\/td>\n<\/tr>\n<tr style=\"background-color: #99ff99\">\n<td style=\"text-align: center;width: 2.78788%\">3<\/td>\n<td style=\"text-align: center;width: 19.2727%\" align=\"undefined\" valign=\"undefined\" bgcolor=\"#99ff99\"><small>D\u00aa Lidia Fern\u00e1ndez L\u00f3pez <\/small><\/td>\n<td style=\"text-align: center;width: 29.0909%\" align=\"center\" valign=\"undefined\"><small>Secretaria<br \/>\n<\/small><\/td>\n<td style=\"text-align: center;width: 15.1515%\" valign=\"undefined\">&nbsp;<\/td>\n<td style=\"text-align: center;width: 16.9697%\" valign=\"undefined\">&nbsp;<\/td>\n<td style=\"text-align: center;width: 14.7879%\">X<\/td>\n<\/tr>\n<tr style=\"background-color: #99ffff\">\n<td style=\"text-align: center;width: 2.78788%\">4<\/td>\n<td style=\"text-align: center;width: 19.2727%\" align=\"undefined\" valign=\"undefined\"><small>&nbsp;<\/small><\/td>\n<td style=\"text-align: center;width: 29.0909%\" align=\"center\" valign=\"undefined\"><small>Profesorado<\/small><\/td>\n<td style=\"text-align: center;width: 15.1515%\" valign=\"undefined\">&nbsp;<\/td>\n<td style=\"text-align: center;width: 16.9697%\" valign=\"undefined\">&nbsp;<\/td>\n<td style=\"text-align: center;width: 14.7879%\">X<\/td>\n<\/tr>\n<tr style=\"background-color: #99ffff\">\n<td style=\"text-align: center;width: 2.78788%\">5<\/td>\n<td align=\"undefined\" valign=\"undefined\">D\u00aa Judith Murillo Y\u00e9lamos<\/td>\n<td style=\"text-align: center;width: 29.0909%\" align=\"center\" valign=\"undefined\"><small>Profesorado<\/small><\/td>\n<td style=\"text-align: center;width: 15.1515%\" valign=\"undefined\">&nbsp;<\/td>\n<td style=\"text-align: center;width: 16.9697%\" valign=\"undefined\">&nbsp;<\/td>\n<td style=\"text-align: center;width: 14.7879%\">&nbsp;<\/td>\n<\/tr>\n<tr style=\"background-color: #99ffff\">\n<td style=\"text-align: center;width: 2.78788%\">6<\/td>\n<td style=\"text-align: center;width: 19.2727%\" align=\"undefined\" valign=\"undefined\"><small>&nbsp;<\/small><\/td>\n<td style=\"text-align: center;width: 29.0909%\" align=\"center\" valign=\"undefined\"><small>Profesorado.&nbsp;<\/small><\/td>\n<td style=\"text-align: center;width: 15.1515%\" valign=\"undefined\">&nbsp;<\/td>\n<td style=\"text-align: center;width: 16.9697%\" valign=\"undefined\">X<\/td>\n<td style=\"text-align: center;width: 14.7879%\">&nbsp;<\/td>\n<\/tr>\n<tr style=\"background-color: #99ffff\">\n<td style=\"text-align: center;width: 2.78788%\">7<\/td>\n<td style=\"text-align: center;width: 19.2727%\" align=\"undefined\" valign=\"undefined\"><small>D. Luis Miguel L\u00f3pez Cano<\/small><\/td>\n<td style=\"text-align: center;width: 29.0909%\" align=\"center\" valign=\"undefined\"><small>Profesorado<\/small><\/td>\n<td style=\"text-align: center;width: 15.1515%\" valign=\"undefined\">&nbsp;<\/td>\n<td style=\"text-align: center;width: 16.9697%\" valign=\"undefined\">&nbsp;X<\/td>\n<td style=\"text-align: center;width: 14.7879%\">&nbsp;<\/td>\n<\/tr>\n<tr style=\"background-color: #99ffff\">\n<td style=\"text-align: center;width: 2.78788%\">8<\/td>\n<td style=\"text-align: center;width: 19.2727%\" align=\"undefined\" valign=\"undefined\"><small>D\u00aa Aurora Mar Mateo Piedra<br \/>\n<\/small><\/td>\n<td style=\"text-align: center;width: 29.0909%\" align=\"center\" valign=\"undefined\"><small>Profesorado<\/small><\/td>\n<td style=\"text-align: center;width: 15.1515%\" valign=\"undefined\">&nbsp;X<\/td>\n<td style=\"text-align: center;width: 16.9697%\" valign=\"undefined\">&nbsp;<\/td>\n<td style=\"text-align: center;width: 14.7879%\">&nbsp;<\/td>\n<\/tr>\n<tr style=\"background-color: #99ffff\">\n<td style=\"text-align: center;width: 2.78788%\">9<\/td>\n<td style=\"text-align: center;width: 19.2727%\"><small>&nbsp;<\/small><\/td>\n<td style=\"text-align: center;width: 29.0909%\"><small>Profesorado<br \/>\n<\/small><\/td>\n<td style=\"text-align: center;width: 15.1515%\">&nbsp;<\/td>\n<td style=\"text-align: center;width: 16.9697%\">&nbsp;<\/td>\n<td style=\"text-align: center;width: 14.7879%\">&nbsp;X<\/td>\n<\/tr>\n<tr>\n<td style=\"text-align: center;width: 2.78788%\"><span style=\"color: #ff00ff\">10<\/span><\/td>\n<td style=\"text-align: center;width: 19.2727%\"><small>D\u00aa Laura<br \/>\n<\/small><\/td>\n<td style=\"text-align: center;width: 29.0909%\"><span style=\"color: #ff00ff\"><small>Impulsora igualdad hombres-mujeres<\/small><\/span><\/td>\n<td style=\"text-align: center;width: 15.1515%\">&nbsp;<\/td>\n<td style=\"text-align: center;width: 16.9697%\">&nbsp;<\/td>\n<td style=\"text-align: center;width: 14.7879%\">&nbsp;<\/td>\n<\/tr>\n<tr style=\"background-color: #fcf\">\n<td style=\"text-align: center;width: 2.78788%\">11<\/td>\n<td style=\"text-align: center;width: 19.2727%\" align=\"undefined\" valign=\"undefined\"><small>&nbsp;<\/small><\/td>\n<td style=\"text-align: center;width: 29.0909%\" align=\"center\" valign=\"undefined\"><small>Madres\/padres<\/small><\/td>\n<td style=\"text-align: center;width: 15.1515%\" valign=\"undefined\">&nbsp;<\/td>\n<td style=\"text-align: center;width: 16.9697%\" valign=\"undefined\">X<\/td>\n<td style=\"text-align: center;width: 14.7879%\">&nbsp;<\/td>\n<\/tr>\n<tr style=\"background-color: #fcf\">\n<td style=\"text-align: center;width: 2.78788%\">12<\/td>\n<td style=\"text-align: center;width: 19.2727%\" align=\"undefined\" valign=\"undefined\"><small>D\u00aa M\u00aa Jes\u00fas Baz Fern\u00e1ndez<br \/>\n<\/small><\/td>\n<td style=\"text-align: center;width: 29.0909%\" align=\"center\" valign=\"undefined\"><small>Madres\/padres<\/small><\/td>\n<td style=\"text-align: center;width: 15.1515%\" valign=\"undefined\">&nbsp;<\/td>\n<td style=\"text-align: center;width: 16.9697%\" valign=\"undefined\">&nbsp;<\/td>\n<td style=\"text-align: center;width: 14.7879%\">X<\/td>\n<\/tr>\n<tr style=\"background-color: #fcf\">\n<td style=\"text-align: center;width: 2.78788%\">13<\/td>\n<td style=\"text-align: center;width: 19.2727%\" align=\"undefined\" valign=\"undefined\"><small>&nbsp;<\/small><\/td>\n<td style=\"text-align: center;width: 29.0909%\" align=\"center\" valign=\"undefined\"><small>Madres\/padres<\/small><\/td>\n<td style=\"text-align: center;width: 15.1515%\" valign=\"undefined\">&nbsp;<\/td>\n<td style=\"text-align: center;width: 16.9697%\" valign=\"undefined\">&nbsp;X<\/td>\n<td style=\"text-align: center;width: 14.7879%\">&nbsp;X<\/td>\n<\/tr>\n<tr style=\"background-color: #fcf\">\n<td style=\"text-align: center;width: 2.78788%\">&nbsp;<\/td>\n<td style=\"text-align: center;width: 19.2727%\" align=\"undefined\" valign=\"undefined\"><small>D\u00aa<br \/>\n<\/small><\/td>\n<td style=\"text-align: center;width: 29.0909%\" align=\"center\" valign=\"undefined\"><small>Madres\/padres<\/small><\/td>\n<td style=\"text-align: center;width: 15.1515%\" valign=\"undefined\">&nbsp;X<\/td>\n<td style=\"text-align: center;width: 16.9697%\" valign=\"undefined\">&nbsp;<\/td>\n<td style=\"text-align: center;width: 14.7879%\">&nbsp;<\/td>\n<\/tr>\n<tr style=\"background-color: #fcf\">\n<td style=\"text-align: center;width: 2.78788%\">&nbsp;<\/td>\n<td style=\"text-align: center;width: 19.2727%\" align=\"undefined\" valign=\"undefined\"><small>D\u00aa&nbsp;<br \/>\n<\/small><\/td>\n<td style=\"text-align: center;width: 29.0909%\" align=\"center\" valign=\"undefined\"><small>Madres\/padres<\/small><\/td>\n<td style=\"text-align: center;width: 15.1515%\" valign=\"undefined\">&nbsp;<\/td>\n<td style=\"text-align: center;width: 16.9697%\" valign=\"undefined\">&nbsp;<\/td>\n<td style=\"text-align: center;width: 14.7879%\">X<\/td>\n<\/tr>\n<tr style=\"background-color: #fcf\">\n<td style=\"text-align: center;width: 2.78788%\">&nbsp;<\/td>\n<td style=\"text-align: center;width: 19.2727%\"><small>D\u00aa&nbsp;<\/small><\/td>\n<td style=\"text-align: center;width: 29.0909%\"><small>Madres\/padres <\/small><\/td>\n<td style=\"text-align: center;width: 15.1515%\">&nbsp;<\/td>\n<td style=\"text-align: center;width: 16.9697%\">&nbsp;X<\/td>\n<td style=\"text-align: center;width: 14.7879%\">&nbsp;<\/td>\n<\/tr>\n<tr style=\"background-color: #fcf\">\n<td style=\"text-align: center;width: 2.78788%\">14<\/td>\n<td style=\"text-align: center;width: 19.2727%\" align=\"undefined\" valign=\"undefined\"><small>D\u00aa Cristina Ruiz Tijeras<br \/>\n<\/small><\/td>\n<td style=\"text-align: center;width: 29.0909%\" align=\"center\" valign=\"undefined\"><small><small>Madres\/padres<\/small><\/small><\/td>\n<td style=\"text-align: center;width: 15.1515%\" valign=\"undefined\">&nbsp;<\/td>\n<td style=\"text-align: center;width: 16.9697%\" valign=\"undefined\">X<\/td>\n<td style=\"text-align: center;width: 14.7879%\">&nbsp;<\/td>\n<\/tr>\n<tr style=\"background-color: #fcf\">\n<td style=\"text-align: center;width: 2.78788%\">15<\/td>\n<td style=\"text-align: center;width: 19.2727%\" align=\"undefined\" valign=\"undefined\">&#8212;&#8212;-<\/td>\n<td style=\"text-align: center;width: 29.0909%\" align=\"center\" valign=\"undefined\"><span style=\"color: #0000ff\"><small>Ayto. Almer\u00eda<\/small><\/span><\/td>\n<td style=\"text-align: center;width: 15.1515%\" valign=\"undefined\"><span style=\"color: #0000ff\">&nbsp;<\/span><\/td>\n<td style=\"text-align: center;width: 16.9697%\" valign=\"undefined\"><span style=\"color: #0000ff\">&nbsp;<\/span><\/td>\n<td style=\"text-align: center;width: 14.7879%\"><span style=\"color: #0000ff\">X<\/span><\/td>\n<\/tr>\n<tr style=\"background-color: #ff9\">\n<td style=\"text-align: center;width: 2.78788%\">&nbsp;<\/td>\n<td style=\"text-align: center;width: 19.2727%\" align=\"undefined\" valign=\"undefined\"><small>D\u00aa Cristina Garc\u00eda Tijeras<\/small><\/td>\n<td style=\"text-align: center;width: 29.0909%\" align=\"center\" valign=\"undefined\"><small>P.A.S.<br \/>\n<\/small><\/td>\n<td style=\"text-align: center;width: 15.1515%\" valign=\"undefined\">&nbsp;<\/td>\n<td style=\"text-align: center;width: 16.9697%\" valign=\"undefined\">&nbsp;<\/td>\n<td style=\"text-align: center;width: 14.7879%\">&nbsp;<\/td>\n<\/tr>\n<\/tbody>\n<\/table>\n<pre><strong>Suplentes<\/strong>:\r\n Sector profesorado.\r\n\r\n Sector madres\/padres.\r\n<\/pre>\n","protected":false},"excerpt":{"rendered":"<p>Fecha de constituci\u00f3n del Consejo Escolar: 13\/12\/2021 &nbsp; &nbsp;Nombre Representaci\u00f3n Comisi\u00f3n Permanente Comisi\u00f3n de Convivencia Equipo de Evaluaci\u00f3n 1 D\u00aa Francisca Gallardo Girona Directora X&hellip;<\/p>\n","protected":false},"author":1,"featured_media":0,"parent":0,"menu_order":0,"comment_status":"open","ping_status":"open","template":"","meta":{"ngg_post_thumbnail":0,"footnotes":"","_mc_calendar":[]},"aioseo_notices":[],"_links":{"self":[{"href":"https:\/\/blogsaverroes.juntadeandalucia.es\/ceipsanfernandoalmeria\/wp-json\/wp\/v2\/pages\/2250"}],"collection":[{"href":"https:\/\/blogsaverroes.juntadeandalucia.es\/ceipsanfernandoalmeria\/wp-json\/wp\/v2\/pages"}],"about":[{"href":"https:\/\/blogsaverroes.juntadeandalucia.es\/ceipsanfernandoalmeria\/wp-json\/wp\/v2\/types\/page"}],"author":[{"embeddable":true,"href":"https:\/\/blogsaverroes.juntadeandalucia.es\/ceipsanfernandoalmeria\/wp-json\/wp\/v2\/users\/1"}],"replies":[{"embeddable":true,"href":"https:\/\/blogsaverroes.juntadeandalucia.es\/ceipsanfernandoalmeria\/wp-json\/wp\/v2\/comments?post=2250"}],"version-history":[{"count":25,"href":"https:\/\/blogsaverroes.juntadeandalucia.es\/ceipsanfernandoalmeria\/wp-json\/wp\/v2\/pages\/2250\/revisions"}],"predecessor-version":[{"id":3074,"href":"https:\/\/blogsaverroes.juntadeandalucia.es\/ceipsanfernandoalmeria\/wp-json\/wp\/v2\/pages\/2250\/revisions\/3074"}],"wp:attachment":[{"href":"https:\/\/blogsaverroes.juntadeandalucia.es\/ceipsanfernandoalmeria\/wp-json\/wp\/v2\/media?parent=2250"}],"curies":[{"name":"wp","href":"https:\/\/api.w.org\/{rel}","templated":true}]}}