{"id":2898,"date":"2021-11-24T19:31:27","date_gmt":"2021-11-24T19:31:27","guid":{"rendered":"http:\/\/blogsaverroes.juntadeandalucia.es\/ceipsanfernandoalmeria\/?page_id=2898"},"modified":"2025-03-09T11:53:54","modified_gmt":"2025-03-09T11:53:54","slug":"ipasen-2","status":"publish","type":"page","link":"https:\/\/blogsaverroes.juntadeandalucia.es\/ceipsanfernandoalmeria\/ipasen-2\/","title":{"rendered":"iPASEN"},"content":{"rendered":"<p><a href=\"https:\/\/blogsaverroes.juntadeandalucia.es\/ceipsanfernandoalmeria\/files\/2021\/11\/IPASEN.png\"><img loading=\"lazy\" decoding=\"async\" class=\"wp-image-2900 aligncenter\" src=\"https:\/\/blogsaverroes.juntadeandalucia.es\/ceipsanfernandoalmeria\/files\/2021\/11\/IPASEN-295x300.png\" alt=\"\" width=\"162\" height=\"165\" srcset=\"https:\/\/blogsaverroes.juntadeandalucia.es\/ceipsanfernandoalmeria\/files\/2021\/11\/IPASEN-295x300.png 295w, https:\/\/blogsaverroes.juntadeandalucia.es\/ceipsanfernandoalmeria\/files\/2021\/11\/IPASEN.png 470w\" sizes=\"(max-width: 162px) 100vw, 162px\" \/><\/a><\/p>\n<p style=\"text-align: justify\"><strong>&nbsp;&nbsp; iPasen<\/strong> es una aplicaci\u00f3n para dispositivos m\u00f3viles titularidad de la Junta de Andaluc\u00eda, desarrollada por la Consejer\u00eda de Educaci\u00f3n.<br \/>\n&nbsp;&nbsp; El <strong>USUARIO ser\u00e1 un tutor\/a legal<\/strong> de alg\u00fan alumno\/a matriculado\/a en un centro educativo no universitario dependiente de la Consejer\u00eda, o bien directamente un alumno\/a matriculado\/a en el tipo de centro anteriormente mencionado.<br \/>\n<strong>iPasen<\/strong> es la versi\u00f3n para dispositivos m\u00f3viles de <a href=\"https:\/\/seneca.juntadeandalucia.es\/seneca\/jsp\/portalpasen\/\" target=\"_blank\" rel=\"noopener noreferrer\"><strong>PASEN<\/strong><\/a>.<\/p>\n<p><iframe loading=\"lazy\" title=\"iPasen  lanza su nueva versi\u00f3n\" width=\"843\" height=\"474\" src=\"https:\/\/www.youtube.com\/embed\/oZAcWLRNFQ0?feature=oembed\" frameborder=\"0\" allow=\"accelerometer; autoplay; clipboard-write; encrypted-media; gyroscope; picture-in-picture; web-share\" referrerpolicy=\"strict-origin-when-cross-origin\" allowfullscreen><\/iframe><\/p>\n<p>&nbsp;<\/p>\n<p class=\"portlet-title\" style=\"text-align: center\"><strong><span style=\"color: #008000\">UTILIDADES<\/span><\/strong><\/p>\n<ul>\n<li>Acceso a <strong>datos acad\u00e9micos<\/strong> del alumnado. <strong>Punto de Recogida<\/strong>.<\/li>\n<li>Comunicaci\u00f3n\/justificaci\u00f3n de <strong>faltas de asistencia<\/strong>.<\/li>\n<li>Firma\/<strong>Autorizaci\u00f3n<\/strong> de actividades.<\/li>\n<li>Gesti\u00f3n de citas de <strong>tutor\u00edas<\/strong> con el profesorado del Centro.<\/li>\n<li><strong>Comunicaci\u00f3n<\/strong> con el profesorado del Centro.<\/li>\n<\/ul>\n<p><a href=\"https:\/\/blogsaverroes.juntadeandalucia.es\/ceipsanfernandoalmeria\/files\/2025\/03\/logo-sanfer.jpg\"><img loading=\"lazy\" decoding=\"async\" class=\"aligncenter size-full wp-image-3350\" src=\"https:\/\/blogsaverroes.juntadeandalucia.es\/ceipsanfernandoalmeria\/files\/2025\/03\/logo-sanfer.jpg\" alt=\"\" width=\"224\" height=\"225\" srcset=\"https:\/\/blogsaverroes.juntadeandalucia.es\/ceipsanfernandoalmeria\/files\/2025\/03\/logo-sanfer.jpg 224w, https:\/\/blogsaverroes.juntadeandalucia.es\/ceipsanfernandoalmeria\/files\/2025\/03\/logo-sanfer-150x150.jpg 150w\" sizes=\"(max-width: 224px) 100vw, 224px\" \/><\/a><\/p>\n<p>&nbsp;<\/p>\n","protected":false},"excerpt":{"rendered":"<p>&nbsp;&nbsp; iPasen es una aplicaci\u00f3n para dispositivos m\u00f3viles titularidad de la Junta de Andaluc\u00eda, desarrollada por la Consejer\u00eda de Educaci\u00f3n. &nbsp;&nbsp; El USUARIO ser\u00e1 un&hellip;<\/p>\n","protected":false},"author":2317,"featured_media":0,"parent":0,"menu_order":0,"comment_status":"closed","ping_status":"closed","template":"","meta":{"ngg_post_thumbnail":0,"footnotes":"","_mc_calendar":[]},"aioseo_notices":[],"_links":{"self":[{"href":"https:\/\/blogsaverroes.juntadeandalucia.es\/ceipsanfernandoalmeria\/wp-json\/wp\/v2\/pages\/2898"}],"collection":[{"href":"https:\/\/blogsaverroes.juntadeandalucia.es\/ceipsanfernandoalmeria\/wp-json\/wp\/v2\/pages"}],"about":[{"href":"https:\/\/blogsaverroes.juntadeandalucia.es\/ceipsanfernandoalmeria\/wp-json\/wp\/v2\/types\/page"}],"author":[{"embeddable":true,"href":"https:\/\/blogsaverroes.juntadeandalucia.es\/ceipsanfernandoalmeria\/wp-json\/wp\/v2\/users\/2317"}],"replies":[{"embeddable":true,"href":"https:\/\/blogsaverroes.juntadeandalucia.es\/ceipsanfernandoalmeria\/wp-json\/wp\/v2\/comments?post=2898"}],"version-history":[{"count":8,"href":"https:\/\/blogsaverroes.juntadeandalucia.es\/ceipsanfernandoalmeria\/wp-json\/wp\/v2\/pages\/2898\/revisions"}],"predecessor-version":[{"id":3366,"href":"https:\/\/blogsaverroes.juntadeandalucia.es\/ceipsanfernandoalmeria\/wp-json\/wp\/v2\/pages\/2898\/revisions\/3366"}],"wp:attachment":[{"href":"https:\/\/blogsaverroes.juntadeandalucia.es\/ceipsanfernandoalmeria\/wp-json\/wp\/v2\/media?parent=2898"}],"curies":[{"name":"wp","href":"https:\/\/api.w.org\/{rel}","templated":true}]}}