{"id":35,"date":"2015-03-13T08:21:43","date_gmt":"2015-03-13T08:21:43","guid":{"rendered":"http:\/\/blogsaverroes.juntadeandalucia.es\/pre\/ceip\/?page_id=35"},"modified":"2025-03-09T10:53:50","modified_gmt":"2025-03-09T10:53:50","slug":"el-centro-2","status":"publish","type":"page","link":"https:\/\/blogsaverroes.juntadeandalucia.es\/ceipsanfernandoalmeria\/el-centro-2\/","title":{"rendered":"Datos del centro"},"content":{"rendered":"<h4>Datos de contacto<\/h4>\n<p><strong>04000948 CEIP SAN FERNANDO<\/strong><\/p>\n<p><strong>Direcci\u00f3n:<\/strong> &nbsp;Calle Rodrigo Vivas Miras, 28, 04007 &#8211; ALMER\u00cdA<\/p>\n<p><iframe loading=\"lazy\" src=\"https:\/\/www.google.com\/maps\/embed?pb=!1m18!1m12!1m3!1d3193.6414185589224!2d-2.4500518847093433!3d36.82711167994301!2m3!1f0!2f0!3f0!3m2!1i1024!2i768!4f13.1!3m3!1m2!1s0xd7a9dee8124a7f5%3A0xc11b5ca4a43b471b!2sCalle+Rodrigo+Vivas+Miras%2C+28%2C+04007+Almer%C3%ADa!5e0!3m2!1ses!2ses!4v1448129209488\" width=\"400\" height=\"300\" frameborder=\"0\"><\/iframe><\/p>\n<p><strong>Tel\u00e9fono 950 156134 &nbsp;FAX: 950156135<\/strong><br \/>\n<strong>Email:<\/strong>&nbsp;ceipsanfernandoalmeria@gmail.com<\/p>\n<ul>\n<li><strong>Horarios<\/strong><\/li>\n<\/ul>\n<p>Aula Matinal desde las 7:30 hasta las 9:00.<\/p>\n<p>Horario lectivo de 9:00 a 14:00 horas de lunes a viernes, del 10 de septiembre al 22 de junio.<\/p>\n<p>Comedor Escolar de 14:00 a 16:00 horas.<\/p>\n<p>Actividades Extraescolares de lunes a viernes de 16:00 a 17:00 horas. Multideporte e Ingl\u00e9s.<\/p>\n<p>Escuelas Deportivas de Baloncesto: martes y jueves.<\/p>\n<p><strong>Tutor\u00eda de familias:<\/strong> lunes de 16:30 a 17:30 horas.<\/p>\n<ul>\n<li><strong>Oferta educativa<\/strong><\/li>\n<\/ul>\n<p>Segundo Ciclo de Educaci\u00f3n Infantil (3, 4 y 5 a\u00f1os).<\/p>\n<p>Educaci\u00f3n Primaria Obligatoria.<\/p>\n<p>&nbsp;<\/p>\n<p><a href=\"https:\/\/blogsaverroes.juntadeandalucia.es\/ceipsanfernandoalmeria\/files\/2025\/03\/logo-sanfer.jpg\"><img loading=\"lazy\" decoding=\"async\" class=\"aligncenter size-full wp-image-3350\" src=\"https:\/\/blogsaverroes.juntadeandalucia.es\/ceipsanfernandoalmeria\/files\/2025\/03\/logo-sanfer.jpg\" alt=\"\" width=\"224\" height=\"225\" srcset=\"https:\/\/blogsaverroes.juntadeandalucia.es\/ceipsanfernandoalmeria\/files\/2025\/03\/logo-sanfer.jpg 224w, https:\/\/blogsaverroes.juntadeandalucia.es\/ceipsanfernandoalmeria\/files\/2025\/03\/logo-sanfer-150x150.jpg 150w\" sizes=\"(max-width: 224px) 100vw, 224px\" \/><\/a><\/p>\n","protected":false},"excerpt":{"rendered":"<p>Datos de contacto 04000948 CEIP SAN FERNANDO Direcci\u00f3n: &nbsp;Calle Rodrigo Vivas Miras, 28, 04007 &#8211; ALMER\u00cdA Tel\u00e9fono 950 156134 &nbsp;FAX: 950156135 Email:&nbsp;ceipsanfernandoalmeria@gmail.com Horarios Aula Matinal&hellip;<\/p>\n","protected":false},"author":1,"featured_media":2481,"parent":0,"menu_order":0,"comment_status":"open","ping_status":"open","template":"","meta":{"ngg_post_thumbnail":0,"footnotes":"","_mc_calendar":[]},"aioseo_notices":[],"_links":{"self":[{"href":"https:\/\/blogsaverroes.juntadeandalucia.es\/ceipsanfernandoalmeria\/wp-json\/wp\/v2\/pages\/35"}],"collection":[{"href":"https:\/\/blogsaverroes.juntadeandalucia.es\/ceipsanfernandoalmeria\/wp-json\/wp\/v2\/pages"}],"about":[{"href":"https:\/\/blogsaverroes.juntadeandalucia.es\/ceipsanfernandoalmeria\/wp-json\/wp\/v2\/types\/page"}],"author":[{"embeddable":true,"href":"https:\/\/blogsaverroes.juntadeandalucia.es\/ceipsanfernandoalmeria\/wp-json\/wp\/v2\/users\/1"}],"replies":[{"embeddable":true,"href":"https:\/\/blogsaverroes.juntadeandalucia.es\/ceipsanfernandoalmeria\/wp-json\/wp\/v2\/comments?post=35"}],"version-history":[{"count":33,"href":"https:\/\/blogsaverroes.juntadeandalucia.es\/ceipsanfernandoalmeria\/wp-json\/wp\/v2\/pages\/35\/revisions"}],"predecessor-version":[{"id":3353,"href":"https:\/\/blogsaverroes.juntadeandalucia.es\/ceipsanfernandoalmeria\/wp-json\/wp\/v2\/pages\/35\/revisions\/3353"}],"wp:featuredmedia":[{"embeddable":true,"href":"https:\/\/blogsaverroes.juntadeandalucia.es\/ceipsanfernandoalmeria\/wp-json\/wp\/v2\/media\/2481"}],"wp:attachment":[{"href":"https:\/\/blogsaverroes.juntadeandalucia.es\/ceipsanfernandoalmeria\/wp-json\/wp\/v2\/media?parent=35"}],"curies":[{"name":"wp","href":"https:\/\/api.w.org\/{rel}","templated":true}]}}