{"id":44,"date":"2015-03-13T08:42:15","date_gmt":"2015-03-13T08:42:15","guid":{"rendered":"http:\/\/blogsaverroes.juntadeandalucia.es\/pre\/ceip\/?page_id=44"},"modified":"2017-11-27T15:41:27","modified_gmt":"2017-11-27T15:41:27","slug":"planes-y-proyectos","status":"publish","type":"page","link":"https:\/\/blogsaverroes.juntadeandalucia.es\/ceipsanfernandoalmeria\/planes-y-proyectos\/","title":{"rendered":"Planes y Programas"},"content":{"rendered":"<p><img loading=\"lazy\" decoding=\"async\" class=\"alignnone size-medium wp-image-1667\" src=\"http:\/\/blogsaverroes.juntadeandalucia.es\/ceipsanfernandoalmeria\/files\/2015\/03\/planes-300x150.png\" alt=\"planes\" width=\"300\" height=\"150\" srcset=\"https:\/\/blogsaverroes.juntadeandalucia.es\/ceipsanfernandoalmeria\/files\/2015\/03\/planes-300x150.png 300w, https:\/\/blogsaverroes.juntadeandalucia.es\/ceipsanfernandoalmeria\/files\/2015\/03\/planes.png 640w\" sizes=\"(max-width: 300px) 100vw, 300px\" \/><\/p>\n<p style=\"text-align: center\"><strong><a href=\"http:\/\/blogsaverroes.juntadeandalucia.es\/ceipsanfernandoalmeria\/plan-de-convivencia\/\">&#8211; &nbsp;PLAN DE CONVIVENCIA<\/a><\/strong><\/p>\n<ul>\n<li><strong>Plan de igualdad entre hombres y mujeres en educaci\u00f3n. Coordinadora D\u00aa Dolores Jim\u00e9nez C\u00e1rdenas.<\/strong><\/li>\n<\/ul>\n<p>&nbsp;<\/p>\n<ul>\n<li><strong>Escuela TIC 2.0. Coordinador: D. &nbsp;Francisco P\u00e9rez Porras.<\/strong><\/li>\n<\/ul>\n<p>&nbsp;<\/p>\n<ul>\n<li><strong>Pr\u00e1cticum Grado de Maestro (UAL). Coordinadora: D\u00aa Eva A. Borbal\u00e1n Roda<\/strong><\/li>\n<\/ul>\n<p>&nbsp;<\/p>\n<ul>\n<li><strong>Plan de Salud Laboral y prevenci\u00f3n de riesgos laborales. Coordinadora: D\u00aa Aurora Mar Mateo Piedra<\/strong><\/li>\n<\/ul>\n<p style=\"padding-left: 30px\"><a href=\"http:\/\/blogsaverroes.juntadeandalucia.es\/ceipsanfernandoalmeria\/files\/2015\/03\/PROYECTO-RIESGOS-LABORALES.pdf\">PROYECTO RIESGOS LABORALES<\/a><\/p>\n<ul>\n<li><strong>Escuela: \u00abEspacio de Paz\u00bb. Coordinador: D. Juan Ram\u00f3n S\u00e1nchez Plaza.<\/strong><\/li>\n<\/ul>\n<p style=\"padding-left: 30px\"><a href=\"http:\/\/blogsaverroes.juntadeandalucia.es\/ceipsanfernandoalmeria\/files\/2015\/03\/PLAN-DE-IGUALDAD-ESPACIO-DE-PAZ.pdf\">PLAN DE IGUALDAD ESPACIO DE PAZ<\/a><\/p>\n<ul>\n<li><strong>\u00abCreciendo en Salud\u00bb. Coordinadora: D\u00aa Irene P\u00e9rez Lozano<\/strong><\/li>\n<\/ul>\n<p>&nbsp;<\/p>\n<ul>\n<li><strong>Plan Familias. Actividades extraescolares. Coordinador: D. Francisco P\u00e9rez Porras.<\/strong><\/li>\n<\/ul>\n<p>&nbsp;<\/p>\n<ul>\n<li><strong>Plan de Lectura y bibliotecas. Coordinadora: D\u00aa &nbsp;Josefa \u00c1vila Garc\u00e9s.<\/strong><\/li>\n<\/ul>\n<p style=\"padding-left: 30px\"><a href=\"http:\/\/blogsaverroes.juntadeandalucia.es\/ceipsanfernandoalmeria\/files\/2015\/03\/PROYECTO-LECTOR.pdf\">PROYECTO LECTOR<\/a>. PLAN DE MEJORA EN COMUNICACI\u00d3N LING\u00dc\u00cdSTICA CURSO ESCOLAR 2012-13<\/p>\n<p>&nbsp;<\/p>\n","protected":false},"excerpt":{"rendered":"<p>&#8211; &nbsp;PLAN DE CONVIVENCIA Plan de igualdad entre hombres y mujeres en educaci\u00f3n. Coordinadora D\u00aa Dolores Jim\u00e9nez C\u00e1rdenas. &nbsp; Escuela TIC 2.0. Coordinador: D. &nbsp;Francisco&hellip;<\/p>\n","protected":false},"author":1,"featured_media":0,"parent":0,"menu_order":0,"comment_status":"open","ping_status":"closed","template":"page-templates\/child-menu.php","meta":{"ngg_post_thumbnail":0,"footnotes":"","_mc_calendar":[]},"aioseo_notices":[],"_links":{"self":[{"href":"https:\/\/blogsaverroes.juntadeandalucia.es\/ceipsanfernandoalmeria\/wp-json\/wp\/v2\/pages\/44"}],"collection":[{"href":"https:\/\/blogsaverroes.juntadeandalucia.es\/ceipsanfernandoalmeria\/wp-json\/wp\/v2\/pages"}],"about":[{"href":"https:\/\/blogsaverroes.juntadeandalucia.es\/ceipsanfernandoalmeria\/wp-json\/wp\/v2\/types\/page"}],"author":[{"embeddable":true,"href":"https:\/\/blogsaverroes.juntadeandalucia.es\/ceipsanfernandoalmeria\/wp-json\/wp\/v2\/users\/1"}],"replies":[{"embeddable":true,"href":"https:\/\/blogsaverroes.juntadeandalucia.es\/ceipsanfernandoalmeria\/wp-json\/wp\/v2\/comments?post=44"}],"version-history":[{"count":13,"href":"https:\/\/blogsaverroes.juntadeandalucia.es\/ceipsanfernandoalmeria\/wp-json\/wp\/v2\/pages\/44\/revisions"}],"predecessor-version":[{"id":2401,"href":"https:\/\/blogsaverroes.juntadeandalucia.es\/ceipsanfernandoalmeria\/wp-json\/wp\/v2\/pages\/44\/revisions\/2401"}],"wp:attachment":[{"href":"https:\/\/blogsaverroes.juntadeandalucia.es\/ceipsanfernandoalmeria\/wp-json\/wp\/v2\/media?parent=44"}],"curies":[{"name":"wp","href":"https:\/\/api.w.org\/{rel}","templated":true}]}}