{"id":77,"date":"2015-03-16T06:54:56","date_gmt":"2015-03-16T06:54:56","guid":{"rendered":"http:\/\/blogsaverroes.juntadeandalucia.es\/pre\/ceip\/?page_id=77"},"modified":"2025-03-05T12:59:07","modified_gmt":"2025-03-05T12:59:07","slug":"secretaria","status":"publish","type":"page","link":"https:\/\/blogsaverroes.juntadeandalucia.es\/ceipsanfernandoalmeria\/secretaria\/","title":{"rendered":"Secretar\u00eda"},"content":{"rendered":"<p>La <strong>Secretar\u00eda<\/strong> desarrolla muchas funciones importantes en la vida de un centro, especialmente en la relaci\u00f3n que mantiene con las familias en los diferentes tr\u00e1mites administrativos a lo largo de la escolarizaci\u00f3n: admisi\u00f3n, matr\u00edcula, comedor escolar, becas, etc.<\/p>\n<h2 style=\"text-align: center\"><strong>Secretaria del centro: <\/strong><\/h2>\n<h2 style=\"text-align: center\"><span style=\"color: #0000ff\"><strong>D\u00aa Lidia Fern\u00e1ndez L\u00f3pez<\/strong><\/span><\/h2>\n<h2 style=\"text-align: center\"><strong>Horario :<\/strong><\/h2>\n<p style=\"text-align: center\" align=\"left\"><span style=\"font-family: NewsGotT\"><span style=\"font-size: x-large\">Lunes y mi\u00e9rcoles de 10:00 a 11:00<\/span><\/span><\/p>\n<p style=\"text-align: center\" align=\"left\"><span style=\"font-family: NewsGotT\"><span style=\"font-size: x-large\">Martes de 13:00 a 13:30<\/span><\/span><\/p>\n<p style=\"text-align: center\" align=\"left\"><span style=\"font-family: NewsGotT\"><span style=\"font-size: x-large\">Jueves de 9:00 a 10:00<\/span><\/span><\/p>\n<p style=\"text-align: center\" align=\"left\"><span style=\"font-family: NewsGotT\"><span style=\"font-size: x-large\">Viernes de 13 a 14:00<\/span><\/span><\/p>\n","protected":false},"excerpt":{"rendered":"<p>La Secretar\u00eda desarrolla muchas funciones importantes en la vida de un centro, especialmente en la relaci\u00f3n que mantiene con las familias en los diferentes tr\u00e1mites&hellip;<\/p>\n","protected":false},"author":1,"featured_media":0,"parent":0,"menu_order":0,"comment_status":"open","ping_status":"open","template":"","meta":{"ngg_post_thumbnail":0,"footnotes":"","_mc_calendar":[]},"aioseo_notices":[],"_links":{"self":[{"href":"https:\/\/blogsaverroes.juntadeandalucia.es\/ceipsanfernandoalmeria\/wp-json\/wp\/v2\/pages\/77"}],"collection":[{"href":"https:\/\/blogsaverroes.juntadeandalucia.es\/ceipsanfernandoalmeria\/wp-json\/wp\/v2\/pages"}],"about":[{"href":"https:\/\/blogsaverroes.juntadeandalucia.es\/ceipsanfernandoalmeria\/wp-json\/wp\/v2\/types\/page"}],"author":[{"embeddable":true,"href":"https:\/\/blogsaverroes.juntadeandalucia.es\/ceipsanfernandoalmeria\/wp-json\/wp\/v2\/users\/1"}],"replies":[{"embeddable":true,"href":"https:\/\/blogsaverroes.juntadeandalucia.es\/ceipsanfernandoalmeria\/wp-json\/wp\/v2\/comments?post=77"}],"version-history":[{"count":14,"href":"https:\/\/blogsaverroes.juntadeandalucia.es\/ceipsanfernandoalmeria\/wp-json\/wp\/v2\/pages\/77\/revisions"}],"predecessor-version":[{"id":3249,"href":"https:\/\/blogsaverroes.juntadeandalucia.es\/ceipsanfernandoalmeria\/wp-json\/wp\/v2\/pages\/77\/revisions\/3249"}],"wp:attachment":[{"href":"https:\/\/blogsaverroes.juntadeandalucia.es\/ceipsanfernandoalmeria\/wp-json\/wp\/v2\/media?parent=77"}],"curies":[{"name":"wp","href":"https:\/\/api.w.org\/{rel}","templated":true}]}}