{"id":870,"date":"2015-03-16T07:24:27","date_gmt":"2015-03-16T07:24:27","guid":{"rendered":"http:\/\/blogsaverroes.juntadeandalucia.es\/pre\/ceip\/?page_id=103"},"modified":"2025-03-09T09:18:17","modified_gmt":"2025-03-09T09:18:17","slug":"aula-matinal","status":"publish","type":"page","link":"https:\/\/blogsaverroes.juntadeandalucia.es\/ceipsanfernandoalmeria\/aula-matinal\/","title":{"rendered":"Aula Matinal"},"content":{"rendered":"<h2><a href=\"https:\/\/blogsaverroes.juntadeandalucia.es\/ceipsanfernandoalmeria\/files\/2025\/03\/AULA-MATINAL.jpg\"><img loading=\"lazy\" decoding=\"async\" class=\"aligncenter size-medium wp-image-3328\" src=\"https:\/\/blogsaverroes.juntadeandalucia.es\/ceipsanfernandoalmeria\/files\/2025\/03\/AULA-MATINAL-300x228.jpg\" alt=\"\" width=\"300\" height=\"228\" srcset=\"https:\/\/blogsaverroes.juntadeandalucia.es\/ceipsanfernandoalmeria\/files\/2025\/03\/AULA-MATINAL-300x228.jpg 300w, https:\/\/blogsaverroes.juntadeandalucia.es\/ceipsanfernandoalmeria\/files\/2025\/03\/AULA-MATINAL-1024x780.jpg 1024w, https:\/\/blogsaverroes.juntadeandalucia.es\/ceipsanfernandoalmeria\/files\/2025\/03\/AULA-MATINAL-768x585.jpg 768w, https:\/\/blogsaverroes.juntadeandalucia.es\/ceipsanfernandoalmeria\/files\/2025\/03\/AULA-MATINAL.jpg 1170w\" sizes=\"(max-width: 300px) 100vw, 300px\" \/><\/a><\/h2>\n<h4><strong>Aula Matinal<\/strong><\/h4>\n<p>El <strong>Aula Matinal<\/strong> abre a las 7.30 horas de lunes a viernes, ofreciendo al alumnado actividades diversas hasta el comienzo del horario lectivo.<\/p>\n<h2><a href=\"https:\/\/www.juntadeandalucia.es\/educacion\/portales\/familias\/servicios-complementarios\">ENLACE AL PORTAL DE LA CONSEJER\u00cdA CON ACCESO A INFORMACI\u00d3N Y DOCUMENTOS<\/a><\/h2>\n<p>&nbsp;<\/p>\n<p>PRECIOS de los Servicios Complementarios:&nbsp;<\/p>\n<p>Bolet\u00edn Oficial de la Junta de Andaluc\u00eda &#8211; N\u00famero 150 &#8211; Viernes, 2 de agosto de 2024<\/p>\n<p><strong>Acuerdo de 30 de julio de 2024<\/strong>, del Consejo de Gobierno, por el que se revisa la cuant\u00eda del precio p\u00fablico del servicio complementario de comedor escolar en los centros docentes p\u00fablicos de Andaluc\u00eda, establecido en el apartado A) del Anexo I del Acuerdo del Consejo de Gobierno, de 27 de marzo de 2018, por el que se fija la cuant\u00eda de los precios p\u00fablicos por los servicios complementarios de aula matinal, comedor escolar y actividades extraescolares en los centros docentes p\u00fablicos y por el servicio de residencia en las residencias escolares de Andaluc\u00eda.<\/p>\n<p><strong>\u00abA) Precio de los servicios complementarios (impuestos incluidos).<\/strong><\/p>\n<p>1. Servicio de aula matinal.<br \/>\n&#8211; Precio mensual: 17,51 euros.<br \/>\n&#8211; Precio por d\u00eda: 1,33 euros.<br \/>\n2. Servicio de comedor escolar.<br \/>\n&#8211; Precio por d\u00eda: 5,54 euros.<br \/>\n3. Servicio de actividades extraescolares.<br \/>\n&#8211; Precio mensual: 17,51 euros por cada actividad.\u00bb<\/p>\n<p><a href=\"https:\/\/drive.google.com\/file\/d\/1-03D0iJ1D-eFfL18KVtNaz3rBLVGTcDE\/view?usp=drive_link\"><strong>BOJA<\/strong><\/a><\/p>\n<p>&nbsp;<\/p>\n<p><strong>Bonificaciones:<\/strong><\/p>\n<div id=\"contenidos\">\n<div>\n<div id=\"cuerpo\" class=\"grid_16\">\n<p class=\"title\"><a href=\"https:\/\/www.juntadeandalucia.es\/servicios\/sede\/tramites\/procedimientos\/detalle\/25586.html\">Sede electr\u00f3nica:<\/a><\/p>\n<p class=\"title\"><a href=\"https:\/\/www.juntadeandalucia.es\/servicios\/sede\/tramites\/procedimientos\/detalle\/25586.html\">Gratuidad\/bonificaci\u00f3n del precio p\u00fablico por los servicios complementarios de aula matinal, comedor escolar y actividades extraescolares en centros docentes p\u00fablicos que impartan las ense\u00f1anzas de segundo ciclo de educaci\u00f3n infantil, educaci\u00f3n primaria, educaci\u00f3n especial, educaci\u00f3n secundaria obligatoria o ciclos formativos de grado b\u00e1sico.<\/a><\/p>\n<\/div>\n<\/div>\n<\/div>\n<p><a href=\"https:\/\/www.juntadeandalucia.es\/educacion\/portales\/documents\/20123\/837342\/02052024_ANEXO_V.pdf\/ae6d7cc2-28bf-2701-eca8-a72f3ccd517c?version=1.0\">Anexo V: solicitud de bonificaciones.<\/a><\/p>\n<p><strong>CUADRO DE BONIFICACIONES:<\/strong><\/p>\n<p><a href=\"https:\/\/blogsaverroes.juntadeandalucia.es\/ceipsanfernandoalmeria\/files\/2025\/03\/Bonificaciones_proceso_admision_Cuadro_Iprem_2022.jpg\"><img loading=\"lazy\" decoding=\"async\" class=\"aligncenter wp-image-3324 size-full\" src=\"https:\/\/blogsaverroes.juntadeandalucia.es\/ceipsanfernandoalmeria\/files\/2025\/03\/Bonificaciones_proceso_admision_Cuadro_Iprem_2022.jpg\" alt=\"\" width=\"3222\" height=\"2181\" srcset=\"https:\/\/blogsaverroes.juntadeandalucia.es\/ceipsanfernandoalmeria\/files\/2025\/03\/Bonificaciones_proceso_admision_Cuadro_Iprem_2022.jpg 1600w, https:\/\/blogsaverroes.juntadeandalucia.es\/ceipsanfernandoalmeria\/files\/2025\/03\/Bonificaciones_proceso_admision_Cuadro_Iprem_2022-300x203.jpg 300w, https:\/\/blogsaverroes.juntadeandalucia.es\/ceipsanfernandoalmeria\/files\/2025\/03\/Bonificaciones_proceso_admision_Cuadro_Iprem_2022-1024x693.jpg 1024w, https:\/\/blogsaverroes.juntadeandalucia.es\/ceipsanfernandoalmeria\/files\/2025\/03\/Bonificaciones_proceso_admision_Cuadro_Iprem_2022-768x520.jpg 768w, https:\/\/blogsaverroes.juntadeandalucia.es\/ceipsanfernandoalmeria\/files\/2025\/03\/Bonificaciones_proceso_admision_Cuadro_Iprem_2022-1536x1040.jpg 1536w, https:\/\/blogsaverroes.juntadeandalucia.es\/ceipsanfernandoalmeria\/files\/2025\/03\/Bonificaciones_proceso_admision_Cuadro_Iprem_2022-2048x1386.jpg 2048w\" sizes=\"(max-width: 3222px) 100vw, 3222px\" \/><\/a><\/p>\n<p style=\"text-align: center\">&nbsp;<\/p>\n","protected":false},"excerpt":{"rendered":"<p>Aula Matinal El Aula Matinal abre a las 7.30 horas de lunes a viernes, ofreciendo al alumnado actividades diversas hasta el comienzo del horario lectivo.&hellip;<\/p>\n","protected":false},"author":1,"featured_media":0,"parent":0,"menu_order":0,"comment_status":"open","ping_status":"open","template":"","meta":{"ngg_post_thumbnail":0,"footnotes":"","_mc_calendar":[]},"aioseo_notices":[],"_links":{"self":[{"href":"https:\/\/blogsaverroes.juntadeandalucia.es\/ceipsanfernandoalmeria\/wp-json\/wp\/v2\/pages\/870"}],"collection":[{"href":"https:\/\/blogsaverroes.juntadeandalucia.es\/ceipsanfernandoalmeria\/wp-json\/wp\/v2\/pages"}],"about":[{"href":"https:\/\/blogsaverroes.juntadeandalucia.es\/ceipsanfernandoalmeria\/wp-json\/wp\/v2\/types\/page"}],"author":[{"embeddable":true,"href":"https:\/\/blogsaverroes.juntadeandalucia.es\/ceipsanfernandoalmeria\/wp-json\/wp\/v2\/users\/1"}],"replies":[{"embeddable":true,"href":"https:\/\/blogsaverroes.juntadeandalucia.es\/ceipsanfernandoalmeria\/wp-json\/wp\/v2\/comments?post=870"}],"version-history":[{"count":7,"href":"https:\/\/blogsaverroes.juntadeandalucia.es\/ceipsanfernandoalmeria\/wp-json\/wp\/v2\/pages\/870\/revisions"}],"predecessor-version":[{"id":3329,"href":"https:\/\/blogsaverroes.juntadeandalucia.es\/ceipsanfernandoalmeria\/wp-json\/wp\/v2\/pages\/870\/revisions\/3329"}],"wp:attachment":[{"href":"https:\/\/blogsaverroes.juntadeandalucia.es\/ceipsanfernandoalmeria\/wp-json\/wp\/v2\/media?parent=870"}],"curies":[{"name":"wp","href":"https:\/\/api.w.org\/{rel}","templated":true}]}}