{"id":141,"date":"2015-03-17T07:13:24","date_gmt":"2015-03-17T07:13:24","guid":{"rendered":"http:\/\/blogsaverroes.juntadeandalucia.es\/pre\/ceip\/?page_id=141"},"modified":"2020-02-28T08:25:48","modified_gmt":"2020-02-28T08:25:48","slug":"escolarizacion","status":"publish","type":"page","link":"https:\/\/blogsaverroes.juntadeandalucia.es\/ceipsanfernandocordoba\/escolarizacion\/","title":{"rendered":"Escolarizaci\u00f3n"},"content":{"rendered":"<p><a href=\"http:\/\/www.juntadeandalucia.es\/educacion\/webportal\/web\/portal-escolarizacion\/infantil-primaria-eso-bachillerato\" target=\"_blank\" rel=\"http:\/\/www.juntadeandalucia.es\/educacion\/webportal\/web\/portal-escolarizacion\/infantil-primaria-eso-bachillerato noopener noreferrer\"><img loading=\"lazy\" decoding=\"async\" class=\"alignnone wp-image-3003 size-medium\" src=\"https:\/\/blogsaverroes.juntadeandalucia.es\/ceipsanfernandocordoba\/files\/2020\/02\/escolariza20_21-300x90.png\" alt=\"\" width=\"300\" height=\"90\" srcset=\"https:\/\/blogsaverroes.juntadeandalucia.es\/ceipsanfernandocordoba\/files\/2020\/02\/escolariza20_21-300x90.png 300w, https:\/\/blogsaverroes.juntadeandalucia.es\/ceipsanfernandocordoba\/files\/2020\/02\/escolariza20_21-24x7.png 24w, https:\/\/blogsaverroes.juntadeandalucia.es\/ceipsanfernandocordoba\/files\/2020\/02\/escolariza20_21-36x11.png 36w, https:\/\/blogsaverroes.juntadeandalucia.es\/ceipsanfernandocordoba\/files\/2020\/02\/escolariza20_21-48x14.png 48w, https:\/\/blogsaverroes.juntadeandalucia.es\/ceipsanfernandocordoba\/files\/2020\/02\/escolariza20_21.png 395w\" sizes=\"(max-width: 300px) 100vw, 300px\" \/><\/a><\/p>\n<p>Esta secci\u00f3n puede contener cuanta informaci\u00f3n sea de utilidad para las familias a la hora de de iniciar el proceso de escolarizaci\u00f3n: plazos, documentos, normativa, enlaces, etc.<\/p>\n<p><a title=\"Portal escolarizaci\u00f3n\" href=\"http:\/\/www.juntadeandalucia.es\/educacion\/webportal\/web\/portal-escolarizacion\/infantil-primaria-eso-bachillerato\" target=\"_blank\" rel=\"noopener noreferrer\">Enlace al portal de escolarizaci\u00f3n.<\/a><\/p>\n<p>&nbsp;<\/p>\n<p>En el mes de marzo han de realizarse la solicitudes de admisi\u00f3n en centros, una vez terminado el proceso, se debe realizar la matr\u00edcula (inicios del mes de junio) en el centro en el que haya sido admitido su hijo\/a.<\/p>\n<p><span style=\"color: #000000\"><strong>NORMATIVA<\/strong><\/span><\/p>\n<p><a href=\"http:\/\/www.juntadeandalucia.es\/educacion\/portals\/web\/escolarizacion\/infantil-a-bachillerato\/normativa\">http:\/\/www.juntadeandalucia.es\/educacion\/portals\/web\/escolarizacion\/infantil-a-bachillerato\/normativa<\/a><\/p>\n<p><strong>IMPRESOS<\/strong><\/p>\n<p><a href=\"http:\/\/www.juntadeandalucia.es\/educacion\/portals\/web\/escolarizacion\/infantil-a-bachillerato\/impresos\">http:\/\/www.juntadeandalucia.es\/educacion\/portals\/web\/escolarizacion\/infantil-a-bachillerato\/impresos<\/a><\/p>\n<p><strong>PREGUNTAS FRECUENTES<\/strong><\/p>\n<p><a href=\"http:\/\/www.juntadeandalucia.es\/educacion\/portals\/web\/escolarizacion\/infantil-a-bachillerato\/preguntas-frecuentes\">http:\/\/www.juntadeandalucia.es\/educacion\/portals\/web\/escolarizacion\/infantil-a-bachillerato\/preguntas-frecuentes<\/a><\/p>\n<p>&nbsp;<\/p>\n<div id=\"cc-m-7454824584\" class=\"j-module n j-header \">\n<h3 id=\"cc-m-header-7454824584\" class=\"\">IMPRESOS DE ADMISI\u00d3N (DEL 1 AL 30 DE MARZO)<\/h3>\n<\/div>\n<div id=\"cc-m-9760055784\" class=\"j-module n j-hr \">\n<hr>\n<\/div>\n<div id=\"cc-m-8286167484\" class=\"j-module n j-downloadDocument \">\n<p><a class=\"j-m-dowload\" href=\"https:\/\/ceipteresacomino.jimdofree.com\/app\/download\/8286167484\/ANEXO+III.pdf?t=1559038892\"><img loading=\"lazy\" decoding=\"async\" class=\"downloadImage\" src=\"https:\/\/assets.jimstatic.com\/s\/img\/cc\/icons\/pdf.png\" alt=\"Descarga\" width=\"51\" height=\"51\"><\/a><\/p>\n<div class=\"descriptionContainer\" data-name=\"download-description\">\n<div class=\"cc-m-download-title\">IMPRESO DE ADMISI\u00d3N<\/div>\n<div class=\"cc-m-download-description\">Cumplimentar, imprimir documento y presentar en el centro.<\/div>\n<div class=\"cc-m-download-file\">\n<div class=\"cc-m-download-file-name\">ANEXO III.pdf<\/div>\n<div class=\"cc-m-download-file-info\"><span class=\"cc-m-download-file-type\">Documento Adobe Acrobat<\/span> <span class=\"cc-m-download-file-size\">164.8 KB<\/span><\/div>\n<div>&nbsp;<\/div>\n<\/div>\n<\/div>\n<\/div>\n<div>\n<div id=\"cc-m-8286165784\" class=\"j-module n j-text \">\n<p>DOCUMENTACI\u00d3N PARA ADJUNTAR A LA SOLICITUD DE PLAZA:&nbsp;<\/p>\n<ul>\n<li>Fotocopia de los D.N.I. del padre y la madre o tutores&nbsp;legales.<\/li>\n<li>Fotocopia del libro de familia, solo de la hoja en la que el ni\u00f1o\/a aparece inscrito. En caso de que el solicitante tenga D.N.I. la fotocopia del mismo sustituye al libro de familia.&nbsp;<\/li>\n<\/ul>\n<p><strong>Instrucciones para cumplimentar la solicitud (en p\u00e1ginas 6 y 7):<\/strong><\/p>\n<ul>\n<li>La solicitud de plaza escolar ser\u00e1 \u00fanica y se presentar\u00e1, por duplicado ejemplar, en el centro docente en el que el alumno o alumna pretende ser admitido prioritariamente. La presentaci\u00f3n de la solicitud fuera del plazo establecido, as\u00ed como la presentaci\u00f3n de m\u00e1s de una solicitud, dar\u00e1lugar a la p\u00e9rdida de todos los derechos de prioridad que puedan corresponder al alumno o alumna.<\/li>\n<li>El nombre y apellidos con que la persona interesada participa en el proceso de admisi\u00f3n ser\u00e1n los que figuran de forma literal en la solicitud presentada, de forma que \u00e9sta queda vinculada por los datos que haya hecho constar en la misma.<\/li>\n<li>La solicitud debe cumplimentarse utilizando bol\u00edgrafo azul o negro, con letra clara y legible, preferentemente may\u00fasculas.<\/li>\n<li>La solicitud correspondiente a una persona menor de edad o mayor de edad sometida a patria potestad prorrogada o tutela deber\u00e1 estar firmada por alguna de las personas que ejercen su guarda y custodia, cuyos datos personales deber\u00e1n serconsignados en el apartado 2 correspondiente a la persona guardadora 1.<\/li>\n<li>La solicitud deber\u00e1 acompa\u00f1arse de la documentaci\u00f3n acreditativa de las circunstancias declaradas.<\/li>\n<\/ul>\n<div id=\"cc-m-7454823684\" class=\"j-module n j-header \">\n<h3 id=\"cc-m-header-7454823684\" class=\"\">IMPRESOS DE MATRICULACI\u00d3N (DEL 1 AL 10 DE JUNIO)<\/h3>\n<\/div>\n<div id=\"cc-m-9760055484\" class=\"j-module n j-hr \">\n<hr>\n<\/div>\n<div id=\"cc-m-6868424184\" class=\"j-module n j-downloadDocument \">\n<p><a class=\"j-m-dowload\" href=\"https:\/\/ceipteresacomino.jimdofree.com\/app\/download\/6868424184\/ANEXO+ED.+INFANTIL.pdf?t=1559038892\"> <img loading=\"lazy\" decoding=\"async\" class=\"downloadImage\" src=\"https:\/\/assets.jimstatic.com\/s\/img\/cc\/icons\/pdf.png\" alt=\"Descarga\" width=\"51\" height=\"51\"> <\/a><\/p>\n<div class=\"descriptionContainer\" data-name=\"download-description\">\n<div class=\"cc-m-download-title\">Impreso de Matr\u00edcula Infantil (Autorrellenable)<\/div>\n<div class=\"cc-m-download-file\">\n<div class=\"cc-m-download-file-name\">ANEXO ED. INFANTIL.pdf<\/div>\n<div class=\"cc-m-download-file-info\"><span class=\"cc-m-download-file-type\">Documento Adobe Acrobat<\/span> <span class=\"cc-m-download-file-size\">77.8 KB<\/span><\/div>\n<div>\n<p><a class=\"j-m-dowload\" href=\"https:\/\/ceipteresacomino.jimdofree.com\/app\/download\/9089417484\/ANEXO+PRIMARIA.pdf?t=1559038892\"> <img loading=\"lazy\" decoding=\"async\" class=\"downloadImage\" src=\"https:\/\/assets.jimstatic.com\/s\/img\/cc\/icons\/pdf.png\" alt=\"Descarga\" width=\"51\" height=\"51\"> <\/a><\/p>\n<div class=\"descriptionContainer\" data-name=\"download-description\">\n<div class=\"cc-m-download-title\">Impreso de Matr\u00edcula Primaria (Autorrellenable)<\/div>\n<div class=\"cc-m-download-file\">\n<div class=\"cc-m-download-file-name\">ANEXO PRIMARIA.pdf<\/div>\n<div class=\"cc-m-download-file-info\"><span class=\"cc-m-download-file-type\">Documento Adobe Acrobat<\/span> <span class=\"cc-m-download-file-size\">78.7 KB<\/span><\/div>\n<div>\n<p><a class=\"j-m-dowload\" href=\"https:\/\/ceipteresacomino.jimdofree.com\/app\/download\/7456498984\/ANEXO+AULA+ESPEC%C3%8DFICA.pdf?t=1559038892\"> <img loading=\"lazy\" decoding=\"async\" class=\"downloadImage\" src=\"https:\/\/assets.jimstatic.com\/s\/img\/cc\/icons\/pdf.png\" alt=\"Descarga\" width=\"51\" height=\"51\"> <\/a><\/p>\n<div class=\"descriptionContainer\" data-name=\"download-description\">\n<div class=\"cc-m-download-title\">Impreso de Matr\u00edcula. ANEXO V (Aula Espec\u00edfica)<\/div>\n<div class=\"cc-m-download-description\">Impreso para matriculaci\u00f3n de alumnado en Aula Espec\u00edfica.<\/div>\n<div class=\"cc-m-download-file\">\n<div class=\"cc-m-download-file-name\">ANEXO AULA ESPEC\u00cdFICA.pdf<\/div>\n<div class=\"cc-m-download-file-info\"><span class=\"cc-m-download-file-type\">Documento Adobe Acrobat<\/span> <span class=\"cc-m-download-file-size\">78.7 KB<\/span><\/div>\n<\/div>\n<\/div>\n<\/div>\n<\/div>\n<\/div>\n<\/div>\n<\/div>\n<\/div>\n<\/div>\n<\/div>\n<\/div>\n","protected":false},"excerpt":{"rendered":"<p>Esta secci\u00f3n puede contener cuanta informaci\u00f3n sea de utilidad para las familias a la hora de de iniciar el proceso de escolarizaci\u00f3n: plazos, documentos, normativa, enlaces, etc. Enlace al portal de escolarizaci\u00f3n. &nbsp; En&#46;&#46;&#46;<\/p>\n","protected":false},"author":1,"featured_media":0,"parent":0,"menu_order":0,"comment_status":"closed","ping_status":"open","template":"","meta":{"ngg_post_thumbnail":0,"footnotes":"","_mc_calendar":[]},"aioseo_notices":[],"_links":{"self":[{"href":"https:\/\/blogsaverroes.juntadeandalucia.es\/ceipsanfernandocordoba\/wp-json\/wp\/v2\/pages\/141"}],"collection":[{"href":"https:\/\/blogsaverroes.juntadeandalucia.es\/ceipsanfernandocordoba\/wp-json\/wp\/v2\/pages"}],"about":[{"href":"https:\/\/blogsaverroes.juntadeandalucia.es\/ceipsanfernandocordoba\/wp-json\/wp\/v2\/types\/page"}],"author":[{"embeddable":true,"href":"https:\/\/blogsaverroes.juntadeandalucia.es\/ceipsanfernandocordoba\/wp-json\/wp\/v2\/users\/1"}],"replies":[{"embeddable":true,"href":"https:\/\/blogsaverroes.juntadeandalucia.es\/ceipsanfernandocordoba\/wp-json\/wp\/v2\/comments?post=141"}],"version-history":[{"count":4,"href":"https:\/\/blogsaverroes.juntadeandalucia.es\/ceipsanfernandocordoba\/wp-json\/wp\/v2\/pages\/141\/revisions"}],"predecessor-version":[{"id":3006,"href":"https:\/\/blogsaverroes.juntadeandalucia.es\/ceipsanfernandocordoba\/wp-json\/wp\/v2\/pages\/141\/revisions\/3006"}],"wp:attachment":[{"href":"https:\/\/blogsaverroes.juntadeandalucia.es\/ceipsanfernandocordoba\/wp-json\/wp\/v2\/media?parent=141"}],"curies":[{"name":"wp","href":"https:\/\/api.w.org\/{rel}","templated":true}]}}