{"id":2418,"date":"2019-04-22T20:48:38","date_gmt":"2019-04-22T20:48:38","guid":{"rendered":"https:\/\/blogsaverroes.juntadeandalucia.es\/ceipsanfernandocordoba\/?page_id=2418"},"modified":"2019-09-04T05:56:53","modified_gmt":"2019-09-04T05:56:53","slug":"datos-del-centro","status":"publish","type":"page","link":"https:\/\/blogsaverroes.juntadeandalucia.es\/ceipsanfernandocordoba\/datos-del-centro\/","title":{"rendered":"Datos del centro"},"content":{"rendered":"<p><a href=\"https:\/\/goo.gl\/maps\/6am31Zo7xqkpceLs6\">C.E.I.P. San Fernando<\/a><\/p>\n[googlemaps https:\/\/www.google.com\/maps\/embed?pb=!1m18!1m12!1m3!1d3149.7430083198164!2d-4.781947684762631!3d37.866303214661336!2m3!1f0!2f0!3f0!3m2!1i1024!2i768!4f13.1!3m3!1m2!1s0xd6d2091fc6004c9%3A0x40c3b7cc2c93f782!2sCentro+de+Educacion+Infantil+y+Primaria+San+Fernando!5e0!3m2!1ses!2ses!4v1556035995871!5m2!1ses!2ses&amp;w=600&amp;h=450]\n<h4><strong>Datos de contacto<\/strong><\/h4>\n<p>Colegio P\u00fablico de Educaci\u00f3n Infantil y Primaria San Fernando.<\/p>\n<p><strong>Direcci\u00f3n:<\/strong> C\/ Algeciras, s\/n. 14013 C\u00f3rdoba.<br \/>\n<strong>Tel\u00e9fonos:<\/strong> 957734554 &#8211;&nbsp;957734553.<br \/>\n<strong>Email:<\/strong> sanfernandoceip@gmail.com<\/p>\n<p><strong>www:<\/strong> colesanfernando.es<\/p>\n<h4><strong>Horarios<\/strong><\/h4>\n<p style=\"padding-left: 30px\"><span style=\"color: #1a73e8\">Actividades lectivas:<\/span> De lunes a viernes de 9:00 a 14:00 horas.<\/p>\n<p style=\"padding-left: 30px\"><span style=\"color: #1a73e8\">Plan de Apertura (Comedor):<\/span> De lunes a viernes de 14:00 a 16:00 horas.<\/p>\n<p style=\"padding-left: 30px\"><span style=\"color: #1a73e8\">Actividades fuera del horario escolar:<\/span><\/p>\n<p style=\"padding-left: 30px\">&#8211; <em>Organizadas por ADECOR en colaboraci\u00f3n con el AMPA<\/em>:<\/p>\n<ul>\n<li style=\"margin-left: 90px\"><span style=\"color: #1a73e8\">Ludoteca ma\u00f1anera<\/span>: De lunes a viernes de 8:00 a 9:00 horas.<\/li>\n<li style=\"margin-left: 90px\"><span style=\"color: #1a73e8\">F\u00fatbol sala<\/span>: Lunes y mi\u00e9rcoles de 16:00 a 18:00 horas.<\/li>\n<li style=\"margin-left: 90px\"><span style=\"color: #1a73e8\">Zumba Kids:<\/span> lunes y mi\u00e9rcoles de 16:00 a 18:00 horas.<\/li>\n<li style=\"margin-left: 90px\"><span style=\"color: #1a73e8\">Escuela Deportiva de Baloncesto:<\/span> martes y jueves de 17:00 a 18:30 horas.<\/li>\n<li style=\"margin-left: 90px\"><span style=\"color: #1a73e8\">T\u00e9cnicas de estudio en ingl\u00e9s:<\/span> Martes y jueves de 16:00 a 17:00 horas.<\/li>\n<\/ul>\n<p><span style=\"color: #3366ff\">&nbsp;&nbsp;&nbsp;&nbsp;&nbsp; Pendientes de aprobaci\u00f3n para este curso:<\/span><\/p>\n<p style=\"padding-left: 30px\">&#8211; Organizadas por Club Deportivo C\u00f3rdoba Guadalquivir:<\/p>\n<ul>\n<li style=\"margin-left: 90px\"><span style=\"color: #1a73e8\">Voleibol<\/span> Martes y Jueves 16:30 a 18:30 horas.<\/li>\n<\/ul>\n<h4><strong>Oferta educativa<\/strong><\/h4>\n<ul style=\"padding: 2px\">\n<li style=\"padding: 2px\"><span style=\"color: #1a73e8\"><a style=\"padding: 2px\" href=\"http:\/\/www.juntadeandalucia.es\/educacion\/portals\/web\/ced\/infantil-2-ciclo\"><b><span style=\"color: #1a73e8\">Segundo ciclo de Educaci\u00f3n Infantil.<\/span><\/b><\/a><\/span><\/li>\n<li style=\"padding: 2px\"><a style=\"padding: 2px;color: #1a73e8\" href=\"http:\/\/www.juntadeandalucia.es\/educacion\/portals\/web\/ced\/descripcion-de-la-etapa\"><b><span style=\"color: #1a73e8\">Educaci\u00f3n Primaria<\/span><\/b><\/a>.<\/li>\n<li style=\"padding: 2px\"><a style=\"padding: 2px;color: #1a73e8\" href=\"http:\/\/www.juntadeandalucia.es\/educacion\/portals\/web\/ced\/atencion-diversidad\"><b><span style=\"color: #1a73e8\">Educaci\u00f3n B\u00e1sica Especial.<\/span><\/b><\/a>\n<ul style=\"margin-left: 4px\">\n<li style=\"padding: 2px;border-bottom: 1px dotted #aaa;list-style-type: none\"><img decoding=\"async\" src=\"http:\/\/www.juntadeandalucia.es\/educacion\/vscripts\/centros\/datoscuract\/archivos\/bullet03.gif\" alt=\"\">&nbsp;Educaci\u00f3n especial apoyo a la integraci\u00f3n<\/li>\n<li style=\"padding: 2px;border-bottom: 1px dotted #aaa;list-style-type: none\"><img decoding=\"async\" src=\"http:\/\/www.juntadeandalucia.es\/educacion\/vscripts\/centros\/datoscuract\/archivos\/bullet03.gif\" alt=\"\">&nbsp;Audici\u00f3n y lenguaje apoyo a la integraci\u00f3n<\/li>\n<\/ul>\n<\/li>\n<\/ul>\n<h6>Adscripci\u00f3n<\/h6>\n<p>Nuestro alumnado tiene garantizada una plaza de 1\u00ba de E.S.O. en el&nbsp;<span style=\"color: #1a73e8\"> I.E.S.&nbsp;Averroes&nbsp;(14002984).<\/span><\/p>\n<h4>Instalaciones<\/h4>\n<p><!-- default-view.php -->\n<div\n\tclass=\"ngg-galleryoverview default-view\n\t ngg-ajax-pagination-none\t\"\n\tid=\"ngg-gallery-7bd57b0a1e84a07a972d91eb4118437e-1\">\n\n\t\t<!-- Thumbnails -->\n\t\t\t\t<div id=\"ngg-image-0\" class=\"ngg-gallery-thumbnail-box\n\t\t\t\t\t\t\t\t\t\t\t\"\n\t\t\t>\n\t\t\t\t\t\t<div class=\"ngg-gallery-thumbnail\">\n\t\t\t<a href=\"https:\/\/blogsaverroes.juntadeandalucia.es\/ceipsanfernandocordoba\/wp-content\/uploads\/sites\/792\/nggallery\/instalaciones\/Inst_01.JPG\"\n\t\t\t\ttitle=\"\"\n\t\t\t\tdata-src=\"https:\/\/blogsaverroes.juntadeandalucia.es\/ceipsanfernandocordoba\/wp-content\/uploads\/sites\/792\/nggallery\/instalaciones\/Inst_01.JPG\"\n\t\t\t\tdata-thumbnail=\"https:\/\/blogsaverroes.juntadeandalucia.es\/ceipsanfernandocordoba\/wp-content\/uploads\/sites\/792\/nggallery\/instalaciones\/thumbs\/thumbs_Inst_01.JPG\"\n\t\t\t\tdata-image-id=\"30\"\n\t\t\t\tdata-title=\"Inst_01\"\n\t\t\t\tdata-description=\"\"\n\t\t\t\tdata-image-slug=\"inst_01\"\n\t\t\t\tclass=\"ngg-fancybox\" rel=\"7bd57b0a1e84a07a972d91eb4118437e\">\n\t\t\t\t<img\n\t\t\t\t\ttitle=\"Inst_01\"\n\t\t\t\t\talt=\"Inst_01\"\n\t\t\t\t\tsrc=\"https:\/\/blogsaverroes.juntadeandalucia.es\/ceipsanfernandocordoba\/wp-content\/uploads\/sites\/792\/nggallery\/instalaciones\/thumbs\/thumbs_Inst_01.JPG\"\n\t\t\t\t\twidth=\"120\"\n\t\t\t\t\theight=\"90\"\n\t\t\t\t\tstyle=\"max-width:100%;\"\n\t\t\t\t\/>\n\t\t\t<\/a>\n\t\t<\/div>\n\t\t\t\t\t\t\t<\/div>\n\t\t\t\n\t\t\t\t<div id=\"ngg-image-1\" class=\"ngg-gallery-thumbnail-box\n\t\t\t\t\t\t\t\t\t\t\t\"\n\t\t\t>\n\t\t\t\t\t\t<div class=\"ngg-gallery-thumbnail\">\n\t\t\t<a href=\"https:\/\/blogsaverroes.juntadeandalucia.es\/ceipsanfernandocordoba\/wp-content\/uploads\/sites\/792\/nggallery\/instalaciones\/Inst_02.JPG\"\n\t\t\t\ttitle=\"\"\n\t\t\t\tdata-src=\"https:\/\/blogsaverroes.juntadeandalucia.es\/ceipsanfernandocordoba\/wp-content\/uploads\/sites\/792\/nggallery\/instalaciones\/Inst_02.JPG\"\n\t\t\t\tdata-thumbnail=\"https:\/\/blogsaverroes.juntadeandalucia.es\/ceipsanfernandocordoba\/wp-content\/uploads\/sites\/792\/nggallery\/instalaciones\/thumbs\/thumbs_Inst_02.JPG\"\n\t\t\t\tdata-image-id=\"31\"\n\t\t\t\tdata-title=\"Inst_02\"\n\t\t\t\tdata-description=\"\"\n\t\t\t\tdata-image-slug=\"inst_02\"\n\t\t\t\tclass=\"ngg-fancybox\" rel=\"7bd57b0a1e84a07a972d91eb4118437e\">\n\t\t\t\t<img\n\t\t\t\t\ttitle=\"Inst_02\"\n\t\t\t\t\talt=\"Inst_02\"\n\t\t\t\t\tsrc=\"https:\/\/blogsaverroes.juntadeandalucia.es\/ceipsanfernandocordoba\/wp-content\/uploads\/sites\/792\/nggallery\/instalaciones\/thumbs\/thumbs_Inst_02.JPG\"\n\t\t\t\t\twidth=\"120\"\n\t\t\t\t\theight=\"90\"\n\t\t\t\t\tstyle=\"max-width:100%;\"\n\t\t\t\t\/>\n\t\t\t<\/a>\n\t\t<\/div>\n\t\t\t\t\t\t\t<\/div>\n\t\t\t\n\t\t\t\t<div id=\"ngg-image-2\" class=\"ngg-gallery-thumbnail-box\n\t\t\t\t\t\t\t\t\t\t\t\"\n\t\t\t>\n\t\t\t\t\t\t<div class=\"ngg-gallery-thumbnail\">\n\t\t\t<a href=\"https:\/\/blogsaverroes.juntadeandalucia.es\/ceipsanfernandocordoba\/wp-content\/uploads\/sites\/792\/nggallery\/instalaciones\/Inst_03.JPG\"\n\t\t\t\ttitle=\"\"\n\t\t\t\tdata-src=\"https:\/\/blogsaverroes.juntadeandalucia.es\/ceipsanfernandocordoba\/wp-content\/uploads\/sites\/792\/nggallery\/instalaciones\/Inst_03.JPG\"\n\t\t\t\tdata-thumbnail=\"https:\/\/blogsaverroes.juntadeandalucia.es\/ceipsanfernandocordoba\/wp-content\/uploads\/sites\/792\/nggallery\/instalaciones\/thumbs\/thumbs_Inst_03.JPG\"\n\t\t\t\tdata-image-id=\"32\"\n\t\t\t\tdata-title=\"Inst_03\"\n\t\t\t\tdata-description=\"\"\n\t\t\t\tdata-image-slug=\"inst_03\"\n\t\t\t\tclass=\"ngg-fancybox\" rel=\"7bd57b0a1e84a07a972d91eb4118437e\">\n\t\t\t\t<img\n\t\t\t\t\ttitle=\"Inst_03\"\n\t\t\t\t\talt=\"Inst_03\"\n\t\t\t\t\tsrc=\"https:\/\/blogsaverroes.juntadeandalucia.es\/ceipsanfernandocordoba\/wp-content\/uploads\/sites\/792\/nggallery\/instalaciones\/thumbs\/thumbs_Inst_03.JPG\"\n\t\t\t\t\twidth=\"120\"\n\t\t\t\t\theight=\"90\"\n\t\t\t\t\tstyle=\"max-width:100%;\"\n\t\t\t\t\/>\n\t\t\t<\/a>\n\t\t<\/div>\n\t\t\t\t\t\t\t<\/div>\n\t\t\t\n\t\t\t\t<div id=\"ngg-image-3\" class=\"ngg-gallery-thumbnail-box\n\t\t\t\t\t\t\t\t\t\t\t\"\n\t\t\t>\n\t\t\t\t\t\t<div class=\"ngg-gallery-thumbnail\">\n\t\t\t<a href=\"https:\/\/blogsaverroes.juntadeandalucia.es\/ceipsanfernandocordoba\/wp-content\/uploads\/sites\/792\/nggallery\/instalaciones\/Inst_04.JPG\"\n\t\t\t\ttitle=\"\"\n\t\t\t\tdata-src=\"https:\/\/blogsaverroes.juntadeandalucia.es\/ceipsanfernandocordoba\/wp-content\/uploads\/sites\/792\/nggallery\/instalaciones\/Inst_04.JPG\"\n\t\t\t\tdata-thumbnail=\"https:\/\/blogsaverroes.juntadeandalucia.es\/ceipsanfernandocordoba\/wp-content\/uploads\/sites\/792\/nggallery\/instalaciones\/thumbs\/thumbs_Inst_04.JPG\"\n\t\t\t\tdata-image-id=\"33\"\n\t\t\t\tdata-title=\"Inst_04\"\n\t\t\t\tdata-description=\"\"\n\t\t\t\tdata-image-slug=\"inst_04\"\n\t\t\t\tclass=\"ngg-fancybox\" rel=\"7bd57b0a1e84a07a972d91eb4118437e\">\n\t\t\t\t<img\n\t\t\t\t\ttitle=\"Inst_04\"\n\t\t\t\t\talt=\"Inst_04\"\n\t\t\t\t\tsrc=\"https:\/\/blogsaverroes.juntadeandalucia.es\/ceipsanfernandocordoba\/wp-content\/uploads\/sites\/792\/nggallery\/instalaciones\/thumbs\/thumbs_Inst_04.JPG\"\n\t\t\t\t\twidth=\"120\"\n\t\t\t\t\theight=\"90\"\n\t\t\t\t\tstyle=\"max-width:100%;\"\n\t\t\t\t\/>\n\t\t\t<\/a>\n\t\t<\/div>\n\t\t\t\t\t\t\t<\/div>\n\t\t\t\n\t\t\t\t<div id=\"ngg-image-4\" class=\"ngg-gallery-thumbnail-box\n\t\t\t\t\t\t\t\t\t\t\t\"\n\t\t\t>\n\t\t\t\t\t\t<div class=\"ngg-gallery-thumbnail\">\n\t\t\t<a href=\"https:\/\/blogsaverroes.juntadeandalucia.es\/ceipsanfernandocordoba\/wp-content\/uploads\/sites\/792\/nggallery\/instalaciones\/Inst_05.JPG\"\n\t\t\t\ttitle=\"\"\n\t\t\t\tdata-src=\"https:\/\/blogsaverroes.juntadeandalucia.es\/ceipsanfernandocordoba\/wp-content\/uploads\/sites\/792\/nggallery\/instalaciones\/Inst_05.JPG\"\n\t\t\t\tdata-thumbnail=\"https:\/\/blogsaverroes.juntadeandalucia.es\/ceipsanfernandocordoba\/wp-content\/uploads\/sites\/792\/nggallery\/instalaciones\/thumbs\/thumbs_Inst_05.JPG\"\n\t\t\t\tdata-image-id=\"34\"\n\t\t\t\tdata-title=\"Inst_05\"\n\t\t\t\tdata-description=\"\"\n\t\t\t\tdata-image-slug=\"inst_05\"\n\t\t\t\tclass=\"ngg-fancybox\" rel=\"7bd57b0a1e84a07a972d91eb4118437e\">\n\t\t\t\t<img\n\t\t\t\t\ttitle=\"Inst_05\"\n\t\t\t\t\talt=\"Inst_05\"\n\t\t\t\t\tsrc=\"https:\/\/blogsaverroes.juntadeandalucia.es\/ceipsanfernandocordoba\/wp-content\/uploads\/sites\/792\/nggallery\/instalaciones\/thumbs\/thumbs_Inst_05.JPG\"\n\t\t\t\t\twidth=\"120\"\n\t\t\t\t\theight=\"90\"\n\t\t\t\t\tstyle=\"max-width:100%;\"\n\t\t\t\t\/>\n\t\t\t<\/a>\n\t\t<\/div>\n\t\t\t\t\t\t\t<\/div>\n\t\t\t\n\t\t\t\t<div id=\"ngg-image-5\" class=\"ngg-gallery-thumbnail-box\n\t\t\t\t\t\t\t\t\t\t\t\"\n\t\t\t>\n\t\t\t\t\t\t<div class=\"ngg-gallery-thumbnail\">\n\t\t\t<a href=\"https:\/\/blogsaverroes.juntadeandalucia.es\/ceipsanfernandocordoba\/wp-content\/uploads\/sites\/792\/nggallery\/instalaciones\/Inst_06.JPG\"\n\t\t\t\ttitle=\"\"\n\t\t\t\tdata-src=\"https:\/\/blogsaverroes.juntadeandalucia.es\/ceipsanfernandocordoba\/wp-content\/uploads\/sites\/792\/nggallery\/instalaciones\/Inst_06.JPG\"\n\t\t\t\tdata-thumbnail=\"https:\/\/blogsaverroes.juntadeandalucia.es\/ceipsanfernandocordoba\/wp-content\/uploads\/sites\/792\/nggallery\/instalaciones\/thumbs\/thumbs_Inst_06.JPG\"\n\t\t\t\tdata-image-id=\"35\"\n\t\t\t\tdata-title=\"Inst_06\"\n\t\t\t\tdata-description=\"\"\n\t\t\t\tdata-image-slug=\"inst_06\"\n\t\t\t\tclass=\"ngg-fancybox\" rel=\"7bd57b0a1e84a07a972d91eb4118437e\">\n\t\t\t\t<img\n\t\t\t\t\ttitle=\"Inst_06\"\n\t\t\t\t\talt=\"Inst_06\"\n\t\t\t\t\tsrc=\"https:\/\/blogsaverroes.juntadeandalucia.es\/ceipsanfernandocordoba\/wp-content\/uploads\/sites\/792\/nggallery\/instalaciones\/thumbs\/thumbs_Inst_06.JPG\"\n\t\t\t\t\twidth=\"120\"\n\t\t\t\t\theight=\"90\"\n\t\t\t\t\tstyle=\"max-width:100%;\"\n\t\t\t\t\/>\n\t\t\t<\/a>\n\t\t<\/div>\n\t\t\t\t\t\t\t<\/div>\n\t\t\t\n\t\t\t\t<div id=\"ngg-image-6\" class=\"ngg-gallery-thumbnail-box\n\t\t\t\t\t\t\t\t\t\t\t\"\n\t\t\t>\n\t\t\t\t\t\t<div class=\"ngg-gallery-thumbnail\">\n\t\t\t<a href=\"https:\/\/blogsaverroes.juntadeandalucia.es\/ceipsanfernandocordoba\/wp-content\/uploads\/sites\/792\/nggallery\/instalaciones\/Inst_07.JPG\"\n\t\t\t\ttitle=\"\"\n\t\t\t\tdata-src=\"https:\/\/blogsaverroes.juntadeandalucia.es\/ceipsanfernandocordoba\/wp-content\/uploads\/sites\/792\/nggallery\/instalaciones\/Inst_07.JPG\"\n\t\t\t\tdata-thumbnail=\"https:\/\/blogsaverroes.juntadeandalucia.es\/ceipsanfernandocordoba\/wp-content\/uploads\/sites\/792\/nggallery\/instalaciones\/thumbs\/thumbs_Inst_07.JPG\"\n\t\t\t\tdata-image-id=\"36\"\n\t\t\t\tdata-title=\"Inst_07\"\n\t\t\t\tdata-description=\"\"\n\t\t\t\tdata-image-slug=\"inst_07\"\n\t\t\t\tclass=\"ngg-fancybox\" rel=\"7bd57b0a1e84a07a972d91eb4118437e\">\n\t\t\t\t<img\n\t\t\t\t\ttitle=\"Inst_07\"\n\t\t\t\t\talt=\"Inst_07\"\n\t\t\t\t\tsrc=\"https:\/\/blogsaverroes.juntadeandalucia.es\/ceipsanfernandocordoba\/wp-content\/uploads\/sites\/792\/nggallery\/instalaciones\/thumbs\/thumbs_Inst_07.JPG\"\n\t\t\t\t\twidth=\"120\"\n\t\t\t\t\theight=\"90\"\n\t\t\t\t\tstyle=\"max-width:100%;\"\n\t\t\t\t\/>\n\t\t\t<\/a>\n\t\t<\/div>\n\t\t\t\t\t\t\t<\/div>\n\t\t\t\n\t\n\t<br style=\"clear: both\" \/>\n\n\t\t<div class=\"slideshowlink\">\n\t\t<a href='https:\/\/blogsaverroes.juntadeandalucia.es\/ceipsanfernandocordoba\/datos-del-centro\/nggallery\/slideshow'>[Mostrar presentaci\u00f3n de diapositivas]<\/a>\n\n\t<\/div>\n\t\n\t\t<!-- Pagination -->\n\t\t<div class='ngg-clear'><\/div>\t<\/div>\n<\/p>\n","protected":false},"excerpt":{"rendered":"<p>C.E.I.P. San Fernando [googlemaps https:\/\/www.google.com\/maps\/embed?pb=!1m18!1m12!1m3!1d3149.7430083198164!2d-4.781947684762631!3d37.866303214661336!2m3!1f0!2f0!3f0!3m2!1i1024!2i768!4f13.1!3m3!1m2!1s0xd6d2091fc6004c9%3A0x40c3b7cc2c93f782!2sCentro+de+Educacion+Infantil+y+Primaria+San+Fernando!5e0!3m2!1ses!2ses!4v1556035995871!5m2!1ses!2ses&amp;w=600&amp;h=450] Datos de contacto Colegio P\u00fablico de Educaci\u00f3n Infantil y Primaria San Fernando. Direcci\u00f3n: C\/ Algeciras, s\/n. 14013 C\u00f3rdoba. Tel\u00e9fonos: 957734554 &#8211;&nbsp;957734553. Email: sanfernandoceip@gmail.com www: colesanfernando.es Horarios Actividades lectivas: De&#46;&#46;&#46;<\/p>\n","protected":false},"author":7337,"featured_media":0,"parent":0,"menu_order":0,"comment_status":"closed","ping_status":"closed","template":"","meta":{"ngg_post_thumbnail":0,"footnotes":"","_mc_calendar":[]},"aioseo_notices":[],"_links":{"self":[{"href":"https:\/\/blogsaverroes.juntadeandalucia.es\/ceipsanfernandocordoba\/wp-json\/wp\/v2\/pages\/2418"}],"collection":[{"href":"https:\/\/blogsaverroes.juntadeandalucia.es\/ceipsanfernandocordoba\/wp-json\/wp\/v2\/pages"}],"about":[{"href":"https:\/\/blogsaverroes.juntadeandalucia.es\/ceipsanfernandocordoba\/wp-json\/wp\/v2\/types\/page"}],"author":[{"embeddable":true,"href":"https:\/\/blogsaverroes.juntadeandalucia.es\/ceipsanfernandocordoba\/wp-json\/wp\/v2\/users\/7337"}],"replies":[{"embeddable":true,"href":"https:\/\/blogsaverroes.juntadeandalucia.es\/ceipsanfernandocordoba\/wp-json\/wp\/v2\/comments?post=2418"}],"version-history":[{"count":13,"href":"https:\/\/blogsaverroes.juntadeandalucia.es\/ceipsanfernandocordoba\/wp-json\/wp\/v2\/pages\/2418\/revisions"}],"predecessor-version":[{"id":2742,"href":"https:\/\/blogsaverroes.juntadeandalucia.es\/ceipsanfernandocordoba\/wp-json\/wp\/v2\/pages\/2418\/revisions\/2742"}],"wp:attachment":[{"href":"https:\/\/blogsaverroes.juntadeandalucia.es\/ceipsanfernandocordoba\/wp-json\/wp\/v2\/media?parent=2418"}],"curies":[{"name":"wp","href":"https:\/\/api.w.org\/{rel}","templated":true}]}}