{"id":2451,"date":"2019-04-27T20:04:31","date_gmt":"2019-04-27T20:04:31","guid":{"rendered":"https:\/\/blogsaverroes.juntadeandalucia.es\/ceipsanfernandocordoba\/?page_id=2451"},"modified":"2019-05-01T08:59:36","modified_gmt":"2019-05-01T08:59:36","slug":"plan-de-centro","status":"publish","type":"page","link":"https:\/\/blogsaverroes.juntadeandalucia.es\/ceipsanfernandocordoba\/plan-de-centro\/","title":{"rendered":"Plan de Centro"},"content":{"rendered":"<p style=\"text-align: justify\"><a href=\"https:\/\/edhu.es\/plandecentro\" target=\"_blank\" rel=\"noopener\"><!-- This slideshow output is generated with Advanced post slider a multipurpose responsive WordPress slideshow plugin - http:\/\/www.wpcue.com\/wordpress-plugins\/advanced-post-slider\/ -->\r\n<style>\r\n#advps_container2 .bx-wrapper .bx-viewport {\r\n\t\tbackground:#FFFFFF;\r\n}\r\n#advps_container2 .bx-wrapper .bx-pager{\r\n\ttext-align: center;\r\n\t;\r\n}\r\n#advps_container2 .bx-wrapper .bx-pager\r\n{\r\n\tbottom:-35px;\r\n\tz-index:999;\r\n}\r\n#advps_container2 .bx-wrapper .bx-controls-auto\r\n{\r\n\tbottom:6px;\r\n}\r\n#advps_container2 .bx-wrapper .bx-controls.bx-has-controls-auto.bx-has-pager .bx-pager {\r\n\ttext-align: center;\r\n}\r\n#advps_container2 .bx-wrapper .bx-controls-auto {\r\n\tz-index:99999;\r\n\ttext-align:center;width:100%;}\r\n\r\n#advps_container2 .bx-wrapper .bx-pager.bx-default-pager a {\r\n\tbackground: #666;\r\n\ttext-indent: -9999px;\r\n\tdisplay: block;\r\n\twidth: 10px;\r\n\theight: 10px;\r\n\tmargin: 0 5px;\r\n\toutline: 0;\r\n\t-moz-border-radius: 5px;\r\n\t-webkit-border-radius: 5px;\r\n\tborder-radius: 5px;\r\n\ttext-align:left;\r\n}\r\n#advps_container2 .bx-wrapper .bx-pager.bx-default-pager a:hover,\r\n#advps_container2 .bx-wrapper .bx-pager.bx-default-pager a.active {\r\n\tbackground: #000;\r\n}\r\n\r\n\/* thumbnail pager*\/\r\n#advps_container2 #bx-pager\r\n{\r\n\twidth:100%;\r\n\tposition:absolute;\r\n\tbottom:-35px;\r\n    text-align: center;\r\n\tz-index: 9999;\r\n}\r\n#advps_container2 #bx-pager a img\r\n{\r\n\tborder: 1px solid #CCCCCC;\r\n    padding: 3px;\r\n}\r\n#advps_container2 #bx-pager a:hover img, #advps_container2 #bx-pager a.active img\r\n{\r\n\tborder: 1px solid #666666;\r\n}\r\n\/* medai queries *\/\r\n#advps_container2 .advs-title,#advps_container2 .advs-title a\r\n{\r\n\tfont-size:20px;\r\n\tline-height:20px;\r\n}\r\n#advps_container2 .advps-slide p\r\n{\r\n\tfont-size:14px;\r\n\tline-height:14px;\r\n}\r\n@media screen and (max-width: 1024px){\r\n\t#advps_container2 .advs-title,#advps_container2 .advs-title a\r\n\t{\r\n\t\tfont-size:18px;\r\n\t\tline-height:18px;\r\n\t}\r\n\t#advps_container2 .advps-slide p\r\n\t{\r\n\t\tfont-size:12px;\r\n\t\tline-height:12px;\r\n\t}\r\n}\r\n@media screen and (max-width: 768px){\r\n\t#advps_container2 h2.advs-title, #advps_container2 h2.advs-title a\r\n\t{\r\n\t\tfont-size:16px;\r\n\t\tline-height:16px;\r\n\t}\r\n\t#advps_container2 .advps-slide p\r\n\t{\r\n\t\tfont-size:12px;\r\n\t\tline-height:12px;\r\n\t}\r\n}\r\n@media screen and (max-width: 650px){\r\n\t#advps_container2 h2.advs-title, #advps_container2 h2.advs-title a\r\n\t{\r\n\t\tfont-size:15px;\r\n\t\tline-height:15px;\r\n\t}\r\n\t#advps_container2 .advps-slide p\r\n\t{\r\n\t\tfont-size:12px;\r\n\t\tline-height:12px;\r\n\t}\r\n}\r\n@media screen and (max-width: 480px){\r\n\t#advps_container2 h2.advs-title, #advps_container2 h2.advs-title a\r\n\t{\r\n\t\tfont-size:15px;\r\n\t\tline-height:15px;\r\n\t}\r\n\t#advps_container2 .advps-slide p\r\n\t{\r\n\t\tfont-size:12px;\r\n\t\tline-height:12px;\r\n\t}\r\n}\r\n@media screen and (max-width: 320px){\r\n\t#advps_container2 h2.advs-title, #advps_container2 h2.advs-title a\r\n\t{\r\n\t\tfont-size:15px;\r\n\t\tline-height:15px;\r\n\t}\r\n\t#advps_container2 .advps-slide p\r\n\t{\r\n\t\tfont-size:12px;\r\n\t\tline-height:12px;\r\n\t}\r\n}\r\n<\/style>\r\n<script type=\"text\/javascript\">\r\n\t\tjQuery(document).ready(function($){\r\n\t\t\t$('#advpsslideshow_2').bxSlider({\r\n\t\t\t\tuseCSS:1,\r\n\t\t\t\tslideMargin: 0,\r\n\t\t\t\tspeed: 2000,\t\t\t\t\r\n\t\t\t\t\t\t\t\tminSlides: 2,\r\n  \t\t\t\tmaxSlides: 2,\r\n  \t\t\t\tslideWidth: 180,\r\n\t\t\t\t\t\t\t\t\t\t\t\tauto: 1,\r\n\t\t\t\tautoHover: 1,\r\n\t\t\t\tpause: 3000,\r\n\t\t\t\teasing: 'linear',\r\n\t\t\t\tcontrols: 1,\r\n\t\t\t\tpager: 1,\r\n  \t\t\t\tautoControls: 1\t\t\t\t\t\t\t});\r\n\t\t\t\t\t\t$(\"#advpsslideshow_2 .advps-slide\").hover(function(){\r\n\t\t\t\t  \t\t\t},function(){\r\n\t\t\t\t\t\t\t});\r\n\t\t});\r\n\t<\/script>\r\n<div id=\"advps_container2\" class=\"advps-slide-container\" style=\"overflow:hidden;max-width:600px;\">\r\n \r\n  <div id=\"advpsslideshow_2\">\r\n        <div class=\"advps-slide\">\r\n    \t<a target=\"_self\" href=\"https:\/\/blogsaverroes.juntadeandalucia.es\/ceipsanfernandocordoba\/proyecto-educativo-2\/\" >        <img loading=\"lazy\" decoding=\"async\" src=\"https:\/\/blogsaverroes.juntadeandalucia.es\/ceipsanfernandocordoba\/files\/2019\/04\/PlanCentro_Pr_Ed-600x220.png\" width=\"600\" height=\"220\" alt=\"Proyecto Educativo\" \/>        <\/a>    <\/div>\r\n        <div class=\"advps-slide\">\r\n    \t<a target=\"_self\" href=\"https:\/\/blogsaverroes.juntadeandalucia.es\/ceipsanfernandocordoba\/proyecto-de-gestion\/\" >        <img loading=\"lazy\" decoding=\"async\" src=\"https:\/\/blogsaverroes.juntadeandalucia.es\/ceipsanfernandocordoba\/files\/2019\/04\/PlanCentro_Pr_Ges-600x220.png\" width=\"600\" height=\"220\" alt=\"Proyecto de Gesti\u00f3n\" \/>        <\/a>    <\/div>\r\n        <div class=\"advps-slide\">\r\n    \t<a target=\"_self\" href=\"https:\/\/blogsaverroes.juntadeandalucia.es\/ceipsanfernandocordoba\/r-o-f\/\" >        <img loading=\"lazy\" decoding=\"async\" src=\"https:\/\/blogsaverroes.juntadeandalucia.es\/ceipsanfernandocordoba\/files\/2019\/04\/PlanCentro_Pr_ROF-600x220.png\" width=\"600\" height=\"220\" alt=\"R.O.F.\" \/>        <\/a>    <\/div>\r\n      <\/div>\r\n  <\/div><!-- end advps-slide-container -->\r\n<!-- \/ Advanced post slider a multipurpose responsive slideshow plugin -->\r\n<img loading=\"lazy\" decoding=\"async\" width=\"300\" height=\"212\" class=\"size-medium wp-image-2469 alignleft\" alt=\"\" src=\"https:\/\/blogsaverroes.juntadeandalucia.es\/ceipsanfernandocordoba\/files\/2019\/04\/PlandeCentro4-300x212.png\" srcset=\"https:\/\/blogsaverroes.juntadeandalucia.es\/ceipsanfernandocordoba\/files\/2019\/04\/PlandeCentro4-300x212.png 300w, https:\/\/blogsaverroes.juntadeandalucia.es\/ceipsanfernandocordoba\/files\/2019\/04\/PlandeCentro4-768x543.png 768w, https:\/\/blogsaverroes.juntadeandalucia.es\/ceipsanfernandocordoba\/files\/2019\/04\/PlandeCentro4-1024x724.png 1024w, https:\/\/blogsaverroes.juntadeandalucia.es\/ceipsanfernandocordoba\/files\/2019\/04\/PlandeCentro4-700x495.png 700w, https:\/\/blogsaverroes.juntadeandalucia.es\/ceipsanfernandocordoba\/files\/2019\/04\/PlandeCentro4-24x17.png 24w, https:\/\/blogsaverroes.juntadeandalucia.es\/ceipsanfernandocordoba\/files\/2019\/04\/PlandeCentro4-36x25.png 36w, https:\/\/blogsaverroes.juntadeandalucia.es\/ceipsanfernandocordoba\/files\/2019\/04\/PlandeCentro4-48x34.png 48w, https:\/\/blogsaverroes.juntadeandalucia.es\/ceipsanfernandocordoba\/files\/2019\/04\/PlandeCentro4.png 1280w\" sizes=\"(max-width: 300px) 100vw, 300px\" \/><\/a><\/p>\n<p style=\"text-align: justify\">El Plan de Centro es el documento institucional que recoge los acuerdos y normas que en consonancia con los valores, los objetivos y las prioridades de nuestro centro se convierte en el referente fundamental para el buen desarrollo de nuestra actuaci\u00f3n educativa, y en general, de todas las actuaciones de la Comunidad Educativa, en el marco de la autonom\u00eda que las leyes establecidas conceden, y, siempre, en el cumplimiento de las mismas.<\/p>\n<p style=\"text-align: justify\">La Ley Org\u00e1nica 2\/2006, de 3 de mayo, de Educaci\u00f3n&nbsp;(LOE) en su t\u00edtulo V, \u201cParticipaci\u00f3n, autonom\u00eda y gobierno de los centros\u201d, cap\u00edtulo II, dispone que los centros dispondr\u00e1n de autonom\u00eda pedag\u00f3gica, de organizaci\u00f3n y de gesti\u00f3n en el marco de la legislaci\u00f3n vigente y en los t\u00e9rminos recogidos en esta Ley y en las normas que la desarrollen. As\u00ed mismo, los centros docentes dispondr\u00e1n de autonom\u00eda para elaborar, aprobar y ejecutar un proyecto educativo y un proyecto de gesti\u00f3n, as\u00ed como las normas de organizaci\u00f3n y funcionamiento del centro.<\/p>\n<p style=\"text-align: justify\">La LEY 17\/2007, de 10 de diciembre, de Educaci\u00f3n de Andaluc\u00eda (LEA) en tu T\u00edtulo IV (Cap\u00edtulo I), dispone que los centros docentes contar\u00e1n con autonom\u00eda pedag\u00f3gica, de organizaci\u00f3n y de gesti\u00f3n para poder llevar a cabo modelos de funcionamiento propios. Dichos modelos se regir\u00e1n siempre por la legislaci\u00f3n vigente y por las normas que desarrollan la misma.<br \/>\nLos centros concretar\u00e1n sus modelos de funcionamiento propios mediante los correspondientes proyectos educativos, sus reglamentos de organizaci\u00f3n y funcionamiento y, en su caso, proyectos de gesti\u00f3n, los cuales constituyen el Plan de Centro.<br \/>\nEl Plan de Centro ser\u00e1 p\u00fablico y se facilitar\u00e1 su conocimiento por la comunidad educativa y la ciudadan\u00eda en general.<\/p>\n<h3><a href=\"https:\/\/edhu.es\/plandecentro\">El Plan de Centro del CEIP San Fernando<\/a><\/h3>\n<p style=\"text-align: justify\">Elaborado en octubre de 2011 y modificado en junio de 2016, para adaptarlo al nuevo curr\u00edculum de la Educaci\u00f3n Primaria, nuestro Plan de Centro, <strong>se encuentra actualmente en revisi\u00f3n<\/strong> como <strong>objetivo estrat\u00e9gico recogido en el Proyecto de Direcci\u00f3n (<\/strong>2018-2022) <strong>con la finalidad de orientarlo desde y para la mejora de los aprendizajes<\/strong>.<\/p>\n<p style=\"text-align: justify\">Desde su aprobaci\u00f3n hasta ahora ha habido continuos y r\u00e1pidos cambios: globalizaci\u00f3n, acceso a gran cantidad de informaci\u00f3n, multiculturalidad, movilidad, expansi\u00f3n de las nuevas tecnolog\u00edas, etc. Esta realidad hace <strong>necesaria<\/strong> dicha <strong>revisi\u00f3n.<\/strong> Adem\u00e1s, tal y como se recoge en el <strong>Proyecto de Direcci\u00f3n, nuestro Plan de Centro se ha de convertir en un documento \u201cvivo\u201d<\/strong>, como instrumento que recoge y comunica una propuesta integral para orientar coherentemente las pr\u00e1cticas educativas que se llevan a cabo en nuestro colegio y como marco de referencia para la toma de decisiones del centro.<\/p>\n<p><a href=\"https:\/\/edhu.es\/plandecentro\" target=\"_blank\" rel=\"noopener\">Accede a nuestro PLAN DE CENTRO<\/a><\/p>\n<div style=\"width: 1000px;overflow: hidden\">\n<div>\n<p><!-- x-tinymce\/html --><\/p>\n<h3>&nbsp;<\/h3>\n<\/div>\n<\/div>\n","protected":false},"excerpt":{"rendered":"<p>El Plan de Centro es el documento institucional que recoge los acuerdos y normas que en consonancia con los valores, los objetivos y las prioridades de nuestro centro se convierte en el referente fundamental&#46;&#46;&#46;<\/p>\n","protected":false},"author":7337,"featured_media":2469,"parent":0,"menu_order":0,"comment_status":"closed","ping_status":"closed","template":"","meta":{"ngg_post_thumbnail":0,"footnotes":"","_mc_calendar":[]},"aioseo_notices":[],"_links":{"self":[{"href":"https:\/\/blogsaverroes.juntadeandalucia.es\/ceipsanfernandocordoba\/wp-json\/wp\/v2\/pages\/2451"}],"collection":[{"href":"https:\/\/blogsaverroes.juntadeandalucia.es\/ceipsanfernandocordoba\/wp-json\/wp\/v2\/pages"}],"about":[{"href":"https:\/\/blogsaverroes.juntadeandalucia.es\/ceipsanfernandocordoba\/wp-json\/wp\/v2\/types\/page"}],"author":[{"embeddable":true,"href":"https:\/\/blogsaverroes.juntadeandalucia.es\/ceipsanfernandocordoba\/wp-json\/wp\/v2\/users\/7337"}],"replies":[{"embeddable":true,"href":"https:\/\/blogsaverroes.juntadeandalucia.es\/ceipsanfernandocordoba\/wp-json\/wp\/v2\/comments?post=2451"}],"version-history":[{"count":14,"href":"https:\/\/blogsaverroes.juntadeandalucia.es\/ceipsanfernandocordoba\/wp-json\/wp\/v2\/pages\/2451\/revisions"}],"predecessor-version":[{"id":2498,"href":"https:\/\/blogsaverroes.juntadeandalucia.es\/ceipsanfernandocordoba\/wp-json\/wp\/v2\/pages\/2451\/revisions\/2498"}],"wp:featuredmedia":[{"embeddable":true,"href":"https:\/\/blogsaverroes.juntadeandalucia.es\/ceipsanfernandocordoba\/wp-json\/wp\/v2\/media\/2469"}],"wp:attachment":[{"href":"https:\/\/blogsaverroes.juntadeandalucia.es\/ceipsanfernandocordoba\/wp-json\/wp\/v2\/media?parent=2451"}],"curies":[{"name":"wp","href":"https:\/\/api.w.org\/{rel}","templated":true}]}}