{"id":2774,"date":"2019-09-29T10:39:07","date_gmt":"2019-09-29T10:39:07","guid":{"rendered":"https:\/\/blogsaverroes.juntadeandalucia.es\/ceipsanfernandocordoba\/?page_id=2774"},"modified":"2019-09-30T14:57:46","modified_gmt":"2019-09-30T14:57:46","slug":"ipasen","status":"publish","type":"page","link":"https:\/\/blogsaverroes.juntadeandalucia.es\/ceipsanfernandocordoba\/ipasen\/","title":{"rendered":"IPASEN"},"content":{"rendered":"<p style=\"text-align: center\"><a href=\"https:\/\/blogsaverroes.juntadeandalucia.es\/ceipsanfernandocordoba\/files\/2019\/09\/imagen-ipases.png\"><img loading=\"lazy\" decoding=\"async\" class=\"alignnone wp-image-2785\" src=\"https:\/\/blogsaverroes.juntadeandalucia.es\/ceipsanfernandocordoba\/files\/2019\/09\/imagen-ipases.png\" alt=\"\" width=\"177\" height=\"177\" srcset=\"https:\/\/blogsaverroes.juntadeandalucia.es\/ceipsanfernandocordoba\/files\/2019\/09\/imagen-ipases.png 225w, https:\/\/blogsaverroes.juntadeandalucia.es\/ceipsanfernandocordoba\/files\/2019\/09\/imagen-ipases-150x150.png 150w, https:\/\/blogsaverroes.juntadeandalucia.es\/ceipsanfernandocordoba\/files\/2019\/09\/imagen-ipases-100x100.png 100w, https:\/\/blogsaverroes.juntadeandalucia.es\/ceipsanfernandocordoba\/files\/2019\/09\/imagen-ipases-24x24.png 24w, https:\/\/blogsaverroes.juntadeandalucia.es\/ceipsanfernandocordoba\/files\/2019\/09\/imagen-ipases-36x36.png 36w, https:\/\/blogsaverroes.juntadeandalucia.es\/ceipsanfernandocordoba\/files\/2019\/09\/imagen-ipases-48x48.png 48w\" sizes=\"(max-width: 177px) 100vw, 177px\" \/><\/a><\/p>\n<p>&nbsp;<\/p>\n<p>La aplicaci\u00f3n IPASEN nos va a servir para estar en comunicaci\u00f3n con vosotros, consultar las notas, solicitar tutor\u00edas, justificar faltas de vuestros\/as hijos\/as,&#8230;&nbsp;<\/p>\n<p>Os animamos a que os descargu\u00e9is esta aplicaci\u00f3n en vuestro m\u00f3vil; para ello, deb\u00e9is acceder a la siguiente p\u00e1gina<\/p>\n<p><a href=\"https:\/\/play.google.com\/store\/apps\/details?id=juntadeandalucia.ced.pasen&amp;hl=es\" target=\"_blank\" rel=\"noopener noreferrer\">https:\/\/play.google.com\/store\/apps\/details?id=juntadeandalucia.ced.pasen&amp;hl=es<\/a><\/p>\n<p>En este otro enlace podr\u00e9is ver como conseguir el usuario y contrase\u00f1a para poder empezar a utilizar la app<\/p>\n<p><a href=\"http:\/\/portals.ced.junta-andalucia.es\/educacion\/portals\/web\/ced\/pasen\" target=\"_blank\" rel=\"noopener noreferrer\">http:\/\/portals.ced.junta-andalucia.es\/educacion\/portals\/web\/ced\/pasen<\/a><\/p>\n<p>Para conocer m\u00e1s de todas las utilidades que tiene la aplicaci\u00f3n Ipasen pod\u00e9is consultar pinchando en este manual.<\/p>\n<p><a href=\"https:\/\/blogsaverroes.juntadeandalucia.es\/ceipsanfernandocordoba\/files\/2019\/09\/Manual_Pasen_perfil_Tutores-Legales.pdf\" target=\"_blank\" rel=\"noopener noreferrer\">Manual_Pasen_perfil_Tutores Legales<\/a><\/p>\n","protected":false},"excerpt":{"rendered":"<p>&nbsp; La aplicaci\u00f3n IPASEN nos va a servir para estar en comunicaci\u00f3n con vosotros, consultar las notas, solicitar tutor\u00edas, justificar faltas de vuestros\/as hijos\/as,&#8230;&nbsp; Os animamos a que os descargu\u00e9is esta aplicaci\u00f3n en vuestro&#46;&#46;&#46;<\/p>\n","protected":false},"author":7542,"featured_media":0,"parent":0,"menu_order":0,"comment_status":"closed","ping_status":"closed","template":"","meta":{"ngg_post_thumbnail":0,"footnotes":"","_mc_calendar":[]},"aioseo_notices":[],"_links":{"self":[{"href":"https:\/\/blogsaverroes.juntadeandalucia.es\/ceipsanfernandocordoba\/wp-json\/wp\/v2\/pages\/2774"}],"collection":[{"href":"https:\/\/blogsaverroes.juntadeandalucia.es\/ceipsanfernandocordoba\/wp-json\/wp\/v2\/pages"}],"about":[{"href":"https:\/\/blogsaverroes.juntadeandalucia.es\/ceipsanfernandocordoba\/wp-json\/wp\/v2\/types\/page"}],"author":[{"embeddable":true,"href":"https:\/\/blogsaverroes.juntadeandalucia.es\/ceipsanfernandocordoba\/wp-json\/wp\/v2\/users\/7542"}],"replies":[{"embeddable":true,"href":"https:\/\/blogsaverroes.juntadeandalucia.es\/ceipsanfernandocordoba\/wp-json\/wp\/v2\/comments?post=2774"}],"version-history":[{"count":4,"href":"https:\/\/blogsaverroes.juntadeandalucia.es\/ceipsanfernandocordoba\/wp-json\/wp\/v2\/pages\/2774\/revisions"}],"predecessor-version":[{"id":2792,"href":"https:\/\/blogsaverroes.juntadeandalucia.es\/ceipsanfernandocordoba\/wp-json\/wp\/v2\/pages\/2774\/revisions\/2792"}],"wp:attachment":[{"href":"https:\/\/blogsaverroes.juntadeandalucia.es\/ceipsanfernandocordoba\/wp-json\/wp\/v2\/media?parent=2774"}],"curies":[{"name":"wp","href":"https:\/\/api.w.org\/{rel}","templated":true}]}}