{"id":2808,"date":"2019-10-08T05:50:30","date_gmt":"2019-10-08T05:50:30","guid":{"rendered":"https:\/\/blogsaverroes.juntadeandalucia.es\/ceipsanfernandocordoba\/?page_id=2808"},"modified":"2020-02-13T21:00:24","modified_gmt":"2020-02-13T21:00:24","slug":"g-suite-for-education","status":"publish","type":"page","link":"https:\/\/blogsaverroes.juntadeandalucia.es\/ceipsanfernandocordoba\/g-suite-for-education\/","title":{"rendered":"G Suite for Education"},"content":{"rendered":"<h1 class=\"h-c-headline h-c-headline--three h-u-font-weight-light\"><img loading=\"lazy\" decoding=\"async\" class=\"alignnone wp-image-2809 size-full\" src=\"https:\/\/blogsaverroes.juntadeandalucia.es\/ceipsanfernandocordoba\/files\/2019\/10\/Gsuite1.jpg\" alt=\"\" width=\"1187\" height=\"360\" srcset=\"https:\/\/blogsaverroes.juntadeandalucia.es\/ceipsanfernandocordoba\/files\/2019\/10\/Gsuite1.jpg 1187w, https:\/\/blogsaverroes.juntadeandalucia.es\/ceipsanfernandocordoba\/files\/2019\/10\/Gsuite1-300x91.jpg 300w, https:\/\/blogsaverroes.juntadeandalucia.es\/ceipsanfernandocordoba\/files\/2019\/10\/Gsuite1-768x233.jpg 768w, https:\/\/blogsaverroes.juntadeandalucia.es\/ceipsanfernandocordoba\/files\/2019\/10\/Gsuite1-1024x311.jpg 1024w, https:\/\/blogsaverroes.juntadeandalucia.es\/ceipsanfernandocordoba\/files\/2019\/10\/Gsuite1-700x212.jpg 700w, https:\/\/blogsaverroes.juntadeandalucia.es\/ceipsanfernandocordoba\/files\/2019\/10\/Gsuite1-24x7.jpg 24w, https:\/\/blogsaverroes.juntadeandalucia.es\/ceipsanfernandocordoba\/files\/2019\/10\/Gsuite1-36x11.jpg 36w, https:\/\/blogsaverroes.juntadeandalucia.es\/ceipsanfernandocordoba\/files\/2019\/10\/Gsuite1-48x15.jpg 48w\" sizes=\"(max-width: 1187px) 100vw, 1187px\" \/><\/h1>\n<p><em>Google describe los servicios de G Suite para conocimiento de toda la comunidad educativa de la siguiente manera <span style=\"color: #999999\">(se expone un extracto, pero para saber m\u00e1s, cliquea en los enlaces)<\/span>:<\/em><\/p>\n<p><em><a href=\"https:\/\/support.google.com\/a\/answer\/139019?hl=es\" target=\"_blank\" rel=\"noopener noreferrer\"><span style=\"color: #3366ff\">\u00bfQu\u00e9 es G&nbsp;Suite para Centros Educativos?<\/span><\/a><\/em><\/p>\n<blockquote><p>G&nbsp;Suite para Centros Educativos es una soluci\u00f3n integrada de comunicaci\u00f3n y de colaboraci\u00f3n que Google ofrece a los centros educativos y que incluye herramientas alojadas de correo electr\u00f3nico, calendario y chat, adem\u00e1s de&nbsp;<a href=\"https:\/\/support.google.com\/a\/answer\/181865?hl=es\"><span style=\"color: #3366ff\">diversos servicios de Google<\/span><\/a>&nbsp;que se pueden a\u00f1adir.<\/p>\n<p>Para obtener informaci\u00f3n sobre las herramientas principales de G&nbsp;Suite para Centros Educativos, consulta la p\u00e1gina&nbsp;de&nbsp;<span style=\"color: #3366ff\"><a style=\"color: #3366ff\" href=\"http:\/\/www.google.com\/enterprise\/apps\/education\/products.html\">G&nbsp;Suite para centros de ense\u00f1anza primaria y<\/a><a style=\"color: #3366ff\" href=\"http:\/\/www.google.com\/enterprise\/apps\/education\/products.html\">&nbsp;secundaria<\/a>.<\/span><\/p><\/blockquote>\n<p><em><a href=\"https:\/\/edu.google.com\/intl\/es-419_ALL\/products\/gsuite-for-education\/?modal_active=none\" target=\"_blank\" rel=\"noopener noreferrer\"><span style=\"color: #3366ff\">Caracter\u00edsticas <span style=\"color: #999999\">(pincha aqu\u00ed para ver todas las caracter\u00edsticas).<\/span><\/span><\/a><\/em><\/p>\n<p><em><span style=\"color: #3366ff\"><a class=\"zippy index9 goog-zippy-expanded\" style=\"color: #3366ff\">\u00bfHay anuncios en G&nbsp;Suite?<\/a><\/span><\/em><\/p>\n<blockquote><p>En los dominios de instituciones educativas, no se muestran anuncios cuando se est\u00e1n utilizando&nbsp;<span style=\"color: #3366ff\"><a style=\"color: #3366ff\" href=\"http:\/\/www.google.com\/apps\/intl\/en\/terms\/user_features.html\">servicios<\/a><\/span>&nbsp;de G&nbsp;Suite para Centros Educativos.&nbsp;Los usuarios de centros de ense\u00f1anza primaria y secundaria no ver\u00e1n anuncios cuando utilicen la B\u00fasqueda de Google si han iniciado sesi\u00f3n con su cuenta de G&nbsp;Suite para Centros Educativos.<\/p><\/blockquote>\n<p><em><span style=\"color: #3366ff\">\u00bfQu\u00e9 tiempo de funcionamiento se ofrece en lo que respecta a los servicios de G&nbsp;Suite?<\/span><\/em><\/p>\n<blockquote><p>Ofrecemos un tiempo de funcionamiento garantizado del 99,9&nbsp;% en Google Sites, Gmail, Calendar, Hangouts y Drive. El equipo de G&nbsp;Suite se compromete a ofrecer a tu centro educativo el mejor nivel de servicio posible. Para obtener m\u00e1s informaci\u00f3n, consulta el&nbsp;<a href=\"http:\/\/www.google.com\/apps\/intl\/en\/terms\/sla.html\"><span style=\"color: #3366ff\">acuerdo de nivel de servicio de G&nbsp;Suite<\/span><\/a>.<\/p><\/blockquote>\n<p><em><span style=\"color: #3366ff\">\u00bfQu\u00e9 tipo de an\u00e1lisis o indexaci\u00f3n de los datos de usuario se realiza en las cuentas de G Suite para Centros Educativos?<\/span><\/em><\/p>\n<blockquote><p>Los<span style=\"color: #3366ff\"><a style=\"color: #3366ff\" href=\"http:\/\/www.google.com\/apps\/intl\/en\/terms\/user_features.html\">servicios<\/a><\/span>de G&nbsp;Suite para Centros Educativos no recogen ni utilizan datos de los alumnos con fines publicitarios ni para crear perfiles de anuncios.<\/p>\n<p>Los usuarios de cuentas personales de Gmail y de G&nbsp;Suite para Centros Educativos utilizan la misma infraestructura, lo que nos ayuda a ofrecer un alto rendimiento, fiabilidad y seguridad a todos nuestros usuarios. No obstante, G&nbsp;Suite es una oferta independiente que proporciona m\u00e1s controles de&nbsp;<a href=\"http:\/\/googleenterprise.blogspot.com\/2013\/12\/keeping-you-safe-in-2013.html\" target=\"_blank\" rel=\"noopener noreferrer\"><span style=\"color: #3366ff\">seguridad<\/span><\/a><span style=\"color: #3366ff\">,&nbsp;<a style=\"color: #3366ff\" href=\"https:\/\/support.google.com\/a\/topic\/2413312?hl=es\">administraci\u00f3n<\/a>&nbsp;y&nbsp;<a style=\"color: #3366ff\" href=\"http:\/\/googleappsupdates.blogspot.com\/2015\/01\/google-apps-vault-added-to-all-google.html\" target=\"_blank\" rel=\"noopener noreferrer\">archivo<\/a><\/span>&nbsp;a clientes del sector educativo, empresas y organismos gubernamentales.<\/p>\n<p>Al igual que muchos proveedores de correo electr\u00f3nico, analizamos Gmail para proteger la seguridad de los usuarios y mejorar su experiencia con nuestro producto. En este an\u00e1lisis se incluye protecci\u00f3n contra virus y spam, revisi\u00f3n ortogr\u00e1fica, resultados de b\u00fasqueda relevantes, y funciones como Prioritarios y detecci\u00f3n autom\u00e1tica de eventos del calendario. El an\u00e1lisis se realiza en todos los correos electr\u00f3nicos entrantes y es completamente autom\u00e1tico. No analizamos los correos electr\u00f3nicos de G&nbsp;Suite para Centros Educativos con fines publicitarios.<\/p><\/blockquote>\n<p><span style=\"color: #3366ff\">\u00bfQu\u00e9 nivel de seguridad ofrece G&nbsp;Suite?<\/span><\/p>\n<blockquote><p>Dos de las cuestiones m\u00e1s importantes para los clientes de Google en general, y de G&nbsp;Suite en particular, son la seguridad y la privacidad. Se trata de dos asuntos que nos tomamos muy en serio y consideramos que los productos y servicios que ofrecemos son una excelente opci\u00f3n en este sentido.<\/p>\n<p>Nuestra empresa no existir\u00eda si no fuera por la confianza de nuestros usuarios: conf\u00edan en nuestra capacidad para proteger sus datos adecuadamente y en nuestro compromiso de respetar la privacidad de la informaci\u00f3n que depositan en nuestros sistemas, sin proporcionarla a otros usuarios y sin hacer un uso inadecuado de ella.<\/p>\n<p>Para obtener m\u00e1s informaci\u00f3n, consulta el art\u00edculo&nbsp;<a href=\"https:\/\/support.google.com\/a\/answer\/60762?hl=es\"><span style=\"color: #3366ff\">C\u00f3mo protege Google la seguridad y la privacidad de tu organizaci\u00f3n<\/span><\/a>&nbsp;del Centro de Ayuda y nuestra<span style=\"color: #3366ff\"> <a style=\"color: #3366ff\" href=\"https:\/\/www.google.com\/policies\/privacy\" target=\"_blank\" rel=\"noopener noreferrer\">pol\u00edtica de privacidad<\/a>.<\/span><\/p><\/blockquote>\n<p><em><span style=\"color: #3366ff\">\u00bfSe puede utilizar G&nbsp;Suite para Centros Educativos conforme a la ley de protecci\u00f3n de la privacidad infantil online de EE. UU. (Children\u2019s Online Privacy Protection Act, COPPA) de 1998?<\/span><\/em><\/p>\n<blockquote><p>S\u00ed, exigimos contractualmente que las instituciones educativas que usan G&nbsp;Suite para Centros Educativos obtengan el consentimiento parental seg\u00fan se requiere en la&nbsp;<a href=\"http:\/\/www.coppa.org\/\" target=\"_blank\" rel=\"noopener noreferrer\">COPPA<\/a>. Nuestros servicios se pueden utilizar conforme a esta ley siempre que el centro educativo obtenga el consentimiento parental.<\/p><\/blockquote>\n<h4>Recursos que las familias deben conocer para dar su consentimiento<\/h4>\n<p>Con objeto que las familias est\u00e9is informadas a la hora de dar vuestro cosentimiento, Google pone a vuestra disposici\u00f3n los siguientes recursos:<\/p>\n<ul>\n<li><em>En nuestro&nbsp;<a href=\"https:\/\/www.google.com\/work\/apps\/terms\/education_privacy.html\" target=\"_blank\" rel=\"noopener noreferrer\"><span style=\"color: #3366ff\">aviso de privacidad de G&nbsp;Suite para Centros Educativos<\/span><\/a>, se describe la forma en que los productos y servicios de Google recaban y utilizan la informaci\u00f3n cuando se usan con cuentas de G&nbsp;Suite para Centros Educativos.&nbsp;&nbsp;<\/em><\/li>\n<li><em>En nuestro Centro de Ayuda, puedes consultar los&nbsp;<a href=\"https:\/\/support.google.com\/a\/answer\/6356441\"><span style=\"color: #3366ff\">compromisos jur\u00eddicos de Google respecto a los servicios principales y adicionales de G&nbsp;Suite para Centros Educativos<\/span><\/a>.<\/em><\/li>\n<li><em>En la&nbsp;<a href=\"https:\/\/www.google.com\/intl\/es\/policies\/technologies\/product-privacy\/\" target=\"_blank\" rel=\"noopener noreferrer\"><span style=\"color: #3366ff\">Gu\u00eda sobre privacidad en los productos de Google<\/span><\/a>&nbsp;se describen los mecanismos de protecci\u00f3n de la privacidad utilizados en nuestros productos,<\/em><br \/>\n<em>que tambi\u00e9n se explican en&nbsp;<a href=\"https:\/\/privacy.google.com\/\" target=\"_blank\" rel=\"noopener noreferrer\"><span style=\"color: #3366ff\">privacy.google.com<\/span><\/a>. Google no utiliza informaci\u00f3n personal (ni informaci\u00f3n asociada a una cuenta de G&nbsp;Suite para Centros Educativos) para orientar anuncios a los usuarios de este servicio de los centros de ense\u00f1anza primaria y secundaria. Asimismo, la restricci\u00f3n de nuestro&nbsp;<a href=\"https:\/\/gsuite.google.com\/terms\/education_privacy.html\" target=\"_blank\" rel=\"noopener noreferrer\"><span style=\"color: #3366ff\">aviso de privacidad<\/span><\/a><span style=\"color: #3366ff\">&nbsp;<\/span>primar\u00e1 sobre cualquier declaraci\u00f3n acerca de los anuncios en esas p\u00e1ginas.<\/em><\/li>\n<li><em>La informaci\u00f3n sobre el cumplimiento de Google con las obligaciones legales internacionales relativas a la protecci\u00f3n de datos se puede leer en la&nbsp;<a href=\"https:\/\/gsuite.google.com\/terms\/dpa_terms.html\"><span style=\"color: #3366ff\">adenda sobre tratamiento de datos del acuerdo de G&nbsp;Suite o de producto complementario<\/span><\/a>, donde se describen las exhaustivas medidas para proteger la seguridad de los datos que Google y sus clientes han acordado.<\/em><\/li>\n<li><em>En la&nbsp;<a href=\"https:\/\/edu.google.com\/intl\/es-419_mx\/trust\/\" target=\"_blank\" rel=\"noopener noreferrer\"><span style=\"color: #3366ff\">p\u00e1gina de informaci\u00f3n sobre privacidad y seguridad de Google for Education<\/span><\/a>, encontrar\u00e1s las respuestas a las preguntas m\u00e1s frecuentes sobre estos temas.&nbsp;<\/em><\/li>\n<li><em>Los padres pueden visitar&nbsp;<a href=\"https:\/\/myaccount.google.com\/\" target=\"_blank\" rel=\"noopener noreferrer\"><span style=\"color: #3366ff\">myaccount.google.com<\/span><\/a>&nbsp;cuando hayan iniciado sesi\u00f3n en la cuenta de G&nbsp;Suite para Centros Educativos de sus hijos para ver y gestionar la informaci\u00f3n personal y la configuraci\u00f3n de la cuenta.<\/em><\/li>\n<\/ul>\n<p><a href=\"https:\/\/gsuite.google.es\/learning-center\/\"><em><span style=\"color: #3366ff\">Centro de aprendizaje<\/span><\/em><\/a><\/p>\n<p><em><span style=\"color: #3366ff\"><a style=\"color: #3366ff\" href=\"https:\/\/www.google.com\/intl\/es\/safetycenter\/families\/start\/\" target=\"_blank\" rel=\"noopener noreferrer\">Centro de Seguridad<\/a><\/span><\/em><\/p>\n<p><em><span style=\"color: #3366ff\"><a style=\"color: #3366ff\" href=\"https:\/\/www.google.com\/intl\/es\/safetycenter\/resources\/\" target=\"_blank\" rel=\"noopener noreferrer\">Recursos<\/a><\/span><\/em><\/p>\n<p><em><span style=\"color: #3366ff\"><a style=\"color: #3366ff\" href=\"https:\/\/gsuite.google.com\/intl\/es\/terms\/education_terms.html\">Acuerdo con Google para utilizar G Suite for Education<\/a><\/span><\/em><\/p>\n<p><em><span style=\"color: #3366ff\"><a style=\"color: #3366ff\" href=\"https:\/\/blogsaverroes.juntadeandalucia.es\/ceipsanfernandocordoba\/politicas-de-uso-de-g-suite-for-education\/\">Pol\u00edticas de uso de G suite for Education<\/a><\/span><\/em><\/p>\n<p><a href=\"https:\/\/blogsaverroes.juntadeandalucia.es\/ceipsanfernandocordoba\/files\/2019\/10\/AceptacionPoliticasUsoGSUITE.pdf\" target=\"_blank\" rel=\"noopener noreferrer\"><em><span style=\"color: #3366ff\">Aceptaci\u00f3n Pol\u00edticas de uso G Suite<\/span><\/em><\/a><\/p>\n<p><span style=\"color: #ff0000\"><em><strong><span style=\"color: #ff0000\">\u00bfC\u00f3mo acceder<\/span> <span style=\"color: #ff0000\">a<\/span> <span style=\"color: #ff0000\">la cuenta de correo?<\/span><\/strong><\/em><\/span><\/p>\n<p><span style=\"color: #ff0000\">A las cuentas de correo de nuestro dominio @colesanfernando.es se accede como si de una cuenta de Gmail se tratara.<\/span><\/p>\n<p><strong>Para saber m\u00e1s&#8230;<\/strong><\/p>\n<p style=\"padding-left: 40px\"><a href=\"https:\/\/www.youtube.com\/watch?v=JQ94DMXPKf0\" target=\"_blank\" rel=\"noopener noreferrer\"><em><span style=\"color: #3366ff\">Ideas para profes.<\/span><\/em><\/a><\/p>\n","protected":false},"excerpt":{"rendered":"<p>Google describe los servicios de G Suite para conocimiento de toda la comunidad educativa de la siguiente manera (se expone un extracto, pero para saber m\u00e1s, cliquea en los enlaces): \u00bfQu\u00e9 es G&nbsp;Suite para&#46;&#46;&#46;<\/p>\n","protected":false},"author":7337,"featured_media":0,"parent":0,"menu_order":0,"comment_status":"closed","ping_status":"closed","template":"","meta":{"ngg_post_thumbnail":0,"footnotes":"","_mc_calendar":[]},"aioseo_notices":[],"_links":{"self":[{"href":"https:\/\/blogsaverroes.juntadeandalucia.es\/ceipsanfernandocordoba\/wp-json\/wp\/v2\/pages\/2808"}],"collection":[{"href":"https:\/\/blogsaverroes.juntadeandalucia.es\/ceipsanfernandocordoba\/wp-json\/wp\/v2\/pages"}],"about":[{"href":"https:\/\/blogsaverroes.juntadeandalucia.es\/ceipsanfernandocordoba\/wp-json\/wp\/v2\/types\/page"}],"author":[{"embeddable":true,"href":"https:\/\/blogsaverroes.juntadeandalucia.es\/ceipsanfernandocordoba\/wp-json\/wp\/v2\/users\/7337"}],"replies":[{"embeddable":true,"href":"https:\/\/blogsaverroes.juntadeandalucia.es\/ceipsanfernandocordoba\/wp-json\/wp\/v2\/comments?post=2808"}],"version-history":[{"count":17,"href":"https:\/\/blogsaverroes.juntadeandalucia.es\/ceipsanfernandocordoba\/wp-json\/wp\/v2\/pages\/2808\/revisions"}],"predecessor-version":[{"id":2997,"href":"https:\/\/blogsaverroes.juntadeandalucia.es\/ceipsanfernandocordoba\/wp-json\/wp\/v2\/pages\/2808\/revisions\/2997"}],"wp:attachment":[{"href":"https:\/\/blogsaverroes.juntadeandalucia.es\/ceipsanfernandocordoba\/wp-json\/wp\/v2\/media?parent=2808"}],"curies":[{"name":"wp","href":"https:\/\/api.w.org\/{rel}","templated":true}]}}